{"id":639,"date":"2019-07-08T08:26:22","date_gmt":"2019-07-08T08:26:22","guid":{"rendered":"http:\/\/demo.dithemes.com\/di-restaurant\/?post_type=product&#038;p=639"},"modified":"2024-04-09T15:39:28","modified_gmt":"2024-04-09T15:39:28","slug":"toston-verde","status":"publish","type":"product","link":"https:\/\/sanjosedepuembo.com\/guestservice\/producto\/toston-verde\/","title":{"rendered":"Tost\u00f3n de verde con camarones \/ Fried green plantain patty with shrimps"},"content":{"rendered":"<h1>Sobre un crocante tost\u00f3n de pl\u00e1tano verde colocamos camarones encocados, servidos con alioli de aguacate y la tradicional salprieta a base de ma\u00edz y man\u00ed.<\/h1>\n<p><strong>CONTIENE:<\/strong> LECHE, COCO, MAN\u00cd, CAMARONES.<\/p>\n<p>&nbsp;<\/p>\n<h1><em>We place shrimps with coconut sauce on top of green plantain patty. We served it with an avocado aioli and the traditional \u201csalprieta\u201d.<\/em><\/h1>\n<p><em><strong>CONTAINS:<\/strong> MILK, COCONUT, PEANUT, SHRIMPS.<\/em><\/p>\n<p>&nbsp;<\/p>\n","protected":false},"excerpt":{"rendered":"<p>Sobre un crocante tost\u00f3n de pl\u00e1tano verde colocamos camarones encocados, servidos con alioli de aguacate y la tradicional salprieta a base de ma\u00edz y man\u00ed. CONTIENE: LECHE, COCO, MAN\u00cd, CAMARONES. &nbsp; We place shrimps with coconut sauce on top of&#8230; <\/p>\n<div class=\"readmore-section\"><a class=\"readmore-btn\" href=\"https:\/\/sanjosedepuembo.com\/guestservice\/producto\/toston-verde\/\">Seguir leyendo <i class=\"fa fa-arrow-right\"><\/i><\/a><\/div>\n","protected":false},"featured_media":1255,"template":"","meta":{"nf_dc_page":""},"product_brand":[],"product_cat":[86,28,66],"product_tag":[],"class_list":{"0":"post-639","1":"product","2":"type-product","3":"status-publish","4":"has-post-thumbnail","6":"product_cat-entradasgeneral","7":"product_cat-entradasyensaladas","8":"product_cat-entradasyensaladasrs","10":"first","11":"instock","12":"shipping-taxable","13":"purchasable","14":"product-type-simple"},"_links":{"self":[{"href":"https:\/\/sanjosedepuembo.com\/guestservice\/wp-json\/wp\/v2\/product\/639","targetHints":{"allow":["GET"]}}],"collection":[{"href":"https:\/\/sanjosedepuembo.com\/guestservice\/wp-json\/wp\/v2\/product"}],"about":[{"href":"https:\/\/sanjosedepuembo.com\/guestservice\/wp-json\/wp\/v2\/types\/product"}],"wp:featuredmedia":[{"embeddable":true,"href":"https:\/\/sanjosedepuembo.com\/guestservice\/wp-json\/wp\/v2\/media\/1255"}],"wp:attachment":[{"href":"https:\/\/sanjosedepuembo.com\/guestservice\/wp-json\/wp\/v2\/media?parent=639"}],"wp:term":[{"taxonomy":"product_brand","embeddable":true,"href":"https:\/\/sanjosedepuembo.com\/guestservice\/wp-json\/wp\/v2\/product_brand?post=639"},{"taxonomy":"product_cat","embeddable":true,"href":"https:\/\/sanjosedepuembo.com\/guestservice\/wp-json\/wp\/v2\/product_cat?post=639"},{"taxonomy":"product_tag","embeddable":true,"href":"https:\/\/sanjosedepuembo.com\/guestservice\/wp-json\/wp\/v2\/product_tag?post=639"}],"curies":[{"name":"wp","href":"https:\/\/api.w.org\/{rel}","templated":true}]}}