{"id":634,"date":"2019-07-08T08:22:23","date_gmt":"2019-07-08T08:22:23","guid":{"rendered":"http:\/\/demo.dithemes.com\/di-restaurant\/?post_type=product&#038;p=634"},"modified":"2024-04-09T15:39:42","modified_gmt":"2024-04-09T15:39:42","slug":"canelon-camaron","status":"publish","type":"product","link":"https:\/\/sanjosedepuembo.com\/guestservice\/producto\/canelon-camaron\/","title":{"rendered":"Canel\u00f3n de camar\u00f3n y aguacate \/ Shrimp and avocado cannelloni"},"content":{"rendered":"<h1>Preparamos un tartar de camarones y ceboll\u00edn, a esto se lo envuelve con l\u00e1minas finas de aguacate, servido sobre crocante ensalada de quinua tricolor y emulsi\u00f3n de maracuy\u00e1.<\/h1>\n<p><strong>CONTIENE:<\/strong> CAMARONES<\/p>\n<p>&nbsp;<\/p>\n<h1><em>We prepare shrimp tartar with chives, wrapped in thin slices of avocado, served on crispy tri-color quinoa salad with a passion fruit emulsion.<\/em><\/h1>\n<p><em><strong>CONTAINS:<\/strong> SHRIMP<\/em><\/p>\n","protected":false},"excerpt":{"rendered":"<p>Preparamos un tartar de camarones y ceboll\u00edn, a esto se lo envuelve con l\u00e1minas finas de aguacate, servido sobre crocante ensalada de quinua tricolor y emulsi\u00f3n de maracuy\u00e1. CONTIENE: CAMARONES &nbsp; We prepare shrimp tartar with chives, wrapped in thin&#8230; <\/p>\n<div class=\"readmore-section\"><a class=\"readmore-btn\" href=\"https:\/\/sanjosedepuembo.com\/guestservice\/producto\/canelon-camaron\/\">Seguir leyendo <i class=\"fa fa-arrow-right\"><\/i><\/a><\/div>\n","protected":false},"featured_media":1256,"template":"","meta":{"nf_dc_page":""},"product_brand":[],"product_cat":[86,28,66],"product_tag":[],"class_list":{"0":"post-634","1":"product","2":"type-product","3":"status-publish","4":"has-post-thumbnail","6":"product_cat-entradasgeneral","7":"product_cat-entradasyensaladas","8":"product_cat-entradasyensaladasrs","10":"first","11":"instock","12":"shipping-taxable","13":"purchasable","14":"product-type-simple"},"_links":{"self":[{"href":"https:\/\/sanjosedepuembo.com\/guestservice\/wp-json\/wp\/v2\/product\/634","targetHints":{"allow":["GET"]}}],"collection":[{"href":"https:\/\/sanjosedepuembo.com\/guestservice\/wp-json\/wp\/v2\/product"}],"about":[{"href":"https:\/\/sanjosedepuembo.com\/guestservice\/wp-json\/wp\/v2\/types\/product"}],"wp:featuredmedia":[{"embeddable":true,"href":"https:\/\/sanjosedepuembo.com\/guestservice\/wp-json\/wp\/v2\/media\/1256"}],"wp:attachment":[{"href":"https:\/\/sanjosedepuembo.com\/guestservice\/wp-json\/wp\/v2\/media?parent=634"}],"wp:term":[{"taxonomy":"product_brand","embeddable":true,"href":"https:\/\/sanjosedepuembo.com\/guestservice\/wp-json\/wp\/v2\/product_brand?post=634"},{"taxonomy":"product_cat","embeddable":true,"href":"https:\/\/sanjosedepuembo.com\/guestservice\/wp-json\/wp\/v2\/product_cat?post=634"},{"taxonomy":"product_tag","embeddable":true,"href":"https:\/\/sanjosedepuembo.com\/guestservice\/wp-json\/wp\/v2\/product_tag?post=634"}],"curies":[{"name":"wp","href":"https:\/\/api.w.org\/{rel}","templated":true}]}}