{"id":632,"date":"2019-07-08T08:17:46","date_gmt":"2019-07-08T08:17:46","guid":{"rendered":"http:\/\/demo.dithemes.com\/di-restaurant\/?post_type=product&#038;p=632"},"modified":"2024-04-09T15:40:28","modified_gmt":"2024-04-09T15:40:28","slug":"morocho","status":"publish","type":"product","link":"https:\/\/sanjosedepuembo.com\/guestservice\/producto\/morocho\/","title":{"rendered":"Empanadas de Morocho \/ Morocho Corn Empanada"},"content":{"rendered":"<h1><strong>\u00a1Crujientes y doraditas las de morochooooo!<\/strong> rellenas con carne molida magra y acompa\u00f1adas del tradicional aj\u00ed de man\u00ed.<\/h1>\n<ul>\n<li>CONTIENE: MAN\u00cd (SALSA DE AJ\u00cd).<\/li>\n<\/ul>\n<p>&nbsp;<\/p>\n<h1><em>Golden-brown and crispy empanadas made with <strong>\u201cmorocho\u201d<\/strong> corn, stuffed with ground beef and served with a spicy peanut hot sauce.<\/em><\/h1>\n<ul>\n<li><em>CONTAINS: PEANUT (HOT SAUCE).<\/em><\/li>\n<\/ul>\n<p>&nbsp;<\/p>\n<p>2 empanadas <strong>$ 4.05<\/strong><\/p>\n<p>6 empanadas \u00a0<strong>$ 8.15<\/strong><\/p>\n","protected":false},"excerpt":{"rendered":"<p>\u00a1Crujientes y doraditas las de morochooooo! rellenas con carne molida magra y acompa\u00f1adas del tradicional aj\u00ed de man\u00ed. CONTIENE: MAN\u00cd (SALSA DE AJ\u00cd). &nbsp; Golden-brown and crispy empanadas made with \u201cmorocho\u201d corn, stuffed with ground beef and served with a&#8230; <\/p>\n<div class=\"readmore-section\"><a class=\"readmore-btn\" href=\"https:\/\/sanjosedepuembo.com\/guestservice\/producto\/morocho\/\">Seguir leyendo <i class=\"fa fa-arrow-right\"><\/i><\/a><\/div>\n","protected":false},"featured_media":1090,"template":"","meta":{"nf_dc_page":""},"product_brand":[],"product_cat":[40,65,86],"product_tag":[],"class_list":{"0":"post-632","1":"product","2":"type-product","3":"status-publish","4":"has-post-thumbnail","6":"product_cat-aperitivos","7":"product_cat-aperitivosrs","8":"product_cat-entradasgeneral","10":"first","11":"instock","12":"shipping-taxable","13":"purchasable","14":"product-type-simple"},"_links":{"self":[{"href":"https:\/\/sanjosedepuembo.com\/guestservice\/wp-json\/wp\/v2\/product\/632","targetHints":{"allow":["GET"]}}],"collection":[{"href":"https:\/\/sanjosedepuembo.com\/guestservice\/wp-json\/wp\/v2\/product"}],"about":[{"href":"https:\/\/sanjosedepuembo.com\/guestservice\/wp-json\/wp\/v2\/types\/product"}],"wp:featuredmedia":[{"embeddable":true,"href":"https:\/\/sanjosedepuembo.com\/guestservice\/wp-json\/wp\/v2\/media\/1090"}],"wp:attachment":[{"href":"https:\/\/sanjosedepuembo.com\/guestservice\/wp-json\/wp\/v2\/media?parent=632"}],"wp:term":[{"taxonomy":"product_brand","embeddable":true,"href":"https:\/\/sanjosedepuembo.com\/guestservice\/wp-json\/wp\/v2\/product_brand?post=632"},{"taxonomy":"product_cat","embeddable":true,"href":"https:\/\/sanjosedepuembo.com\/guestservice\/wp-json\/wp\/v2\/product_cat?post=632"},{"taxonomy":"product_tag","embeddable":true,"href":"https:\/\/sanjosedepuembo.com\/guestservice\/wp-json\/wp\/v2\/product_tag?post=632"}],"curies":[{"name":"wp","href":"https:\/\/api.w.org\/{rel}","templated":true}]}}