{"id":631,"date":"2019-07-08T08:16:29","date_gmt":"2019-07-08T08:16:29","guid":{"rendered":"http:\/\/demo.dithemes.com\/di-restaurant\/?post_type=product&#038;p=631"},"modified":"2024-04-09T15:41:14","modified_gmt":"2024-04-09T15:41:14","slug":"ensalada-burrata","status":"publish","type":"product","link":"https:\/\/sanjosedepuembo.com\/guestservice\/producto\/ensalada-burrata\/","title":{"rendered":"Ensalada De Burrata \/ Burrata Salad"},"content":{"rendered":"<h1><span style=\"color: #000000;\">Ensalada mediterr\u00e1nea, una combinaci\u00f3n de r\u00facula fresca, queso tipo Burrata, rodajas tomate pera y jam\u00f3n serrano, va aderezada con vinagre bals\u00e1mico.<\/span><\/h1>\n<p><span style=\"color: #000000;\"><strong>CONTIENE:<\/strong> LECHE<\/span><\/p>\n<h1><span style=\"color: #000000;\"><em>Mediterranean-style salad, a combination of fresh arugula, Burrata cheese, plum tomatoes, Serrano ham and seasoned with balsamic vinegar.<\/em><\/span><\/h1>\n<p><span style=\"color: #000000;\"><em><strong>CONTAINS:<\/strong> MILK<\/em><\/span><\/p>\n<p>&nbsp;<\/p>\n<p>&nbsp;<\/p>\n","protected":false},"excerpt":{"rendered":"<p>Ensalada mediterr\u00e1nea, una combinaci\u00f3n de r\u00facula fresca, queso tipo Burrata, rodajas tomate pera y jam\u00f3n serrano, va aderezada con vinagre bals\u00e1mico. CONTIENE: LECHE Mediterranean-style salad, a combination of fresh arugula, Burrata cheese, plum tomatoes, Serrano ham and seasoned with balsamic&#8230; <\/p>\n<div class=\"readmore-section\"><a class=\"readmore-btn\" href=\"https:\/\/sanjosedepuembo.com\/guestservice\/producto\/ensalada-burrata\/\">Seguir leyendo <i class=\"fa fa-arrow-right\"><\/i><\/a><\/div>\n","protected":false},"featured_media":1389,"template":"","meta":{"nf_dc_page":""},"product_brand":[],"product_cat":[15],"product_tag":[],"class_list":{"0":"post-631","1":"product","2":"type-product","3":"status-publish","4":"has-post-thumbnail","6":"product_cat-uncategorized","8":"first","9":"outofstock","10":"shipping-taxable","11":"product-type-simple"},"_links":{"self":[{"href":"https:\/\/sanjosedepuembo.com\/guestservice\/wp-json\/wp\/v2\/product\/631","targetHints":{"allow":["GET"]}}],"collection":[{"href":"https:\/\/sanjosedepuembo.com\/guestservice\/wp-json\/wp\/v2\/product"}],"about":[{"href":"https:\/\/sanjosedepuembo.com\/guestservice\/wp-json\/wp\/v2\/types\/product"}],"wp:featuredmedia":[{"embeddable":true,"href":"https:\/\/sanjosedepuembo.com\/guestservice\/wp-json\/wp\/v2\/media\/1389"}],"wp:attachment":[{"href":"https:\/\/sanjosedepuembo.com\/guestservice\/wp-json\/wp\/v2\/media?parent=631"}],"wp:term":[{"taxonomy":"product_brand","embeddable":true,"href":"https:\/\/sanjosedepuembo.com\/guestservice\/wp-json\/wp\/v2\/product_brand?post=631"},{"taxonomy":"product_cat","embeddable":true,"href":"https:\/\/sanjosedepuembo.com\/guestservice\/wp-json\/wp\/v2\/product_cat?post=631"},{"taxonomy":"product_tag","embeddable":true,"href":"https:\/\/sanjosedepuembo.com\/guestservice\/wp-json\/wp\/v2\/product_tag?post=631"}],"curies":[{"name":"wp","href":"https:\/\/api.w.org\/{rel}","templated":true}]}}