{"id":630,"date":"2019-07-08T08:15:40","date_gmt":"2019-07-08T08:15:40","guid":{"rendered":"http:\/\/demo.dithemes.com\/di-restaurant\/?post_type=product&#038;p=630"},"modified":"2024-04-09T15:42:03","modified_gmt":"2024-04-09T15:42:03","slug":"ensalada-cesar","status":"publish","type":"product","link":"https:\/\/sanjosedepuembo.com\/guestservice\/producto\/ensalada-cesar\/","title":{"rendered":"Ensalada Cesar \/ Caesar Salad"},"content":{"rendered":"<h1><span style=\"color: #000000;\">La tradicional ensalada italiana. Lechuga romana, tocino, crotones de pan, queso parmesano. La acompa\u00f1amos con el tradicional aderezo C\u00e9sar de anchoas.<\/span><\/h1>\n<p><span style=\"color: #000000;\"><strong>CONTIENE:<\/strong> LECHE, HUEVOS, ANCHOAS (SALSA C\u00c9SAR), GLUTEN (TRIGO), CAMARONES, MOSTAZA<\/span><\/p>\n<h1><span style=\"color: #000000;\"><em>The traditional Italian salad. Romaine lettuce, bacon, croutons, Parmesan cheese. Served with the traditional anchovy dressing.<\/em><\/span><\/h1>\n<p><span style=\"color: #000000;\"><em><strong>CONTAINS:<\/strong> MILK, EGGS, ANCHOVY (CAESAR SAUCE), GLUTEN (WHEAT), SHRIMP, MUSTARD<\/em><\/span><\/p>\n<ul>\n<li><span style=\"color: #000000;\">Con l\u00e1minas de pechuga de pollo al grill. \/ With sliced grilled chicken <strong>$13.27<\/strong><\/span><\/li>\n<li><span style=\"color: #000000;\">Con camarones salteados. \/ With saut\u00e9ed shrimp <strong>$14.29<\/strong><\/span><\/li>\n<\/ul>\n<p>&nbsp;<\/p>\n","protected":false},"excerpt":{"rendered":"<p>La tradicional ensalada italiana. Lechuga romana, tocino, crotones de pan, queso parmesano. La acompa\u00f1amos con el tradicional aderezo C\u00e9sar de anchoas. CONTIENE: LECHE, HUEVOS, ANCHOAS (SALSA C\u00c9SAR), GLUTEN (TRIGO), CAMARONES, MOSTAZA The traditional Italian salad. Romaine lettuce, bacon, croutons, Parmesan&#8230; <\/p>\n<div class=\"readmore-section\"><a class=\"readmore-btn\" href=\"https:\/\/sanjosedepuembo.com\/guestservice\/producto\/ensalada-cesar\/\">Seguir leyendo <i class=\"fa fa-arrow-right\"><\/i><\/a><\/div>\n","protected":false},"featured_media":1390,"template":"","meta":{"nf_dc_page":""},"product_brand":[],"product_cat":[86,28,66],"product_tag":[],"class_list":{"0":"post-630","1":"product","2":"type-product","3":"status-publish","4":"has-post-thumbnail","6":"product_cat-entradasgeneral","7":"product_cat-entradasyensaladas","8":"product_cat-entradasyensaladasrs","10":"first","11":"instock","12":"shipping-taxable","13":"purchasable","14":"product-type-simple"},"_links":{"self":[{"href":"https:\/\/sanjosedepuembo.com\/guestservice\/wp-json\/wp\/v2\/product\/630","targetHints":{"allow":["GET"]}}],"collection":[{"href":"https:\/\/sanjosedepuembo.com\/guestservice\/wp-json\/wp\/v2\/product"}],"about":[{"href":"https:\/\/sanjosedepuembo.com\/guestservice\/wp-json\/wp\/v2\/types\/product"}],"wp:featuredmedia":[{"embeddable":true,"href":"https:\/\/sanjosedepuembo.com\/guestservice\/wp-json\/wp\/v2\/media\/1390"}],"wp:attachment":[{"href":"https:\/\/sanjosedepuembo.com\/guestservice\/wp-json\/wp\/v2\/media?parent=630"}],"wp:term":[{"taxonomy":"product_brand","embeddable":true,"href":"https:\/\/sanjosedepuembo.com\/guestservice\/wp-json\/wp\/v2\/product_brand?post=630"},{"taxonomy":"product_cat","embeddable":true,"href":"https:\/\/sanjosedepuembo.com\/guestservice\/wp-json\/wp\/v2\/product_cat?post=630"},{"taxonomy":"product_tag","embeddable":true,"href":"https:\/\/sanjosedepuembo.com\/guestservice\/wp-json\/wp\/v2\/product_tag?post=630"}],"curies":[{"name":"wp","href":"https:\/\/api.w.org\/{rel}","templated":true}]}}