{"id":628,"date":"2019-07-08T08:14:24","date_gmt":"2019-07-08T08:14:24","guid":{"rendered":"http:\/\/demo.dithemes.com\/di-restaurant\/?post_type=product&#038;p=628"},"modified":"2024-04-09T15:42:28","modified_gmt":"2024-04-09T15:42:28","slug":"ensalada-doctor","status":"publish","type":"product","link":"https:\/\/sanjosedepuembo.com\/guestservice\/producto\/ensalada-doctor\/","title":{"rendered":"La Ensalada Fresca Del Doctor \/ The Doctor\u00b4S Fresh Salad"},"content":{"rendered":"<h1><strong>\u00a1Como lo receta el Doctor, variado y balanceado!<\/strong> Lechugas romana, crespa y criolla, palmito, aguacate, tomates cherry, crotones de pan, queso feta, esp\u00e1rragos, champi\u00f1ones acompa\u00f1ada de una vinagreta ligera de albahaca.<\/h1>\n<p><strong>CONTIENE:<\/strong> LECHE, GLUTEN (TRIGO)<\/p>\n<p>&nbsp;<\/p>\n<h1><em>Just what the doctor ordered, variety and well-balanced! Romaine, leaf and iceberg lettuces. Topped with cherry tomatoes, avocado, croutons, hearts of palm, feta cheese, asparagus, mushrooms and served with a light basil base vinaigrette.<\/em><\/h1>\n<p><em><strong>CONTAINS:<\/strong> MILK, WHEAT<\/em><\/p>\n<p>&nbsp;<\/p>\n<p><strong>VEGAN option con touf\u00fa \/ without toufu.<\/strong><\/p>\n","protected":false},"excerpt":{"rendered":"<p>\u00a1Como lo receta el Doctor, variado y balanceado! Lechugas romana, crespa y criolla, palmito, aguacate, tomates cherry, crotones de pan, queso feta, esp\u00e1rragos, champi\u00f1ones acompa\u00f1ada de una vinagreta ligera de albahaca. CONTIENE: LECHE, GLUTEN (TRIGO) &nbsp; Just what the doctor&#8230; <\/p>\n<div class=\"readmore-section\"><a class=\"readmore-btn\" href=\"https:\/\/sanjosedepuembo.com\/guestservice\/producto\/ensalada-doctor\/\">Seguir leyendo <i class=\"fa fa-arrow-right\"><\/i><\/a><\/div>\n","protected":false},"featured_media":1518,"template":"","meta":{"nf_dc_page":""},"product_brand":[],"product_cat":[86,28,66],"product_tag":[],"class_list":{"0":"post-628","1":"product","2":"type-product","3":"status-publish","4":"has-post-thumbnail","6":"product_cat-entradasgeneral","7":"product_cat-entradasyensaladas","8":"product_cat-entradasyensaladasrs","10":"first","11":"instock","12":"shipping-taxable","13":"purchasable","14":"product-type-simple"},"_links":{"self":[{"href":"https:\/\/sanjosedepuembo.com\/guestservice\/wp-json\/wp\/v2\/product\/628","targetHints":{"allow":["GET"]}}],"collection":[{"href":"https:\/\/sanjosedepuembo.com\/guestservice\/wp-json\/wp\/v2\/product"}],"about":[{"href":"https:\/\/sanjosedepuembo.com\/guestservice\/wp-json\/wp\/v2\/types\/product"}],"wp:featuredmedia":[{"embeddable":true,"href":"https:\/\/sanjosedepuembo.com\/guestservice\/wp-json\/wp\/v2\/media\/1518"}],"wp:attachment":[{"href":"https:\/\/sanjosedepuembo.com\/guestservice\/wp-json\/wp\/v2\/media?parent=628"}],"wp:term":[{"taxonomy":"product_brand","embeddable":true,"href":"https:\/\/sanjosedepuembo.com\/guestservice\/wp-json\/wp\/v2\/product_brand?post=628"},{"taxonomy":"product_cat","embeddable":true,"href":"https:\/\/sanjosedepuembo.com\/guestservice\/wp-json\/wp\/v2\/product_cat?post=628"},{"taxonomy":"product_tag","embeddable":true,"href":"https:\/\/sanjosedepuembo.com\/guestservice\/wp-json\/wp\/v2\/product_tag?post=628"}],"curies":[{"name":"wp","href":"https:\/\/api.w.org\/{rel}","templated":true}]}}