{"id":2225,"date":"2023-08-17T14:35:20","date_gmt":"2023-08-17T14:35:20","guid":{"rendered":"https:\/\/sanjosedepuembo.com\/guestservice\/?post_type=product&#038;p=2225"},"modified":"2024-04-09T15:15:19","modified_gmt":"2024-04-09T15:15:19","slug":"salmon-en-salsa-de-viche-salmon-in-viche-sauce","status":"publish","type":"product","link":"https:\/\/sanjosedepuembo.com\/guestservice\/producto\/salmon-en-salsa-de-viche-salmon-in-viche-sauce\/","title":{"rendered":"Salm\u00f3n en salsa Viche \/ Salm\u00f3n in Viche Sauce"},"content":{"rendered":"<p>160g Filete de salm\u00f3n chileno asado con pimienta de lim\u00f3n, va acompa\u00f1ado con una emulsi\u00f3n de garbanzos, tabul\u00e9 de quinua tricolor y ba\u00f1ado con la t\u00edpica salsa viche; que se prepara con pl\u00e1tanos verde y maduro, man\u00ed, comino, achiote y zapallo.<\/p>\n<p><em>160g Chilean salmon fillet roasted with lemon pepper, accompanied with an emulsion of chickpeas, tricolor quinoa tabbouleh and covered with the traditional \u201cViche sauce\u201d; which is prepared with green and ripe plantains, peanuts, cumin, achiote and pumpkin.<\/em><\/p>\n<p>CONTIENE: LECHE, SALM\u00d3N, MAN\u00cd.<br \/>\n<em>CONTAINS: MILK, SALMON, PENAUT.<\/em><\/p>\n","protected":false},"excerpt":{"rendered":"<p>160g Filete de salm\u00f3n chileno asado con pimienta de lim\u00f3n, va acompa\u00f1ado con una emulsi\u00f3n de garbanzos, tabul\u00e9 de quinua tricolor y ba\u00f1ado con la t\u00edpica salsa viche; que se prepara con pl\u00e1tanos verde y maduro, man\u00ed, comino, achiote y&#8230; <\/p>\n<div class=\"readmore-section\"><a class=\"readmore-btn\" href=\"https:\/\/sanjosedepuembo.com\/guestservice\/producto\/salmon-en-salsa-de-viche-salmon-in-viche-sauce\/\">Seguir leyendo <i class=\"fa fa-arrow-right\"><\/i><\/a><\/div>\n","protected":false},"featured_media":0,"template":"","meta":{"nf_dc_page":""},"product_brand":[],"product_cat":[59,71],"product_tag":[],"class_list":{"0":"post-2225","1":"product","2":"type-product","3":"status-publish","5":"product_cat-especialesdelchef","6":"product_cat-especialesdelchefrs","8":"first","9":"instock","10":"shipping-taxable","11":"purchasable","12":"product-type-simple"},"_links":{"self":[{"href":"https:\/\/sanjosedepuembo.com\/guestservice\/wp-json\/wp\/v2\/product\/2225","targetHints":{"allow":["GET"]}}],"collection":[{"href":"https:\/\/sanjosedepuembo.com\/guestservice\/wp-json\/wp\/v2\/product"}],"about":[{"href":"https:\/\/sanjosedepuembo.com\/guestservice\/wp-json\/wp\/v2\/types\/product"}],"wp:attachment":[{"href":"https:\/\/sanjosedepuembo.com\/guestservice\/wp-json\/wp\/v2\/media?parent=2225"}],"wp:term":[{"taxonomy":"product_brand","embeddable":true,"href":"https:\/\/sanjosedepuembo.com\/guestservice\/wp-json\/wp\/v2\/product_brand?post=2225"},{"taxonomy":"product_cat","embeddable":true,"href":"https:\/\/sanjosedepuembo.com\/guestservice\/wp-json\/wp\/v2\/product_cat?post=2225"},{"taxonomy":"product_tag","embeddable":true,"href":"https:\/\/sanjosedepuembo.com\/guestservice\/wp-json\/wp\/v2\/product_tag?post=2225"}],"curies":[{"name":"wp","href":"https:\/\/api.w.org\/{rel}","templated":true}]}}