{"id":2079,"date":"2021-03-01T16:47:41","date_gmt":"2021-03-01T16:47:41","guid":{"rendered":"https:\/\/sanjosedepuembo.com\/guestservice\/?post_type=product&#038;p=2079"},"modified":"2021-03-01T16:49:57","modified_gmt":"2021-03-01T16:49:57","slug":"huevos-revueltos-u-omelet-scrambled-eggs-or-omelette","status":"publish","type":"product","link":"https:\/\/sanjosedepuembo.com\/guestservice\/producto\/huevos-revueltos-u-omelet-scrambled-eggs-or-omelette\/","title":{"rendered":"Huevos Revueltos u Omelet \/ Scrambled Eggs or Omelette"},"content":{"rendered":"<h1>Preparado con su elecci\u00f3n de ingredientes: jam\u00f3n, queso fresco, queso americano, tocino, cebolla, tomate o champi\u00f1ones.<\/h1>\n<h1>ALERGENOS: HUEVOS, QUESO (LECHE)<\/h1>\n<h1><em>Prepared with your choice of toppings: ham, fresh cheese, American cheese, bacon, onion, tomato or mushrooms.<\/em><\/h1>\n<h1><em>ALERGENS: EGGS, CHEESE (MILK)<\/em><\/h1>\n","protected":false},"excerpt":{"rendered":"<p>Preparado con su elecci\u00f3n de ingredientes: jam\u00f3n, queso fresco, queso americano, tocino, cebolla, tomate o champi\u00f1ones. ALERGENOS: HUEVOS, QUESO (LECHE) Prepared with your choice of toppings: ham, fresh cheese, American cheese, bacon, onion, tomato or mushrooms. ALERGENS: EGGS, CHEESE (MILK)<\/p>\n","protected":false},"featured_media":2014,"template":"","meta":{"nf_dc_page":""},"product_brand":[],"product_cat":[87],"product_tag":[],"class_list":{"0":"post-2079","1":"product","2":"type-product","3":"status-publish","4":"has-post-thumbnail","6":"product_cat-desayuno","8":"first","9":"instock","10":"shipping-taxable","11":"product-type-simple"},"_links":{"self":[{"href":"https:\/\/sanjosedepuembo.com\/guestservice\/wp-json\/wp\/v2\/product\/2079","targetHints":{"allow":["GET"]}}],"collection":[{"href":"https:\/\/sanjosedepuembo.com\/guestservice\/wp-json\/wp\/v2\/product"}],"about":[{"href":"https:\/\/sanjosedepuembo.com\/guestservice\/wp-json\/wp\/v2\/types\/product"}],"wp:featuredmedia":[{"embeddable":true,"href":"https:\/\/sanjosedepuembo.com\/guestservice\/wp-json\/wp\/v2\/media\/2014"}],"wp:attachment":[{"href":"https:\/\/sanjosedepuembo.com\/guestservice\/wp-json\/wp\/v2\/media?parent=2079"}],"wp:term":[{"taxonomy":"product_brand","embeddable":true,"href":"https:\/\/sanjosedepuembo.com\/guestservice\/wp-json\/wp\/v2\/product_brand?post=2079"},{"taxonomy":"product_cat","embeddable":true,"href":"https:\/\/sanjosedepuembo.com\/guestservice\/wp-json\/wp\/v2\/product_cat?post=2079"},{"taxonomy":"product_tag","embeddable":true,"href":"https:\/\/sanjosedepuembo.com\/guestservice\/wp-json\/wp\/v2\/product_tag?post=2079"}],"curies":[{"name":"wp","href":"https:\/\/api.w.org\/{rel}","templated":true}]}}