{"id":2072,"date":"2021-03-01T15:55:44","date_gmt":"2021-03-01T15:55:44","guid":{"rendered":"https:\/\/sanjosedepuembo.com\/guestservice\/?post_type=product&#038;p=2072"},"modified":"2021-03-01T16:01:00","modified_gmt":"2021-03-01T16:01:00","slug":"tigrillo-green-plantain-dough","status":"publish","type":"product","link":"https:\/\/sanjosedepuembo.com\/guestservice\/producto\/tigrillo-green-plantain-dough\/","title":{"rendered":"Tigrillo \/ Green Plantain Dough"},"content":{"rendered":"<h1>Un desayuno t\u00edpico de la regi\u00f3n costera del Ecuador, se prepara con pl\u00e1tano verde cocinado formando una masa a la que le agregamos queso tipo Manaba y chicarr\u00f3n, encima colocamos 2 huevos fritos.<\/h1>\n<h1>AL\u00c9RGENOS: HUEVOS, LECHE<\/h1>\n<h1><em>A typical breakfast of the coastal region of Ecuador, is prepared with green plantain cooked in a dough to which we add \u201cManaba\u201d type cheese and Chicarr\u00f3n , on top we place 2 fried eggs.<\/em><\/h1>\n<h1><em>ALERGENS: EGGS, LECHE<\/em><\/h1>\n","protected":false},"excerpt":{"rendered":"<p>Un desayuno t\u00edpico de la regi\u00f3n costera del Ecuador, se prepara con pl\u00e1tano verde cocinado formando una masa a la que le agregamos queso tipo Manaba y chicarr\u00f3n, encima colocamos 2 huevos fritos. AL\u00c9RGENOS: HUEVOS, LECHE A typical breakfast of&#8230; <\/p>\n<div class=\"readmore-section\"><a class=\"readmore-btn\" href=\"https:\/\/sanjosedepuembo.com\/guestservice\/producto\/tigrillo-green-plantain-dough\/\">Seguir leyendo <i class=\"fa fa-arrow-right\"><\/i><\/a><\/div>\n","protected":false},"featured_media":2012,"template":"","meta":{"nf_dc_page":""},"product_brand":[],"product_cat":[87],"product_tag":[],"class_list":{"0":"post-2072","1":"product","2":"type-product","3":"status-publish","4":"has-post-thumbnail","6":"product_cat-desayuno","8":"first","9":"instock","10":"shipping-taxable","11":"product-type-simple"},"_links":{"self":[{"href":"https:\/\/sanjosedepuembo.com\/guestservice\/wp-json\/wp\/v2\/product\/2072","targetHints":{"allow":["GET"]}}],"collection":[{"href":"https:\/\/sanjosedepuembo.com\/guestservice\/wp-json\/wp\/v2\/product"}],"about":[{"href":"https:\/\/sanjosedepuembo.com\/guestservice\/wp-json\/wp\/v2\/types\/product"}],"wp:featuredmedia":[{"embeddable":true,"href":"https:\/\/sanjosedepuembo.com\/guestservice\/wp-json\/wp\/v2\/media\/2012"}],"wp:attachment":[{"href":"https:\/\/sanjosedepuembo.com\/guestservice\/wp-json\/wp\/v2\/media?parent=2072"}],"wp:term":[{"taxonomy":"product_brand","embeddable":true,"href":"https:\/\/sanjosedepuembo.com\/guestservice\/wp-json\/wp\/v2\/product_brand?post=2072"},{"taxonomy":"product_cat","embeddable":true,"href":"https:\/\/sanjosedepuembo.com\/guestservice\/wp-json\/wp\/v2\/product_cat?post=2072"},{"taxonomy":"product_tag","embeddable":true,"href":"https:\/\/sanjosedepuembo.com\/guestservice\/wp-json\/wp\/v2\/product_tag?post=2072"}],"curies":[{"name":"wp","href":"https:\/\/api.w.org\/{rel}","templated":true}]}}