{"id":2070,"date":"2021-03-01T15:51:06","date_gmt":"2021-03-01T15:51:06","guid":{"rendered":"https:\/\/sanjosedepuembo.com\/guestservice\/?post_type=product&#038;p=2070"},"modified":"2021-03-01T15:55:06","modified_gmt":"2021-03-01T15:55:06","slug":"huevos-san-jose-san-jose-eggs","status":"publish","type":"product","link":"https:\/\/sanjosedepuembo.com\/guestservice\/producto\/huevos-san-jose-san-jose-eggs\/","title":{"rendered":"Huevos San Jos\u00e9\/ San Jos\u00e9 Eggs"},"content":{"rendered":"<h1>Sobre un sufl\u00e9 hecho con choclo tierno colocamos crujientes l\u00e1minas de tocino, encima dos huevos poch\u00e9, ba\u00f1ados con salsa holandesa<\/h1>\n<h1><em>On a souffl\u00e9 made with tender choclo we place crispy slices of bacon, on top two poached eggs, bathed in Hollandaise sauce<\/em><\/h1>\n<h1><em>ALERGENS: EGGS, LECHE<\/em><\/h1>\n","protected":false},"excerpt":{"rendered":"<p>Sobre un sufl\u00e9 hecho con choclo tierno colocamos crujientes l\u00e1minas de tocino, encima dos huevos poch\u00e9, ba\u00f1ados con salsa holandesa On a souffl\u00e9 made with tender choclo we place crispy slices of bacon, on top two poached eggs, bathed in&#8230; <\/p>\n<div class=\"readmore-section\"><a class=\"readmore-btn\" href=\"https:\/\/sanjosedepuembo.com\/guestservice\/producto\/huevos-san-jose-san-jose-eggs\/\">Seguir leyendo <i class=\"fa fa-arrow-right\"><\/i><\/a><\/div>\n","protected":false},"featured_media":2013,"template":"","meta":{"nf_dc_page":""},"product_brand":[],"product_cat":[87],"product_tag":[],"class_list":{"0":"post-2070","1":"product","2":"type-product","3":"status-publish","4":"has-post-thumbnail","6":"product_cat-desayuno","8":"first","9":"instock","10":"shipping-taxable","11":"product-type-simple"},"_links":{"self":[{"href":"https:\/\/sanjosedepuembo.com\/guestservice\/wp-json\/wp\/v2\/product\/2070","targetHints":{"allow":["GET"]}}],"collection":[{"href":"https:\/\/sanjosedepuembo.com\/guestservice\/wp-json\/wp\/v2\/product"}],"about":[{"href":"https:\/\/sanjosedepuembo.com\/guestservice\/wp-json\/wp\/v2\/types\/product"}],"wp:featuredmedia":[{"embeddable":true,"href":"https:\/\/sanjosedepuembo.com\/guestservice\/wp-json\/wp\/v2\/media\/2013"}],"wp:attachment":[{"href":"https:\/\/sanjosedepuembo.com\/guestservice\/wp-json\/wp\/v2\/media?parent=2070"}],"wp:term":[{"taxonomy":"product_brand","embeddable":true,"href":"https:\/\/sanjosedepuembo.com\/guestservice\/wp-json\/wp\/v2\/product_brand?post=2070"},{"taxonomy":"product_cat","embeddable":true,"href":"https:\/\/sanjosedepuembo.com\/guestservice\/wp-json\/wp\/v2\/product_cat?post=2070"},{"taxonomy":"product_tag","embeddable":true,"href":"https:\/\/sanjosedepuembo.com\/guestservice\/wp-json\/wp\/v2\/product_tag?post=2070"}],"curies":[{"name":"wp","href":"https:\/\/api.w.org\/{rel}","templated":true}]}}