{"id":2067,"date":"2021-03-01T15:40:40","date_gmt":"2021-03-01T15:40:40","guid":{"rendered":"https:\/\/sanjosedepuembo.com\/guestservice\/?post_type=product&#038;p=2067"},"modified":"2021-03-01T15:45:06","modified_gmt":"2021-03-01T15:45:06","slug":"sanduche-caliente-de-jamon-y-queso-ham-and-cheese-sandwich","status":"publish","type":"product","link":"https:\/\/sanjosedepuembo.com\/guestservice\/producto\/sanduche-caliente-de-jamon-y-queso-ham-and-cheese-sandwich\/","title":{"rendered":"S\u00e1nduche Caliente De Jam\u00f3n Y Queso\/ Ham And Cheese Sandwich"},"content":{"rendered":"<h1>Lo elaboramos con pan blanco relleno con jam\u00f3n americano y con queso holand\u00e9s.<\/h1>\n<h1>AL\u00c9RGENOS: LECHE, GLUTEN<\/h1>\n<h1><em>We make it with white bread stuffed with American ham and Dutch cheese.<\/em><\/h1>\n<h1><em>ALERGENS: LECHE, GLUTEN<\/em><\/h1>\n","protected":false},"excerpt":{"rendered":"<p>Lo elaboramos con pan blanco relleno con jam\u00f3n americano y con queso holand\u00e9s. AL\u00c9RGENOS: LECHE, GLUTEN We make it with white bread stuffed with American ham and Dutch cheese. ALERGENS: LECHE, GLUTEN<\/p>\n","protected":false},"featured_media":2068,"template":"","meta":{"nf_dc_page":""},"product_brand":[],"product_cat":[87],"product_tag":[],"class_list":{"0":"post-2067","1":"product","2":"type-product","3":"status-publish","4":"has-post-thumbnail","6":"product_cat-desayuno","8":"first","9":"instock","10":"shipping-taxable","11":"product-type-simple"},"_links":{"self":[{"href":"https:\/\/sanjosedepuembo.com\/guestservice\/wp-json\/wp\/v2\/product\/2067","targetHints":{"allow":["GET"]}}],"collection":[{"href":"https:\/\/sanjosedepuembo.com\/guestservice\/wp-json\/wp\/v2\/product"}],"about":[{"href":"https:\/\/sanjosedepuembo.com\/guestservice\/wp-json\/wp\/v2\/types\/product"}],"wp:featuredmedia":[{"embeddable":true,"href":"https:\/\/sanjosedepuembo.com\/guestservice\/wp-json\/wp\/v2\/media\/2068"}],"wp:attachment":[{"href":"https:\/\/sanjosedepuembo.com\/guestservice\/wp-json\/wp\/v2\/media?parent=2067"}],"wp:term":[{"taxonomy":"product_brand","embeddable":true,"href":"https:\/\/sanjosedepuembo.com\/guestservice\/wp-json\/wp\/v2\/product_brand?post=2067"},{"taxonomy":"product_cat","embeddable":true,"href":"https:\/\/sanjosedepuembo.com\/guestservice\/wp-json\/wp\/v2\/product_cat?post=2067"},{"taxonomy":"product_tag","embeddable":true,"href":"https:\/\/sanjosedepuembo.com\/guestservice\/wp-json\/wp\/v2\/product_tag?post=2067"}],"curies":[{"name":"wp","href":"https:\/\/api.w.org\/{rel}","templated":true}]}}