{"id":2066,"date":"2021-03-01T15:37:23","date_gmt":"2021-03-01T15:37:23","guid":{"rendered":"https:\/\/sanjosedepuembo.com\/guestservice\/?post_type=product&#038;p=2066"},"modified":"2021-03-01T15:38:55","modified_gmt":"2021-03-01T15:38:55","slug":"llapingacho-traditional-potato-patties-2","status":"publish","type":"product","link":"https:\/\/sanjosedepuembo.com\/guestservice\/producto\/llapingacho-traditional-potato-patties-2\/","title":{"rendered":"Llapingacho\/ Traditional potato patties"},"content":{"rendered":"<h1>La tradicional tortilla de papa rellena de queso fresco, acompa\u00f1ada de un refrito crocante de chorizo de cerdo, alioli (emulsi\u00f3n de aceite de oliva y ajo) de aguacate y un huevo poch\u00e9.<\/h1>\n<p><strong>CONTIENE:<\/strong> LECHE, HUEVOS.<\/p>\n<p>&nbsp;<\/p>\n<h1><em>Traditional potato patties from Ecuadorian Andes filled with white cheese and accompanied with crispy pork sausage, avocado aioli (an olive oil and garlic emulsion) and a poached egg.<\/em><\/h1>\n<p><em><strong>CONTAINS:<\/strong> MILK, EGGS.<\/em><\/p>\n","protected":false},"excerpt":{"rendered":"<p>La tradicional tortilla de papa rellena de queso fresco, acompa\u00f1ada de un refrito crocante de chorizo de cerdo, alioli (emulsi\u00f3n de aceite de oliva y ajo) de aguacate y un huevo poch\u00e9. CONTIENE: LECHE, HUEVOS. &nbsp; Traditional potato patties from&#8230; <\/p>\n<div class=\"readmore-section\"><a class=\"readmore-btn\" href=\"https:\/\/sanjosedepuembo.com\/guestservice\/producto\/llapingacho-traditional-potato-patties-2\/\">Seguir leyendo <i class=\"fa fa-arrow-right\"><\/i><\/a><\/div>\n","protected":false},"featured_media":1235,"template":"","meta":{"nf_dc_page":""},"product_brand":[],"product_cat":[87],"product_tag":[],"class_list":{"0":"post-2066","1":"product","2":"type-product","3":"status-publish","4":"has-post-thumbnail","6":"product_cat-desayuno","8":"first","9":"instock","10":"shipping-taxable","11":"product-type-simple"},"_links":{"self":[{"href":"https:\/\/sanjosedepuembo.com\/guestservice\/wp-json\/wp\/v2\/product\/2066","targetHints":{"allow":["GET"]}}],"collection":[{"href":"https:\/\/sanjosedepuembo.com\/guestservice\/wp-json\/wp\/v2\/product"}],"about":[{"href":"https:\/\/sanjosedepuembo.com\/guestservice\/wp-json\/wp\/v2\/types\/product"}],"wp:featuredmedia":[{"embeddable":true,"href":"https:\/\/sanjosedepuembo.com\/guestservice\/wp-json\/wp\/v2\/media\/1235"}],"wp:attachment":[{"href":"https:\/\/sanjosedepuembo.com\/guestservice\/wp-json\/wp\/v2\/media?parent=2066"}],"wp:term":[{"taxonomy":"product_brand","embeddable":true,"href":"https:\/\/sanjosedepuembo.com\/guestservice\/wp-json\/wp\/v2\/product_brand?post=2066"},{"taxonomy":"product_cat","embeddable":true,"href":"https:\/\/sanjosedepuembo.com\/guestservice\/wp-json\/wp\/v2\/product_cat?post=2066"},{"taxonomy":"product_tag","embeddable":true,"href":"https:\/\/sanjosedepuembo.com\/guestservice\/wp-json\/wp\/v2\/product_tag?post=2066"}],"curies":[{"name":"wp","href":"https:\/\/api.w.org\/{rel}","templated":true}]}}