{"id":2055,"date":"2021-03-01T15:16:38","date_gmt":"2021-03-01T15:16:38","guid":{"rendered":"https:\/\/sanjosedepuembo.com\/guestservice\/?post_type=product&#038;p=2055"},"modified":"2021-03-01T16:52:16","modified_gmt":"2021-03-01T16:52:16","slug":"tazon-de-frutas-con-granola-y-yogurt-bowl-of-fresh-fruit-with-granola-and-yogurt","status":"publish","type":"product","link":"https:\/\/sanjosedepuembo.com\/guestservice\/producto\/tazon-de-frutas-con-granola-y-yogurt-bowl-of-fresh-fruit-with-granola-and-yogurt\/","title":{"rendered":"Taz\u00f3n de frutas con granola y yogurt \/ Bowl of fresh fruit with granola and yogurt"},"content":{"rendered":"<p>Pi\u00f1a, sand\u00eda, mel\u00f3n y papaya puede ir acompa\u00f1ado con granola y\/o yogurt natural o de frutas.<\/p>\n<p><em>Pineapple, watermelon, melon and papaya can be accompanied with granola and\/or natural or fruit yogurt.<\/em><\/p>\n<p>&nbsp;<\/p>\n<p>ALERGENOS: GRANOLA (MAN\u00cd, GLUTEN,\u00a0 AJONJOL\u00cd, NUECES DE \u00c1RBOL),\u00a0 YOGURT (LECHE)<\/p>\n<p><em>ALERGENS:\u00a0 GRANOLA (PEANUTS, GLUTEN, SESAME, TREE NUTS), YOGURT (MILK)<\/em><\/p>\n","protected":false},"excerpt":{"rendered":"<p>Pi\u00f1a, sand\u00eda, mel\u00f3n y papaya puede ir acompa\u00f1ado con granola y\/o yogurt natural o de frutas. Pineapple, watermelon, melon and papaya can be accompanied with granola and\/or natural or fruit yogurt. &nbsp; ALERGENOS: GRANOLA (MAN\u00cd, GLUTEN,\u00a0 AJONJOL\u00cd, NUECES DE \u00c1RBOL),\u00a0&#8230; <\/p>\n<div class=\"readmore-section\"><a class=\"readmore-btn\" href=\"https:\/\/sanjosedepuembo.com\/guestservice\/producto\/tazon-de-frutas-con-granola-y-yogurt-bowl-of-fresh-fruit-with-granola-and-yogurt\/\">Seguir leyendo <i class=\"fa fa-arrow-right\"><\/i><\/a><\/div>\n","protected":false},"featured_media":2016,"template":"","meta":{"nf_dc_page":""},"product_brand":[],"product_cat":[87],"product_tag":[],"class_list":{"0":"post-2055","1":"product","2":"type-product","3":"status-publish","4":"has-post-thumbnail","6":"product_cat-desayuno","8":"first","9":"instock","10":"shipping-taxable","11":"product-type-simple"},"_links":{"self":[{"href":"https:\/\/sanjosedepuembo.com\/guestservice\/wp-json\/wp\/v2\/product\/2055","targetHints":{"allow":["GET"]}}],"collection":[{"href":"https:\/\/sanjosedepuembo.com\/guestservice\/wp-json\/wp\/v2\/product"}],"about":[{"href":"https:\/\/sanjosedepuembo.com\/guestservice\/wp-json\/wp\/v2\/types\/product"}],"wp:featuredmedia":[{"embeddable":true,"href":"https:\/\/sanjosedepuembo.com\/guestservice\/wp-json\/wp\/v2\/media\/2016"}],"wp:attachment":[{"href":"https:\/\/sanjosedepuembo.com\/guestservice\/wp-json\/wp\/v2\/media?parent=2055"}],"wp:term":[{"taxonomy":"product_brand","embeddable":true,"href":"https:\/\/sanjosedepuembo.com\/guestservice\/wp-json\/wp\/v2\/product_brand?post=2055"},{"taxonomy":"product_cat","embeddable":true,"href":"https:\/\/sanjosedepuembo.com\/guestservice\/wp-json\/wp\/v2\/product_cat?post=2055"},{"taxonomy":"product_tag","embeddable":true,"href":"https:\/\/sanjosedepuembo.com\/guestservice\/wp-json\/wp\/v2\/product_tag?post=2055"}],"curies":[{"name":"wp","href":"https:\/\/api.w.org\/{rel}","templated":true}]}}