{"id":1954,"date":"2020-11-24T16:25:48","date_gmt":"2020-11-24T16:25:48","guid":{"rendered":"https:\/\/sanjosedepuembo.com\/guestservice\/?post_type=product&#038;p=1954"},"modified":"2024-04-09T15:16:29","modified_gmt":"2024-04-09T15:16:29","slug":"ayampaco-de-paiche-san-jose","status":"publish","type":"product","link":"https:\/\/sanjosedepuembo.com\/guestservice\/producto\/ayampaco-de-paiche-san-jose\/","title":{"rendered":"Ayampaco de Paiche &#8220;San Jos\u00e9&#8221;"},"content":{"rendered":"<h1>El Paiche el pescado de agua dulce de escamas m\u00e1s grande del mundo, proviene de los criaderos de la regi\u00f3n amazonica. El Ayampaco San Jos\u00e9 es una adaptaci\u00f3n del plato ansestral de la etnia Shuar. Al Paiche lo masceramos con jugo de lim\u00f3n asado, ajo y vino blanco, luego se lo envuelve en hoja de pl\u00e1tano y lo cocinamos al grill. Se acompa\u00f1a con crocantes muchines de yuca, palmitos confitados y emulsi\u00f3n de aguacate.<\/h1>\n<p><strong>CONTIENE:<\/strong> PESCADO (PAICHE)<\/p>\n<h1><em>The Paiche is the world&#8217;s largest scaled freshwater fish, it comes from fish farms in the Amazon region. San Jose\u2019s Aympaco is an adaptation of the ancestral dish of the Shuar ethnic group. We macerate the Paiche in a juice prepared with roasted lemon, garlic and white wine. We then wrap it in a banana leaf and cook it on the grill. It comes with crunchy cassava patties, hearts of palm and an avocado emulsion.<\/em><\/h1>\n<p><em><strong>CONTAINS:<\/strong> FISH (PAICHE)<\/em><\/p>\n","protected":false},"excerpt":{"rendered":"<p>El Paiche el pescado de agua dulce de escamas m\u00e1s grande del mundo, proviene de los criaderos de la regi\u00f3n amazonica. El Ayampaco San Jos\u00e9 es una adaptaci\u00f3n del plato ansestral de la etnia Shuar. Al Paiche lo masceramos con&#8230; <\/p>\n<div class=\"readmore-section\"><a class=\"readmore-btn\" href=\"https:\/\/sanjosedepuembo.com\/guestservice\/producto\/ayampaco-de-paiche-san-jose\/\">Seguir leyendo <i class=\"fa fa-arrow-right\"><\/i><\/a><\/div>\n","protected":false},"featured_media":1955,"template":"","meta":{"nf_dc_page":""},"product_brand":[],"product_cat":[59,71,85],"product_tag":[],"class_list":{"0":"post-1954","1":"product","2":"type-product","3":"status-publish","4":"has-post-thumbnail","6":"product_cat-especialesdelchef","7":"product_cat-especialesdelchefrs","8":"product_cat-sugerencias","10":"first","11":"instock","12":"shipping-taxable","13":"purchasable","14":"product-type-simple"},"_links":{"self":[{"href":"https:\/\/sanjosedepuembo.com\/guestservice\/wp-json\/wp\/v2\/product\/1954","targetHints":{"allow":["GET"]}}],"collection":[{"href":"https:\/\/sanjosedepuembo.com\/guestservice\/wp-json\/wp\/v2\/product"}],"about":[{"href":"https:\/\/sanjosedepuembo.com\/guestservice\/wp-json\/wp\/v2\/types\/product"}],"wp:featuredmedia":[{"embeddable":true,"href":"https:\/\/sanjosedepuembo.com\/guestservice\/wp-json\/wp\/v2\/media\/1955"}],"wp:attachment":[{"href":"https:\/\/sanjosedepuembo.com\/guestservice\/wp-json\/wp\/v2\/media?parent=1954"}],"wp:term":[{"taxonomy":"product_brand","embeddable":true,"href":"https:\/\/sanjosedepuembo.com\/guestservice\/wp-json\/wp\/v2\/product_brand?post=1954"},{"taxonomy":"product_cat","embeddable":true,"href":"https:\/\/sanjosedepuembo.com\/guestservice\/wp-json\/wp\/v2\/product_cat?post=1954"},{"taxonomy":"product_tag","embeddable":true,"href":"https:\/\/sanjosedepuembo.com\/guestservice\/wp-json\/wp\/v2\/product_tag?post=1954"}],"curies":[{"name":"wp","href":"https:\/\/api.w.org\/{rel}","templated":true}]}}