{"id":1890,"date":"2020-08-17T15:53:38","date_gmt":"2020-08-17T15:53:38","guid":{"rendered":"https:\/\/sanjosedepuembo.com\/guestservice\/?post_type=product&#038;p=1890"},"modified":"2024-04-09T15:16:48","modified_gmt":"2024-04-09T15:16:48","slug":"1-4-pollo-marinado-al-carbon-1-4-charcoal-grilled-marinated-chicken","status":"publish","type":"product","link":"https:\/\/sanjosedepuembo.com\/guestservice\/producto\/1-4-pollo-marinado-al-carbon-1-4-charcoal-grilled-marinated-chicken\/","title":{"rendered":"1\/4 Pollo al carb\u00f3n a los c\u00edtricos y hiervas del huerto \/ 1\/4 Charcoal grilled chicken marinated with our garden&#8217;s critic and herbs"},"content":{"rendered":"<h1>Pollo marinado con lim\u00f3n, naranja dulce, naranja agria y lima m\u00e1s finas hierbas de nuestro huerto. Se dora en horno al carb\u00f3n. Se sirve con ensalada fresca y papas fritas o arroz blanco.<\/h1>\n<h1><strong>1\/4 pollo \/<\/strong><strong>1\/4 <\/strong><strong>chicken<br \/>\n<\/strong><\/h1>\n<p>&nbsp;<\/p>\n<h1>Chicken marinated with lemon, sweet orange, sour orange and lime plus fine herbs from our garden. It is browned in a charcoal oven. Served with fresh salad and french fries or white rice.<\/h1>\n<p>&nbsp;<\/p>\n","protected":false},"excerpt":{"rendered":"<p>Pollo marinado con lim\u00f3n, naranja dulce, naranja agria y lima m\u00e1s finas hierbas de nuestro huerto. Se dora en horno al carb\u00f3n. Se sirve con ensalada fresca y papas fritas o arroz blanco. 1\/4 pollo \/1\/4 chicken &nbsp; Chicken marinated&#8230; <\/p>\n<div class=\"readmore-section\"><a class=\"readmore-btn\" href=\"https:\/\/sanjosedepuembo.com\/guestservice\/producto\/1-4-pollo-marinado-al-carbon-1-4-charcoal-grilled-marinated-chicken\/\">Seguir leyendo <i class=\"fa fa-arrow-right\"><\/i><\/a><\/div>\n","protected":false},"featured_media":2207,"template":"","meta":{"nf_dc_page":""},"product_brand":[],"product_cat":[84],"product_tag":[],"class_list":{"0":"post-1890","1":"product","2":"type-product","3":"status-publish","4":"has-post-thumbnail","6":"product_cat-delaparrillars","8":"first","9":"instock","10":"shipping-taxable","11":"purchasable","12":"product-type-simple"},"_links":{"self":[{"href":"https:\/\/sanjosedepuembo.com\/guestservice\/wp-json\/wp\/v2\/product\/1890","targetHints":{"allow":["GET"]}}],"collection":[{"href":"https:\/\/sanjosedepuembo.com\/guestservice\/wp-json\/wp\/v2\/product"}],"about":[{"href":"https:\/\/sanjosedepuembo.com\/guestservice\/wp-json\/wp\/v2\/types\/product"}],"wp:featuredmedia":[{"embeddable":true,"href":"https:\/\/sanjosedepuembo.com\/guestservice\/wp-json\/wp\/v2\/media\/2207"}],"wp:attachment":[{"href":"https:\/\/sanjosedepuembo.com\/guestservice\/wp-json\/wp\/v2\/media?parent=1890"}],"wp:term":[{"taxonomy":"product_brand","embeddable":true,"href":"https:\/\/sanjosedepuembo.com\/guestservice\/wp-json\/wp\/v2\/product_brand?post=1890"},{"taxonomy":"product_cat","embeddable":true,"href":"https:\/\/sanjosedepuembo.com\/guestservice\/wp-json\/wp\/v2\/product_cat?post=1890"},{"taxonomy":"product_tag","embeddable":true,"href":"https:\/\/sanjosedepuembo.com\/guestservice\/wp-json\/wp\/v2\/product_tag?post=1890"}],"curies":[{"name":"wp","href":"https:\/\/api.w.org\/{rel}","templated":true}]}}