{"id":1809,"date":"2020-07-09T21:00:05","date_gmt":"2020-07-09T21:00:05","guid":{"rendered":"https:\/\/sanjosedepuembo.com\/guestservice\/?post_type=product&#038;p=1809"},"modified":"2021-02-25T21:02:45","modified_gmt":"2021-02-25T21:02:45","slug":"opcion-1","status":"publish","type":"product","link":"https:\/\/sanjosedepuembo.com\/guestservice\/producto\/opcion-1\/","title":{"rendered":"Opci\u00f3n 1- Lomo de Ternera"},"content":{"rendered":"<p>Lomo de ternera grillado al carb\u00f3n, servido sobre risotto de hongos, esp\u00e1rragos asados, salsa de Oporto y emulsi\u00f3n de pimientos morrones.<\/p>\n","protected":false},"excerpt":{"rendered":"<p>Lomo de ternera grillado al carb\u00f3n, servido sobre risotto de hongos, esp\u00e1rragos asados, salsa de Oporto y emulsi\u00f3n de pimientos morrones.<\/p>\n","protected":false},"featured_media":1898,"template":"","meta":{"nf_dc_page":""},"product_brand":[],"product_cat":[15],"product_tag":[],"class_list":{"0":"post-1809","1":"product","2":"type-product","3":"status-publish","4":"has-post-thumbnail","6":"product_cat-uncategorized","8":"first","9":"instock","10":"shipping-taxable","11":"purchasable","12":"product-type-simple"},"_links":{"self":[{"href":"https:\/\/sanjosedepuembo.com\/guestservice\/wp-json\/wp\/v2\/product\/1809","targetHints":{"allow":["GET"]}}],"collection":[{"href":"https:\/\/sanjosedepuembo.com\/guestservice\/wp-json\/wp\/v2\/product"}],"about":[{"href":"https:\/\/sanjosedepuembo.com\/guestservice\/wp-json\/wp\/v2\/types\/product"}],"wp:featuredmedia":[{"embeddable":true,"href":"https:\/\/sanjosedepuembo.com\/guestservice\/wp-json\/wp\/v2\/media\/1898"}],"wp:attachment":[{"href":"https:\/\/sanjosedepuembo.com\/guestservice\/wp-json\/wp\/v2\/media?parent=1809"}],"wp:term":[{"taxonomy":"product_brand","embeddable":true,"href":"https:\/\/sanjosedepuembo.com\/guestservice\/wp-json\/wp\/v2\/product_brand?post=1809"},{"taxonomy":"product_cat","embeddable":true,"href":"https:\/\/sanjosedepuembo.com\/guestservice\/wp-json\/wp\/v2\/product_cat?post=1809"},{"taxonomy":"product_tag","embeddable":true,"href":"https:\/\/sanjosedepuembo.com\/guestservice\/wp-json\/wp\/v2\/product_tag?post=1809"}],"curies":[{"name":"wp","href":"https:\/\/api.w.org\/{rel}","templated":true}]}}