{"id":1171,"date":"2020-05-22T20:09:54","date_gmt":"2020-05-22T20:09:54","guid":{"rendered":"https:\/\/sanjosedepuembo.com\/guestservice\/?post_type=product&#038;p=1171"},"modified":"2024-04-09T15:24:42","modified_gmt":"2024-04-09T15:24:42","slug":"tartaleta-de-creme-brulee-creme-brulee-tartalet","status":"publish","type":"product","link":"https:\/\/sanjosedepuembo.com\/guestservice\/producto\/tartaleta-de-creme-brulee-creme-brulee-tartalet\/","title":{"rendered":"Tartaleta de Creme Brul\u00e9e \/ Creme Brulee tartlet"},"content":{"rendered":"<h1><span style=\"color: #000000;\">Tartaleta de almendras rellena de mouse de caf\u00e9 y brul\u00e9e de vainilla. Se sirve con helado de pralin\u00e9.<\/span><\/h1>\n<p><span style=\"color: #000000;\"><strong>CONTIENE:<\/strong> LECHE, HUEVO, GLUTEN<\/span><\/p>\n<p>&nbsp;<\/p>\n<h1><span style=\"color: #000000;\"><em>Almond tartlet filled with coffee mouse and vanilla brulee. Served with praline ice cream.<\/em><\/span><\/h1>\n<p><span style=\"color: #000000;\"><em><strong>CONTAINS:<\/strong> MILK, EGG, GLUTEN<\/em><\/span><\/p>\n","protected":false},"excerpt":{"rendered":"<p>Tartaleta de almendras rellena de mouse de caf\u00e9 y brul\u00e9e de vainilla. Se sirve con helado de pralin\u00e9. CONTIENE: LECHE, HUEVO, GLUTEN &nbsp; Almond tartlet filled with coffee mouse and vanilla brulee. Served with praline ice cream. CONTAINS: MILK, EGG,&#8230; <\/p>\n<div class=\"readmore-section\"><a class=\"readmore-btn\" href=\"https:\/\/sanjosedepuembo.com\/guestservice\/producto\/tartaleta-de-creme-brulee-creme-brulee-tartalet\/\">Seguir leyendo <i class=\"fa fa-arrow-right\"><\/i><\/a><\/div>\n","protected":false},"featured_media":1246,"template":"","meta":{"nf_dc_page":""},"product_brand":[],"product_cat":[63,74],"product_tag":[],"class_list":{"0":"post-1171","1":"product","2":"type-product","3":"status-publish","4":"has-post-thumbnail","6":"product_cat-postres","7":"product_cat-postresrs","9":"first","10":"instock","11":"shipping-taxable","12":"purchasable","13":"product-type-simple"},"_links":{"self":[{"href":"https:\/\/sanjosedepuembo.com\/guestservice\/wp-json\/wp\/v2\/product\/1171","targetHints":{"allow":["GET"]}}],"collection":[{"href":"https:\/\/sanjosedepuembo.com\/guestservice\/wp-json\/wp\/v2\/product"}],"about":[{"href":"https:\/\/sanjosedepuembo.com\/guestservice\/wp-json\/wp\/v2\/types\/product"}],"wp:featuredmedia":[{"embeddable":true,"href":"https:\/\/sanjosedepuembo.com\/guestservice\/wp-json\/wp\/v2\/media\/1246"}],"wp:attachment":[{"href":"https:\/\/sanjosedepuembo.com\/guestservice\/wp-json\/wp\/v2\/media?parent=1171"}],"wp:term":[{"taxonomy":"product_brand","embeddable":true,"href":"https:\/\/sanjosedepuembo.com\/guestservice\/wp-json\/wp\/v2\/product_brand?post=1171"},{"taxonomy":"product_cat","embeddable":true,"href":"https:\/\/sanjosedepuembo.com\/guestservice\/wp-json\/wp\/v2\/product_cat?post=1171"},{"taxonomy":"product_tag","embeddable":true,"href":"https:\/\/sanjosedepuembo.com\/guestservice\/wp-json\/wp\/v2\/product_tag?post=1171"}],"curies":[{"name":"wp","href":"https:\/\/api.w.org\/{rel}","templated":true}]}}