{"id":1160,"date":"2020-05-22T17:46:49","date_gmt":"2020-05-22T17:46:49","guid":{"rendered":"https:\/\/sanjosedepuembo.com\/guestservice\/?post_type=product&#038;p=1160"},"modified":"2024-04-09T15:26:36","modified_gmt":"2024-04-09T15:26:36","slug":"lomo-rossinni-cafe-de-paris","status":"publish","type":"product","link":"https:\/\/sanjosedepuembo.com\/guestservice\/producto\/lomo-rossinni-cafe-de-paris\/","title":{"rendered":"Lomo Rossinni Caf\u00e9 de Paris"},"content":{"rendered":"<h1>200gr de coraz\u00f3n de lomo fino magro con la tradicional mantequilla caf\u00e9 Paris que se elabora con una base de mantequilla aromatizada con 24 ingredientes entre especias, hierbas arom\u00e1ticas, vino, anchoas, salsa inglesa y otras salsas.<\/h1>\n<p><strong>CONTIENE:<\/strong> LECHE, ANCHOAS, MOSTAZA<\/p>\n<p>&nbsp;<\/p>\n<h1><em>200gr of heart of lean tenderloin fillet with the traditional butter \u201cCaf\u00e9 de Par\u00eds\u201d that is made with a butter base flavored with 24 ingredients including spices, herbs, wine, anchovies, worcestershire sauce and other sauces.<\/em><\/h1>\n<p><em><strong>CONTAINS:<\/strong> MILK, ANCHOVY, MUSTARD<\/em><\/p>\n","protected":false},"excerpt":{"rendered":"<p>200gr de coraz\u00f3n de lomo fino magro con la tradicional mantequilla caf\u00e9 Paris que se elabora con una base de mantequilla aromatizada con 24 ingredientes entre especias, hierbas arom\u00e1ticas, vino, anchoas, salsa inglesa y otras salsas. CONTIENE: LECHE, ANCHOAS, MOSTAZA&#8230; <\/p>\n<div class=\"readmore-section\"><a class=\"readmore-btn\" href=\"https:\/\/sanjosedepuembo.com\/guestservice\/producto\/lomo-rossinni-cafe-de-paris\/\">Seguir leyendo <i class=\"fa fa-arrow-right\"><\/i><\/a><\/div>\n","protected":false},"featured_media":1764,"template":"","meta":{"nf_dc_page":""},"product_brand":[],"product_cat":[59,71],"product_tag":[],"class_list":{"0":"post-1160","1":"product","2":"type-product","3":"status-publish","4":"has-post-thumbnail","6":"product_cat-especialesdelchef","7":"product_cat-especialesdelchefrs","9":"first","10":"instock","11":"shipping-taxable","12":"purchasable","13":"product-type-simple"},"_links":{"self":[{"href":"https:\/\/sanjosedepuembo.com\/guestservice\/wp-json\/wp\/v2\/product\/1160","targetHints":{"allow":["GET"]}}],"collection":[{"href":"https:\/\/sanjosedepuembo.com\/guestservice\/wp-json\/wp\/v2\/product"}],"about":[{"href":"https:\/\/sanjosedepuembo.com\/guestservice\/wp-json\/wp\/v2\/types\/product"}],"wp:featuredmedia":[{"embeddable":true,"href":"https:\/\/sanjosedepuembo.com\/guestservice\/wp-json\/wp\/v2\/media\/1764"}],"wp:attachment":[{"href":"https:\/\/sanjosedepuembo.com\/guestservice\/wp-json\/wp\/v2\/media?parent=1160"}],"wp:term":[{"taxonomy":"product_brand","embeddable":true,"href":"https:\/\/sanjosedepuembo.com\/guestservice\/wp-json\/wp\/v2\/product_brand?post=1160"},{"taxonomy":"product_cat","embeddable":true,"href":"https:\/\/sanjosedepuembo.com\/guestservice\/wp-json\/wp\/v2\/product_cat?post=1160"},{"taxonomy":"product_tag","embeddable":true,"href":"https:\/\/sanjosedepuembo.com\/guestservice\/wp-json\/wp\/v2\/product_tag?post=1160"}],"curies":[{"name":"wp","href":"https:\/\/api.w.org\/{rel}","templated":true}]}}