{"id":1157,"date":"2020-05-22T17:41:12","date_gmt":"2020-05-22T17:41:12","guid":{"rendered":"https:\/\/sanjosedepuembo.com\/guestservice\/?post_type=product&#038;p=1157"},"modified":"2023-08-20T14:46:10","modified_gmt":"2023-08-20T14:46:10","slug":"salmon-al-azafran-y-mandarina-saffron-and-tangarine-salmon","status":"publish","type":"product","link":"https:\/\/sanjosedepuembo.com\/guestservice\/producto\/salmon-al-azafran-y-mandarina-saffron-and-tangarine-salmon\/","title":{"rendered":"Salm\u00f3n al azafr\u00e1n y mandarina \/ Saffron and tangarine salmon"},"content":{"rendered":"<h1>160g de Filete de salm\u00f3n chileno asado a la parrilla y ba\u00f1ado con una salsa de azafr\u00e1n y mandarina. Se acompa\u00f1a con vegetales asados y risotto cremoso con tinta de calamar.<\/h1>\n<p><strong>CONTIENE:<\/strong> LECHE, SALM\u00d3N, CALAMAR.<\/p>\n<h1><em>160g of Chilean salmon fillet grilled and topped with a saffron and tangerine sauce. It is accompanied with roasted vegetables and creamy risotto with cuttlefish ink.<\/em><\/h1>\n<p><em><strong>CONTAINS:<\/strong> MILK, SALMON, CUTTLEFISH<\/em><\/p>\n","protected":false},"excerpt":{"rendered":"<p>160g de Filete de salm\u00f3n chileno asado a la parrilla y ba\u00f1ado con una salsa de azafr\u00e1n y mandarina. Se acompa\u00f1a con vegetales asados y risotto cremoso con tinta de calamar. CONTIENE: LECHE, SALM\u00d3N, CALAMAR. 160g of Chilean salmon fillet&#8230; <\/p>\n<div class=\"readmore-section\"><a class=\"readmore-btn\" href=\"https:\/\/sanjosedepuembo.com\/guestservice\/producto\/salmon-al-azafran-y-mandarina-saffron-and-tangarine-salmon\/\">Seguir leyendo <i class=\"fa fa-arrow-right\"><\/i><\/a><\/div>\n","protected":false},"featured_media":1378,"template":"","meta":{"nf_dc_page":""},"product_brand":[],"product_cat":[15],"product_tag":[],"class_list":{"0":"post-1157","1":"product","2":"type-product","3":"status-publish","4":"has-post-thumbnail","6":"product_cat-uncategorized","8":"first","9":"instock","10":"shipping-taxable","11":"purchasable","12":"product-type-simple"},"_links":{"self":[{"href":"https:\/\/sanjosedepuembo.com\/guestservice\/wp-json\/wp\/v2\/product\/1157","targetHints":{"allow":["GET"]}}],"collection":[{"href":"https:\/\/sanjosedepuembo.com\/guestservice\/wp-json\/wp\/v2\/product"}],"about":[{"href":"https:\/\/sanjosedepuembo.com\/guestservice\/wp-json\/wp\/v2\/types\/product"}],"wp:featuredmedia":[{"embeddable":true,"href":"https:\/\/sanjosedepuembo.com\/guestservice\/wp-json\/wp\/v2\/media\/1378"}],"wp:attachment":[{"href":"https:\/\/sanjosedepuembo.com\/guestservice\/wp-json\/wp\/v2\/media?parent=1157"}],"wp:term":[{"taxonomy":"product_brand","embeddable":true,"href":"https:\/\/sanjosedepuembo.com\/guestservice\/wp-json\/wp\/v2\/product_brand?post=1157"},{"taxonomy":"product_cat","embeddable":true,"href":"https:\/\/sanjosedepuembo.com\/guestservice\/wp-json\/wp\/v2\/product_cat?post=1157"},{"taxonomy":"product_tag","embeddable":true,"href":"https:\/\/sanjosedepuembo.com\/guestservice\/wp-json\/wp\/v2\/product_tag?post=1157"}],"curies":[{"name":"wp","href":"https:\/\/api.w.org\/{rel}","templated":true}]}}