{"id":1156,"date":"2020-05-22T17:39:48","date_gmt":"2020-05-22T17:39:48","guid":{"rendered":"https:\/\/sanjosedepuembo.com\/guestservice\/?post_type=product&#038;p=1156"},"modified":"2024-04-09T15:27:45","modified_gmt":"2024-04-09T15:27:45","slug":"atun-rojo-en-costra-de-platano-red-tuna-with-a-green-plantain-crust","status":"publish","type":"product","link":"https:\/\/sanjosedepuembo.com\/guestservice\/producto\/atun-rojo-en-costra-de-platano-red-tuna-with-a-green-plantain-crust\/","title":{"rendered":"At\u00fan rojo en costra de pl\u00e1tano \/ Red tuna with a green plantain crust"},"content":{"rendered":"<h1><span style=\"color: #000000;\">Filete de at\u00fan rojo de 160g cubierto con una costra crocante de pl\u00e1tano verde con sal prieta, se sirve con soufl\u00e9 de choclo y emulsi\u00f3n de aguacate con espuma de coco.<\/span><\/h1>\n<p><span style=\"color: #000000;\"><strong>CONTIENE:<\/strong> LECHE, ATUN ROJO, MANI, COCO<\/span><\/p>\n<p>&nbsp;<\/p>\n<h1><span style=\"color: #000000;\"><em>160g Red tuna fillet covered with a crispy green plantain crust with sal prieta. Served with corn soufl\u00e9 and an avocado emulsion with coconut foam.<\/em><\/span><\/h1>\n<p><span style=\"color: #000000;\"><em><strong>CONTAINS:<\/strong> MILK, RED TUNA, PEANUT, COCONUT<\/em><\/span><\/p>\n","protected":false},"excerpt":{"rendered":"<p>Filete de at\u00fan rojo de 160g cubierto con una costra crocante de pl\u00e1tano verde con sal prieta, se sirve con soufl\u00e9 de choclo y emulsi\u00f3n de aguacate con espuma de coco. CONTIENE: LECHE, ATUN ROJO, MANI, COCO &nbsp; 160g Red&#8230; <\/p>\n<div class=\"readmore-section\"><a class=\"readmore-btn\" href=\"https:\/\/sanjosedepuembo.com\/guestservice\/producto\/atun-rojo-en-costra-de-platano-red-tuna-with-a-green-plantain-crust\/\">Seguir leyendo <i class=\"fa fa-arrow-right\"><\/i><\/a><\/div>\n","protected":false},"featured_media":1379,"template":"","meta":{"nf_dc_page":""},"product_brand":[],"product_cat":[59,71],"product_tag":[],"class_list":{"0":"post-1156","1":"product","2":"type-product","3":"status-publish","4":"has-post-thumbnail","6":"product_cat-especialesdelchef","7":"product_cat-especialesdelchefrs","9":"first","10":"instock","11":"shipping-taxable","12":"purchasable","13":"product-type-simple"},"_links":{"self":[{"href":"https:\/\/sanjosedepuembo.com\/guestservice\/wp-json\/wp\/v2\/product\/1156","targetHints":{"allow":["GET"]}}],"collection":[{"href":"https:\/\/sanjosedepuembo.com\/guestservice\/wp-json\/wp\/v2\/product"}],"about":[{"href":"https:\/\/sanjosedepuembo.com\/guestservice\/wp-json\/wp\/v2\/types\/product"}],"wp:featuredmedia":[{"embeddable":true,"href":"https:\/\/sanjosedepuembo.com\/guestservice\/wp-json\/wp\/v2\/media\/1379"}],"wp:attachment":[{"href":"https:\/\/sanjosedepuembo.com\/guestservice\/wp-json\/wp\/v2\/media?parent=1156"}],"wp:term":[{"taxonomy":"product_brand","embeddable":true,"href":"https:\/\/sanjosedepuembo.com\/guestservice\/wp-json\/wp\/v2\/product_brand?post=1156"},{"taxonomy":"product_cat","embeddable":true,"href":"https:\/\/sanjosedepuembo.com\/guestservice\/wp-json\/wp\/v2\/product_cat?post=1156"},{"taxonomy":"product_tag","embeddable":true,"href":"https:\/\/sanjosedepuembo.com\/guestservice\/wp-json\/wp\/v2\/product_tag?post=1156"}],"curies":[{"name":"wp","href":"https:\/\/api.w.org\/{rel}","templated":true}]}}