{"id":1155,"date":"2020-05-22T17:37:13","date_gmt":"2020-05-22T17:37:13","guid":{"rendered":"https:\/\/sanjosedepuembo.com\/guestservice\/?post_type=product&#038;p=1155"},"modified":"2024-04-09T15:28:00","modified_gmt":"2024-04-09T15:28:00","slug":"langostinos-al-limon-y-vino-blanco-lemon-and-white-wine-prawns","status":"publish","type":"product","link":"https:\/\/sanjosedepuembo.com\/guestservice\/producto\/langostinos-al-limon-y-vino-blanco-lemon-and-white-wine-prawns\/","title":{"rendered":"Langostinos al lim\u00f3n y vino blanco \/ Lemon and white wine prawns"},"content":{"rendered":"<h1><span style=\"color: #000000;\">Tres langostinos confitados al grill y ba\u00f1ados con mantequilla de pimienta de lim\u00f3n al vino blanco. Van acompa\u00f1ados con crocantes de papa y una emulsi\u00f3n de maracuy\u00e1.<\/span><\/h1>\n<p><span style=\"color: #000000;\"><strong>CONTIENE:<\/strong> LECHE, LANGOSTINOS<\/span><\/p>\n<h1><\/h1>\n<h1><span style=\"color: #000000;\"><em>Three king prawns grilled and covered with a white wine and lemon pepper butter sauce. Is served with crispy potatoes and a passion fruit emulsion.<\/em><\/span><\/h1>\n<p><span style=\"color: #000000;\"><em><strong>CONTAINS:<\/strong> MILK, PRAWNS<\/em><\/span><\/p>\n","protected":false},"excerpt":{"rendered":"<p>Tres langostinos confitados al grill y ba\u00f1ados con mantequilla de pimienta de lim\u00f3n al vino blanco. Van acompa\u00f1ados con crocantes de papa y una emulsi\u00f3n de maracuy\u00e1. CONTIENE: LECHE, LANGOSTINOS Three king prawns grilled and covered with a white wine&#8230; <\/p>\n<div class=\"readmore-section\"><a class=\"readmore-btn\" href=\"https:\/\/sanjosedepuembo.com\/guestservice\/producto\/langostinos-al-limon-y-vino-blanco-lemon-and-white-wine-prawns\/\">Seguir leyendo <i class=\"fa fa-arrow-right\"><\/i><\/a><\/div>\n","protected":false},"featured_media":1380,"template":"","meta":{"nf_dc_page":""},"product_brand":[],"product_cat":[59,71],"product_tag":[],"class_list":{"0":"post-1155","1":"product","2":"type-product","3":"status-publish","4":"has-post-thumbnail","6":"product_cat-especialesdelchef","7":"product_cat-especialesdelchefrs","9":"first","10":"instock","11":"shipping-taxable","12":"purchasable","13":"product-type-simple"},"_links":{"self":[{"href":"https:\/\/sanjosedepuembo.com\/guestservice\/wp-json\/wp\/v2\/product\/1155","targetHints":{"allow":["GET"]}}],"collection":[{"href":"https:\/\/sanjosedepuembo.com\/guestservice\/wp-json\/wp\/v2\/product"}],"about":[{"href":"https:\/\/sanjosedepuembo.com\/guestservice\/wp-json\/wp\/v2\/types\/product"}],"wp:featuredmedia":[{"embeddable":true,"href":"https:\/\/sanjosedepuembo.com\/guestservice\/wp-json\/wp\/v2\/media\/1380"}],"wp:attachment":[{"href":"https:\/\/sanjosedepuembo.com\/guestservice\/wp-json\/wp\/v2\/media?parent=1155"}],"wp:term":[{"taxonomy":"product_brand","embeddable":true,"href":"https:\/\/sanjosedepuembo.com\/guestservice\/wp-json\/wp\/v2\/product_brand?post=1155"},{"taxonomy":"product_cat","embeddable":true,"href":"https:\/\/sanjosedepuembo.com\/guestservice\/wp-json\/wp\/v2\/product_cat?post=1155"},{"taxonomy":"product_tag","embeddable":true,"href":"https:\/\/sanjosedepuembo.com\/guestservice\/wp-json\/wp\/v2\/product_tag?post=1155"}],"curies":[{"name":"wp","href":"https:\/\/api.w.org\/{rel}","templated":true}]}}