{"id":1149,"date":"2020-05-22T17:27:18","date_gmt":"2020-05-22T17:27:18","guid":{"rendered":"https:\/\/sanjosedepuembo.com\/guestservice\/?post_type=product&#038;p=1149"},"modified":"2024-04-09T15:33:54","modified_gmt":"2024-04-09T15:33:54","slug":"encocado-de-corvina-seabass-in-cocconut-sauce","status":"publish","type":"product","link":"https:\/\/sanjosedepuembo.com\/guestservice\/producto\/encocado-de-corvina-seabass-in-cocconut-sauce\/","title":{"rendered":"Encocado de corvina \/ Seabass in cocconut sauce"},"content":{"rendered":"<h1><span style=\"color: #000000;\">Al filete de corvina lo cocinamos en salsa de coco y luego colocamos una costra de pl\u00e1tano verde y sal prieta, acompa\u00f1ada arroz blanco y ensalada fresca con aderezo verde (aceite de oliva, cilantro y albahaca).<\/span><\/h1>\n<p><span style=\"color: #000000;\"><strong>CONTIENE:<\/strong> L\u00c1CTEOS, CORVINA, MAN\u00cd<\/span><\/p>\n<p>&nbsp;<\/p>\n<h1><span style=\"color: #000000;\"><em>We cook the corvina fillet in a coconut sauce and then place a green plantain crust and \u201csalprieta).\u00a0 Comes with white rice and a fresh salad with a green dressing (olive oil, coriander and basil).<\/em><\/span><\/h1>\n<p><span style=\"color: #000000;\"><em><strong>CONTAINS:<\/strong> MILK, SEA BASS, COCCONUT.<\/em><\/span><\/p>\n","protected":false},"excerpt":{"rendered":"<p>Al filete de corvina lo cocinamos en salsa de coco y luego colocamos una costra de pl\u00e1tano verde y sal prieta, acompa\u00f1ada arroz blanco y ensalada fresca con aderezo verde (aceite de oliva, cilantro y albahaca). CONTIENE: L\u00c1CTEOS, CORVINA, MAN\u00cd&#8230; <\/p>\n<div class=\"readmore-section\"><a class=\"readmore-btn\" href=\"https:\/\/sanjosedepuembo.com\/guestservice\/producto\/encocado-de-corvina-seabass-in-cocconut-sauce\/\">Seguir leyendo <i class=\"fa fa-arrow-right\"><\/i><\/a><\/div>\n","protected":false},"featured_media":1382,"template":"","meta":{"nf_dc_page":""},"product_brand":[],"product_cat":[58,70],"product_tag":[],"class_list":{"0":"post-1149","1":"product","2":"type-product","3":"status-publish","4":"has-post-thumbnail","6":"product_cat-lacocinaecuatoriana","7":"product_cat-lacocinaecuatrs","9":"first","10":"instock","11":"shipping-taxable","12":"purchasable","13":"product-type-simple"},"_links":{"self":[{"href":"https:\/\/sanjosedepuembo.com\/guestservice\/wp-json\/wp\/v2\/product\/1149","targetHints":{"allow":["GET"]}}],"collection":[{"href":"https:\/\/sanjosedepuembo.com\/guestservice\/wp-json\/wp\/v2\/product"}],"about":[{"href":"https:\/\/sanjosedepuembo.com\/guestservice\/wp-json\/wp\/v2\/types\/product"}],"wp:featuredmedia":[{"embeddable":true,"href":"https:\/\/sanjosedepuembo.com\/guestservice\/wp-json\/wp\/v2\/media\/1382"}],"wp:attachment":[{"href":"https:\/\/sanjosedepuembo.com\/guestservice\/wp-json\/wp\/v2\/media?parent=1149"}],"wp:term":[{"taxonomy":"product_brand","embeddable":true,"href":"https:\/\/sanjosedepuembo.com\/guestservice\/wp-json\/wp\/v2\/product_brand?post=1149"},{"taxonomy":"product_cat","embeddable":true,"href":"https:\/\/sanjosedepuembo.com\/guestservice\/wp-json\/wp\/v2\/product_cat?post=1149"},{"taxonomy":"product_tag","embeddable":true,"href":"https:\/\/sanjosedepuembo.com\/guestservice\/wp-json\/wp\/v2\/product_tag?post=1149"}],"curies":[{"name":"wp","href":"https:\/\/api.w.org\/{rel}","templated":true}]}}