{"id":1148,"date":"2020-05-22T17:25:24","date_gmt":"2020-05-22T17:25:24","guid":{"rendered":"https:\/\/sanjosedepuembo.com\/guestservice\/?post_type=product&#038;p=1148"},"modified":"2024-04-09T15:34:04","modified_gmt":"2024-04-09T15:34:04","slug":"arroz-con-camarones-al-estilo-esmeraldeno-cocconut-rice-with-shrimps","status":"publish","type":"product","link":"https:\/\/sanjosedepuembo.com\/guestservice\/producto\/arroz-con-camarones-al-estilo-esmeraldeno-cocconut-rice-with-shrimps\/","title":{"rendered":"Arroz con camarones al estilo esmeralde\u00f1o \/ Cocconut rice with shrimps"},"content":{"rendered":"<h1>Esta receta viene de la provincia de Esmeraldas. Primero salteamos los camarones marinados para luego ba\u00f1arlos con una cremosa salsa de coco. Finalmente lo mezclamos con arroz. Acompa\u00f1ado de chips de pl\u00e1tano verde y tartar de aguacate, tomate y cilantro.<\/h1>\n<p><strong>CONTIENE:<\/strong> LECHE, CAMARONES, COCO<\/p>\n<p>&nbsp;<\/p>\n<h1><em>This recipe comes from Ecuadorian province of Esmeraldas. We first saut\u00e9 the marinated shrimps and then we cover them up with a creamy coconut sauce, then mix them up with rice. It is served with green plantains chips and a tartar made with avocado, tomato and coriander.<\/em><\/h1>\n<p><em><strong>CONTAINS:<\/strong> MILK, SHRIMP, COCONUT.<\/em><\/p>\n","protected":false},"excerpt":{"rendered":"<p>Esta receta viene de la provincia de Esmeraldas. Primero salteamos los camarones marinados para luego ba\u00f1arlos con una cremosa salsa de coco. Finalmente lo mezclamos con arroz. Acompa\u00f1ado de chips de pl\u00e1tano verde y tartar de aguacate, tomate y cilantro&#8230;. <\/p>\n<div class=\"readmore-section\"><a class=\"readmore-btn\" href=\"https:\/\/sanjosedepuembo.com\/guestservice\/producto\/arroz-con-camarones-al-estilo-esmeraldeno-cocconut-rice-with-shrimps\/\">Seguir leyendo <i class=\"fa fa-arrow-right\"><\/i><\/a><\/div>\n","protected":false},"featured_media":1251,"template":"","meta":{"nf_dc_page":""},"product_brand":[],"product_cat":[58,70],"product_tag":[],"class_list":{"0":"post-1148","1":"product","2":"type-product","3":"status-publish","4":"has-post-thumbnail","6":"product_cat-lacocinaecuatoriana","7":"product_cat-lacocinaecuatrs","9":"first","10":"instock","11":"shipping-taxable","12":"purchasable","13":"product-type-simple"},"_links":{"self":[{"href":"https:\/\/sanjosedepuembo.com\/guestservice\/wp-json\/wp\/v2\/product\/1148","targetHints":{"allow":["GET"]}}],"collection":[{"href":"https:\/\/sanjosedepuembo.com\/guestservice\/wp-json\/wp\/v2\/product"}],"about":[{"href":"https:\/\/sanjosedepuembo.com\/guestservice\/wp-json\/wp\/v2\/types\/product"}],"wp:featuredmedia":[{"embeddable":true,"href":"https:\/\/sanjosedepuembo.com\/guestservice\/wp-json\/wp\/v2\/media\/1251"}],"wp:attachment":[{"href":"https:\/\/sanjosedepuembo.com\/guestservice\/wp-json\/wp\/v2\/media?parent=1148"}],"wp:term":[{"taxonomy":"product_brand","embeddable":true,"href":"https:\/\/sanjosedepuembo.com\/guestservice\/wp-json\/wp\/v2\/product_brand?post=1148"},{"taxonomy":"product_cat","embeddable":true,"href":"https:\/\/sanjosedepuembo.com\/guestservice\/wp-json\/wp\/v2\/product_cat?post=1148"},{"taxonomy":"product_tag","embeddable":true,"href":"https:\/\/sanjosedepuembo.com\/guestservice\/wp-json\/wp\/v2\/product_tag?post=1148"}],"curies":[{"name":"wp","href":"https:\/\/api.w.org\/{rel}","templated":true}]}}