{"id":1144,"date":"2020-05-22T17:12:25","date_gmt":"2020-05-22T17:12:25","guid":{"rendered":"https:\/\/sanjosedepuembo.com\/guestservice\/?post_type=product&#038;p=1144"},"modified":"2024-04-09T15:35:47","modified_gmt":"2024-04-09T15:35:47","slug":"sandwich-de-pollo-bbq-bbq-chicken-sandwich","status":"publish","type":"product","link":"https:\/\/sanjosedepuembo.com\/guestservice\/producto\/sandwich-de-pollo-bbq-bbq-chicken-sandwich\/","title":{"rendered":"S\u00e1ndwich De Pollo BBQ \/ BBQ Chicken Sandwich"},"content":{"rendered":"<h1><span style=\"color: #000000;\">Pechuga de pollo apanada y ba\u00f1ada con salsa BBQ, va con queso Provolone, ensalada de col y tomate pera en pan de ajonjol\u00ed, acompa\u00f1ado de papas fritas.<\/span><\/h1>\n<p><span style=\"color: #000000;\"><strong>CONTIENE:<\/strong> LECHE, GLUTEN (TRIGO)<\/span><\/p>\n<h1><span style=\"color: #000000;\"><em>Breaded chicken breast dipped in BBQ sauce with Provolone cheese, coleslaw, and plum tomato in a sesame bread bun comes with French fries.<\/em><\/span><\/h1>\n<p><span style=\"color: #000000;\"><em><strong>CONTAINS:<\/strong> MILK, GLUTEN (WHEAT)<\/em><\/span><\/p>\n","protected":false},"excerpt":{"rendered":"<p>Pechuga de pollo apanada y ba\u00f1ada con salsa BBQ, va con queso Provolone, ensalada de col y tomate pera en pan de ajonjol\u00ed, acompa\u00f1ado de papas fritas. CONTIENE: LECHE, GLUTEN (TRIGO) Breaded chicken breast dipped in BBQ sauce with Provolone&#8230; <\/p>\n<div class=\"readmore-section\"><a class=\"readmore-btn\" href=\"https:\/\/sanjosedepuembo.com\/guestservice\/producto\/sandwich-de-pollo-bbq-bbq-chicken-sandwich\/\">Seguir leyendo <i class=\"fa fa-arrow-right\"><\/i><\/a><\/div>\n","protected":false},"featured_media":1383,"template":"","meta":{"nf_dc_page":""},"product_brand":[],"product_cat":[57,69],"product_tag":[],"class_list":{"0":"post-1144","1":"product","2":"type-product","3":"status-publish","4":"has-post-thumbnail","6":"product_cat-sanduchesyhamb","7":"product_cat-sandyhambrs","9":"first","10":"instock","11":"shipping-taxable","12":"purchasable","13":"product-type-simple"},"_links":{"self":[{"href":"https:\/\/sanjosedepuembo.com\/guestservice\/wp-json\/wp\/v2\/product\/1144","targetHints":{"allow":["GET"]}}],"collection":[{"href":"https:\/\/sanjosedepuembo.com\/guestservice\/wp-json\/wp\/v2\/product"}],"about":[{"href":"https:\/\/sanjosedepuembo.com\/guestservice\/wp-json\/wp\/v2\/types\/product"}],"wp:featuredmedia":[{"embeddable":true,"href":"https:\/\/sanjosedepuembo.com\/guestservice\/wp-json\/wp\/v2\/media\/1383"}],"wp:attachment":[{"href":"https:\/\/sanjosedepuembo.com\/guestservice\/wp-json\/wp\/v2\/media?parent=1144"}],"wp:term":[{"taxonomy":"product_brand","embeddable":true,"href":"https:\/\/sanjosedepuembo.com\/guestservice\/wp-json\/wp\/v2\/product_brand?post=1144"},{"taxonomy":"product_cat","embeddable":true,"href":"https:\/\/sanjosedepuembo.com\/guestservice\/wp-json\/wp\/v2\/product_cat?post=1144"},{"taxonomy":"product_tag","embeddable":true,"href":"https:\/\/sanjosedepuembo.com\/guestservice\/wp-json\/wp\/v2\/product_tag?post=1144"}],"curies":[{"name":"wp","href":"https:\/\/api.w.org\/{rel}","templated":true}]}}