{"id":1143,"date":"2020-05-22T17:10:42","date_gmt":"2020-05-22T17:10:42","guid":{"rendered":"https:\/\/sanjosedepuembo.com\/guestservice\/?post_type=product&#038;p=1143"},"modified":"2024-04-09T15:35:59","modified_gmt":"2024-04-09T15:35:59","slug":"sandwich-de-lomo-fino-beef-tenderloin-sandwich","status":"publish","type":"product","link":"https:\/\/sanjosedepuembo.com\/guestservice\/producto\/sandwich-de-lomo-fino-beef-tenderloin-sandwich\/","title":{"rendered":"S\u00e1ndwich De Lomo Fino \/ Beef Tenderloin Sandwich"},"content":{"rendered":"<h1><span style=\"color: #000000;\">L\u00e1minas de lomo fino maceradas a las finas hierbas y asadas a la plancha, acompa\u00f1adas de tomate, lechuga y aguacate en pan baguette y se acompa\u00f1a con papas fritas.<\/span><\/h1>\n<p><span style=\"color: #000000;\"><strong>CONTIENE:<\/strong> GLUTEN (TRIGO)<\/span><\/p>\n<h1><span style=\"color: #000000;\"><em>Slices of grilled tenderloin beef seasoned in fine herbs, comes with tomato, lettuce, and avocado in a baguette bread and comes with French fries.<\/em><\/span><\/h1>\n<p><span style=\"color: #000000;\"><em><strong>CONTAINS:<\/strong> GLUTEN (WHEAT)<\/em><\/span><\/p>\n","protected":false},"excerpt":{"rendered":"<p>L\u00e1minas de lomo fino maceradas a las finas hierbas y asadas a la plancha, acompa\u00f1adas de tomate, lechuga y aguacate en pan baguette y se acompa\u00f1a con papas fritas. CONTIENE: GLUTEN (TRIGO) Slices of grilled tenderloin beef seasoned in fine&#8230; <\/p>\n<div class=\"readmore-section\"><a class=\"readmore-btn\" href=\"https:\/\/sanjosedepuembo.com\/guestservice\/producto\/sandwich-de-lomo-fino-beef-tenderloin-sandwich\/\">Seguir leyendo <i class=\"fa fa-arrow-right\"><\/i><\/a><\/div>\n","protected":false},"featured_media":1384,"template":"","meta":{"nf_dc_page":""},"product_brand":[],"product_cat":[57,69],"product_tag":[],"class_list":{"0":"post-1143","1":"product","2":"type-product","3":"status-publish","4":"has-post-thumbnail","6":"product_cat-sanduchesyhamb","7":"product_cat-sandyhambrs","9":"first","10":"instock","11":"shipping-taxable","12":"purchasable","13":"product-type-simple"},"_links":{"self":[{"href":"https:\/\/sanjosedepuembo.com\/guestservice\/wp-json\/wp\/v2\/product\/1143","targetHints":{"allow":["GET"]}}],"collection":[{"href":"https:\/\/sanjosedepuembo.com\/guestservice\/wp-json\/wp\/v2\/product"}],"about":[{"href":"https:\/\/sanjosedepuembo.com\/guestservice\/wp-json\/wp\/v2\/types\/product"}],"wp:featuredmedia":[{"embeddable":true,"href":"https:\/\/sanjosedepuembo.com\/guestservice\/wp-json\/wp\/v2\/media\/1384"}],"wp:attachment":[{"href":"https:\/\/sanjosedepuembo.com\/guestservice\/wp-json\/wp\/v2\/media?parent=1143"}],"wp:term":[{"taxonomy":"product_brand","embeddable":true,"href":"https:\/\/sanjosedepuembo.com\/guestservice\/wp-json\/wp\/v2\/product_brand?post=1143"},{"taxonomy":"product_cat","embeddable":true,"href":"https:\/\/sanjosedepuembo.com\/guestservice\/wp-json\/wp\/v2\/product_cat?post=1143"},{"taxonomy":"product_tag","embeddable":true,"href":"https:\/\/sanjosedepuembo.com\/guestservice\/wp-json\/wp\/v2\/product_tag?post=1143"}],"curies":[{"name":"wp","href":"https:\/\/api.w.org\/{rel}","templated":true}]}}