{"id":1139,"date":"2020-05-22T17:05:09","date_gmt":"2020-05-22T17:05:09","guid":{"rendered":"https:\/\/sanjosedepuembo.com\/guestservice\/?post_type=product&#038;p=1139"},"modified":"2024-04-09T15:36:53","modified_gmt":"2024-04-09T15:36:53","slug":"caldo-de-pata-cow-foot-soup","status":"publish","type":"product","link":"https:\/\/sanjosedepuembo.com\/guestservice\/producto\/caldo-de-pata-cow-foot-soup\/","title":{"rendered":"Caldo De Pata \/ Cow Foot Soup"},"content":{"rendered":"<h1>La \u00fanica cura cient\u00edficamente comprobada para el chuchaqui (goma, cruda, resaca, guayabo o rat\u00f3n). Se elabora un caldo mediante la cocci\u00f3n lenta de patas de res y luego se a\u00f1ade especias, mote y pasta de man\u00ed.<\/h1>\n<p><strong>CONTIENE:<\/strong> MAN\u00cd.<\/p>\n<p>&nbsp;<\/p>\n<h1><em>The only scientifically proven cure for the hangover. We make a broth by slow cooking beef feet, we then add spices, cooked maize and peanut paste.<\/em><\/h1>\n<p><em><strong>CONTAINS:<\/strong> PEANUTS.<\/em><\/p>\n","protected":false},"excerpt":{"rendered":"<p>La \u00fanica cura cient\u00edficamente comprobada para el chuchaqui (goma, cruda, resaca, guayabo o rat\u00f3n). Se elabora un caldo mediante la cocci\u00f3n lenta de patas de res y luego se a\u00f1ade especias, mote y pasta de man\u00ed. CONTIENE: MAN\u00cd. &nbsp; The&#8230; <\/p>\n<div class=\"readmore-section\"><a class=\"readmore-btn\" href=\"https:\/\/sanjosedepuembo.com\/guestservice\/producto\/caldo-de-pata-cow-foot-soup\/\">Seguir leyendo <i class=\"fa fa-arrow-right\"><\/i><\/a><\/div>\n","protected":false},"featured_media":1773,"template":"","meta":{"nf_dc_page":""},"product_brand":[],"product_cat":[86,36,68],"product_tag":[],"class_list":{"0":"post-1139","1":"product","2":"type-product","3":"status-publish","4":"has-post-thumbnail","6":"product_cat-entradasgeneral","7":"product_cat-sopas","8":"product_cat-sopasrs","10":"first","11":"instock","12":"shipping-taxable","13":"purchasable","14":"product-type-simple"},"_links":{"self":[{"href":"https:\/\/sanjosedepuembo.com\/guestservice\/wp-json\/wp\/v2\/product\/1139","targetHints":{"allow":["GET"]}}],"collection":[{"href":"https:\/\/sanjosedepuembo.com\/guestservice\/wp-json\/wp\/v2\/product"}],"about":[{"href":"https:\/\/sanjosedepuembo.com\/guestservice\/wp-json\/wp\/v2\/types\/product"}],"wp:featuredmedia":[{"embeddable":true,"href":"https:\/\/sanjosedepuembo.com\/guestservice\/wp-json\/wp\/v2\/media\/1773"}],"wp:attachment":[{"href":"https:\/\/sanjosedepuembo.com\/guestservice\/wp-json\/wp\/v2\/media?parent=1139"}],"wp:term":[{"taxonomy":"product_brand","embeddable":true,"href":"https:\/\/sanjosedepuembo.com\/guestservice\/wp-json\/wp\/v2\/product_brand?post=1139"},{"taxonomy":"product_cat","embeddable":true,"href":"https:\/\/sanjosedepuembo.com\/guestservice\/wp-json\/wp\/v2\/product_cat?post=1139"},{"taxonomy":"product_tag","embeddable":true,"href":"https:\/\/sanjosedepuembo.com\/guestservice\/wp-json\/wp\/v2\/product_tag?post=1139"}],"curies":[{"name":"wp","href":"https:\/\/api.w.org\/{rel}","templated":true}]}}