{"id":1137,"date":"2020-05-22T16:39:29","date_gmt":"2020-05-22T16:39:29","guid":{"rendered":"https:\/\/sanjosedepuembo.com\/guestservice\/?post_type=product&#038;p=1137"},"modified":"2024-04-09T15:37:09","modified_gmt":"2024-04-09T15:37:09","slug":"locro-quiteno-potato-soup","status":"publish","type":"product","link":"https:\/\/sanjosedepuembo.com\/guestservice\/producto\/locro-quiteno-potato-soup\/","title":{"rendered":"Locro Quite\u00f1o \/ Potato Soup"},"content":{"rendered":"<h1>Del Quichua<strong> \u201cruqru\u201d<\/strong>, una sopa tradicional hecha a base de papa chola, que es la clave del sabor \u00fanico. Las papas se derriten mediante un proceso de cocci\u00f3n lenta. Se acompa\u00f1a con queso fresco, aguacate, chulpi y chicharr\u00f3n.<\/h1>\n<p><strong>CONTIENE:<\/strong> L\u00c1CTEOS.<\/p>\n<p>&nbsp;<\/p>\n<h1><em>From the Quechua-word <strong>\u201cRuqru\u201d<\/strong>, a traditional soup made with our special locally grown potato called Chola, which is the key for the unique flavor of the soup. The potatoes are cooked until they are melted by a slow cooking process. Served with white cheese, avocado, chulpi (toasted Andean corn) and pork cracklings.<\/em><\/h1>\n<p><em><strong>CONTAINS:<\/strong> MILK<\/em><\/p>\n<p>&nbsp;<\/p>\n<p>Opci\u00f3n de porci\u00f3n Junior \/ <em>Junior size<\/em><\/p>\n","protected":false},"excerpt":{"rendered":"<p>Del Quichua \u201cruqru\u201d, una sopa tradicional hecha a base de papa chola, que es la clave del sabor \u00fanico. Las papas se derriten mediante un proceso de cocci\u00f3n lenta. Se acompa\u00f1a con queso fresco, aguacate, chulpi y chicharr\u00f3n. CONTIENE: L\u00c1CTEOS&#8230;. <\/p>\n<div class=\"readmore-section\"><a class=\"readmore-btn\" href=\"https:\/\/sanjosedepuembo.com\/guestservice\/producto\/locro-quiteno-potato-soup\/\">Seguir leyendo <i class=\"fa fa-arrow-right\"><\/i><\/a><\/div>\n","protected":false},"featured_media":1252,"template":"","meta":{"nf_dc_page":""},"product_brand":[],"product_cat":[86,36,68],"product_tag":[],"class_list":{"0":"post-1137","1":"product","2":"type-product","3":"status-publish","4":"has-post-thumbnail","6":"product_cat-entradasgeneral","7":"product_cat-sopas","8":"product_cat-sopasrs","10":"first","11":"instock","12":"shipping-taxable","13":"purchasable","14":"product-type-simple"},"_links":{"self":[{"href":"https:\/\/sanjosedepuembo.com\/guestservice\/wp-json\/wp\/v2\/product\/1137","targetHints":{"allow":["GET"]}}],"collection":[{"href":"https:\/\/sanjosedepuembo.com\/guestservice\/wp-json\/wp\/v2\/product"}],"about":[{"href":"https:\/\/sanjosedepuembo.com\/guestservice\/wp-json\/wp\/v2\/types\/product"}],"wp:featuredmedia":[{"embeddable":true,"href":"https:\/\/sanjosedepuembo.com\/guestservice\/wp-json\/wp\/v2\/media\/1252"}],"wp:attachment":[{"href":"https:\/\/sanjosedepuembo.com\/guestservice\/wp-json\/wp\/v2\/media?parent=1137"}],"wp:term":[{"taxonomy":"product_brand","embeddable":true,"href":"https:\/\/sanjosedepuembo.com\/guestservice\/wp-json\/wp\/v2\/product_brand?post=1137"},{"taxonomy":"product_cat","embeddable":true,"href":"https:\/\/sanjosedepuembo.com\/guestservice\/wp-json\/wp\/v2\/product_cat?post=1137"},{"taxonomy":"product_tag","embeddable":true,"href":"https:\/\/sanjosedepuembo.com\/guestservice\/wp-json\/wp\/v2\/product_tag?post=1137"}],"curies":[{"name":"wp","href":"https:\/\/api.w.org\/{rel}","templated":true}]}}