{"id":1126,"date":"2020-05-21T16:32:08","date_gmt":"2020-05-21T16:32:08","guid":{"rendered":"https:\/\/sanjosedepuembo.com\/guestservice\/?post_type=product&#038;p=1126"},"modified":"2024-04-09T15:37:29","modified_gmt":"2024-04-09T15:37:29","slug":"ceviche-limeno-ceviche-limeno-peruvian-style-dish","status":"publish","type":"product","link":"https:\/\/sanjosedepuembo.com\/guestservice\/producto\/ceviche-limeno-ceviche-limeno-peruvian-style-dish\/","title":{"rendered":"Ceviche Lime\u00f1o \/ Ceviche \u201cLime\u00f1o\u201d (Peruvian-Style Dish)"},"content":{"rendered":"<h1>Al pescado fresco del d\u00eda lo cortamos en dados y lo maceramos en lim\u00f3n, l\u00e1minas de cebolla paite\u00f1a, aj\u00ed rocoto y cilantro. Lo acompa\u00f1amos con ma\u00edz tierno, camote, ma\u00edz tostado y chips de pl\u00e1tano verde.<\/h1>\n<p><strong>CONTIENE:<\/strong> PESCADO (DORADO), APIO<\/p>\n<p>&nbsp;<\/p>\n<h1><em>We cut in dices the catch of the day and then we marinate it in a lemon juice mixed with slices of red onion, \u201crocoto\u201d hot peppers, cilantro. We served it with corn, sweet potatoes, tostado (toasted corn), and fried green plantain chips.<\/em><\/h1>\n<p><em><strong>CONTAINS:<\/strong> FISH (MAHI MAHI), CELERY<\/em><\/p>\n","protected":false},"excerpt":{"rendered":"<p>Al pescado fresco del d\u00eda lo cortamos en dados y lo maceramos en lim\u00f3n, l\u00e1minas de cebolla paite\u00f1a, aj\u00ed rocoto y cilantro. Lo acompa\u00f1amos con ma\u00edz tierno, camote, ma\u00edz tostado y chips de pl\u00e1tano verde. CONTIENE: PESCADO (DORADO), APIO &nbsp;&#8230; <\/p>\n<div class=\"readmore-section\"><a class=\"readmore-btn\" href=\"https:\/\/sanjosedepuembo.com\/guestservice\/producto\/ceviche-limeno-ceviche-limeno-peruvian-style-dish\/\">Seguir leyendo <i class=\"fa fa-arrow-right\"><\/i><\/a><\/div>\n","protected":false},"featured_media":1253,"template":"","meta":{"nf_dc_page":""},"product_brand":[],"product_cat":[30,67,86],"product_tag":[],"class_list":{"0":"post-1126","1":"product","2":"type-product","3":"status-publish","4":"has-post-thumbnail","6":"product_cat-ceviches","7":"product_cat-cevichesrs","8":"product_cat-entradasgeneral","10":"first","11":"instock","12":"shipping-taxable","13":"purchasable","14":"product-type-simple"},"_links":{"self":[{"href":"https:\/\/sanjosedepuembo.com\/guestservice\/wp-json\/wp\/v2\/product\/1126","targetHints":{"allow":["GET"]}}],"collection":[{"href":"https:\/\/sanjosedepuembo.com\/guestservice\/wp-json\/wp\/v2\/product"}],"about":[{"href":"https:\/\/sanjosedepuembo.com\/guestservice\/wp-json\/wp\/v2\/types\/product"}],"wp:featuredmedia":[{"embeddable":true,"href":"https:\/\/sanjosedepuembo.com\/guestservice\/wp-json\/wp\/v2\/media\/1253"}],"wp:attachment":[{"href":"https:\/\/sanjosedepuembo.com\/guestservice\/wp-json\/wp\/v2\/media?parent=1126"}],"wp:term":[{"taxonomy":"product_brand","embeddable":true,"href":"https:\/\/sanjosedepuembo.com\/guestservice\/wp-json\/wp\/v2\/product_brand?post=1126"},{"taxonomy":"product_cat","embeddable":true,"href":"https:\/\/sanjosedepuembo.com\/guestservice\/wp-json\/wp\/v2\/product_cat?post=1126"},{"taxonomy":"product_tag","embeddable":true,"href":"https:\/\/sanjosedepuembo.com\/guestservice\/wp-json\/wp\/v2\/product_tag?post=1126"}],"curies":[{"name":"wp","href":"https:\/\/api.w.org\/{rel}","templated":true}]}}