{"id":1125,"date":"2020-05-21T16:30:34","date_gmt":"2020-05-21T16:30:34","guid":{"rendered":"https:\/\/sanjosedepuembo.com\/guestservice\/?post_type=product&#038;p=1125"},"modified":"2024-04-09T15:37:46","modified_gmt":"2024-04-09T15:37:46","slug":"ceviche-valentina-valentina-style-ceviche","status":"publish","type":"product","link":"https:\/\/sanjosedepuembo.com\/guestservice\/producto\/ceviche-valentina-valentina-style-ceviche\/","title":{"rendered":"Ceviche Valentina \/ Valentina-Style Ceviche"},"content":{"rendered":"<h1><span style=\"color: #000000;\"><strong>\u00a1Una creaci\u00f3n de la casa!<\/strong> deliciosa combinaci\u00f3n de camarones en un jugo hecho con lim\u00f3n, tomate, cilantro, mostaza, aceitunas y dados de aguacate. Perfumados con un peque\u00f1o toque picante de nuestra salsa Valentina.<\/span><\/h1>\n<p><span style=\"color: #000000;\"><strong>CONTIENE:<\/strong> CAMARON, MOSTAZA<\/span><\/p>\n<h1><span style=\"color: #000000;\"><em><strong>A house special!<\/strong> We marinate shrimp in juice made with lemon, tomato, cilantro, mustard, olives and avocado dices.\u00a0 Scented with a slight spicy touch from our home-made Valentina sauce.<\/em><\/span><\/h1>\n<p><span style=\"color: #000000;\"><em><strong>CONTAINS:<\/strong> SHRIMP. MUSTARD<\/em><\/span><\/p>\n<p>&nbsp;<\/p>\n<h1><span style=\"color: #000000;\"><strong>VEGAN option: <\/strong><strong>Con palmito \/ with hearts of palm<\/strong><\/span><\/h1>\n<p>&nbsp;<\/p>\n<p>&nbsp;<\/p>\n<p>&nbsp;<\/p>\n","protected":false},"excerpt":{"rendered":"<p>\u00a1Una creaci\u00f3n de la casa! deliciosa combinaci\u00f3n de camarones en un jugo hecho con lim\u00f3n, tomate, cilantro, mostaza, aceitunas y dados de aguacate. Perfumados con un peque\u00f1o toque picante de nuestra salsa Valentina. CONTIENE: CAMARON, MOSTAZA A house special! We&#8230; <\/p>\n<div class=\"readmore-section\"><a class=\"readmore-btn\" href=\"https:\/\/sanjosedepuembo.com\/guestservice\/producto\/ceviche-valentina-valentina-style-ceviche\/\">Seguir leyendo <i class=\"fa fa-arrow-right\"><\/i><\/a><\/div>\n","protected":false},"featured_media":1388,"template":"","meta":{"nf_dc_page":""},"product_brand":[],"product_cat":[30,67,86],"product_tag":[],"class_list":{"0":"post-1125","1":"product","2":"type-product","3":"status-publish","4":"has-post-thumbnail","6":"product_cat-ceviches","7":"product_cat-cevichesrs","8":"product_cat-entradasgeneral","10":"first","11":"instock","12":"shipping-taxable","13":"purchasable","14":"product-type-simple"},"_links":{"self":[{"href":"https:\/\/sanjosedepuembo.com\/guestservice\/wp-json\/wp\/v2\/product\/1125","targetHints":{"allow":["GET"]}}],"collection":[{"href":"https:\/\/sanjosedepuembo.com\/guestservice\/wp-json\/wp\/v2\/product"}],"about":[{"href":"https:\/\/sanjosedepuembo.com\/guestservice\/wp-json\/wp\/v2\/types\/product"}],"wp:featuredmedia":[{"embeddable":true,"href":"https:\/\/sanjosedepuembo.com\/guestservice\/wp-json\/wp\/v2\/media\/1388"}],"wp:attachment":[{"href":"https:\/\/sanjosedepuembo.com\/guestservice\/wp-json\/wp\/v2\/media?parent=1125"}],"wp:term":[{"taxonomy":"product_brand","embeddable":true,"href":"https:\/\/sanjosedepuembo.com\/guestservice\/wp-json\/wp\/v2\/product_brand?post=1125"},{"taxonomy":"product_cat","embeddable":true,"href":"https:\/\/sanjosedepuembo.com\/guestservice\/wp-json\/wp\/v2\/product_cat?post=1125"},{"taxonomy":"product_tag","embeddable":true,"href":"https:\/\/sanjosedepuembo.com\/guestservice\/wp-json\/wp\/v2\/product_tag?post=1125"}],"curies":[{"name":"wp","href":"https:\/\/api.w.org\/{rel}","templated":true}]}}