{"id":1803,"date":"2020-07-09T20:50:34","date_gmt":"2020-07-09T20:50:34","guid":{"rendered":"https:\/\/sanjosedepuembo.com\/guestservice\/?page_id=1803"},"modified":"2021-11-23T14:57:51","modified_gmt":"2021-11-23T14:57:51","slug":"sugerencias-del-dia","status":"publish","type":"page","link":"https:\/\/sanjosedepuembo.com\/guestservice\/sugerencias-del-dia\/","title":{"rendered":"Sugerencias del d\u00eda"},"content":{"rendered":"\t\t<div data-elementor-type=\"wp-post\" data-elementor-id=\"1803\" class=\"elementor elementor-1803\">\n\t\t\t\t\t\t<section class=\"elementor-section elementor-top-section elementor-element elementor-element-16b73b1 elementor-section-boxed elementor-section-height-default elementor-section-height-default\" data-id=\"16b73b1\" data-element_type=\"section\" data-e-type=\"section\" data-settings=\"{&quot;background_background&quot;:&quot;classic&quot;}\">\n\t\t\t\t\t\t<div class=\"elementor-container elementor-column-gap-default\">\n\t\t\t\t\t<div class=\"elementor-column elementor-col-100 elementor-top-column elementor-element elementor-element-4562a5b\" data-id=\"4562a5b\" data-element_type=\"column\" data-e-type=\"column\">\n\t\t\t<div class=\"elementor-widget-wrap elementor-element-populated\">\n\t\t\t\t\t\t<div class=\"elementor-element elementor-element-244587f elementor-widget elementor-widget-shortcode\" data-id=\"244587f\" data-element_type=\"widget\" data-e-type=\"widget\" data-widget_type=\"shortcode.default\">\n\t\t\t\t<div class=\"elementor-widget-container\">\n\t\t\t\t\t\t\t<div class=\"elementor-shortcode\"><input type=\"button\" value=\"Back\" class=\"alg_back_button_input \" style=\"\" onclick=\"window.history.back()\" \/><\/div>\n\t\t\t\t\t\t<\/div>\n\t\t\t\t<\/div>\n\t\t\t\t<div class=\"elementor-element elementor-element-10307af elementor-widget elementor-widget-text-editor\" data-id=\"10307af\" data-element_type=\"widget\" data-e-type=\"widget\" data-widget_type=\"text-editor.default\">\n\t\t\t\t<div class=\"elementor-widget-container\">\n\t\t\t\t\t\t\t\t\t<p style=\"text-align: center;\"><em>PRECIOS INCLUYEN 12% DE IVA Y 10% DE SERVICIO (22%) \/ PRICES INCLUDE 12% VAT AND 10% TIP (22%)<\/em><\/p>\t\t\t\t\t\t\t\t<\/div>\n\t\t\t\t<\/div>\n\t\t\t\t<div class=\"elementor-element elementor-element-a343ff4 animated-slow elementor-invisible elementor-widget elementor-widget-heading\" data-id=\"a343ff4\" data-element_type=\"widget\" data-e-type=\"widget\" data-settings=\"{&quot;_animation&quot;:&quot;fadeInUp&quot;}\" data-widget_type=\"heading.default\">\n\t\t\t\t<div class=\"elementor-widget-container\">\n\t\t\t\t\t<h2 class=\"elementor-heading-title elementor-size-default\">Sugerencias del D\u00eda<\/h2>\t\t\t\t<\/div>\n\t\t\t\t<\/div>\n\t\t\t\t<div class=\"elementor-element elementor-element-fca5e0a elementor-widget-divider--view-line elementor-widget elementor-widget-divider\" data-id=\"fca5e0a\" data-element_type=\"widget\" data-e-type=\"widget\" data-widget_type=\"divider.default\">\n\t\t\t\t<div class=\"elementor-widget-container\">\n\t\t\t\t\t\t\t<div class=\"elementor-divider\">\n\t\t\t<span class=\"elementor-divider-separator\">\n\t\t\t\t\t\t<\/span>\n\t\t<\/div>\n\t\t\t\t\t\t<\/div>\n\t\t\t\t<\/div>\n\t\t\t\t<div class=\"elementor-element elementor-element-3e9b432 elementor-widget elementor-widget-text-editor\" data-id=\"3e9b432\" data-element_type=\"widget\" data-e-type=\"widget\" data-widget_type=\"text-editor.default\">\n\t\t\t\t<div class=\"elementor-widget-container\">\n\t\t\t\t\t\t\t\t\t<div class=\"woocommerce columns-3 \"><ul class=\"products columns-3\">\n<li class=\"product type-product post-1954 status-publish first instock product_cat-especialesdelchef product_cat-especialesdelchefrs product_cat-sugerencias has-post-thumbnail shipping-taxable purchasable product-type-simple\">\n\t<a href=\"https:\/\/sanjosedepuembo.com\/guestservice\/producto\/ayampaco-de-paiche-san-jose\/\" class=\"woocommerce-LoopProduct-link woocommerce-loop-product__link\"><img fetchpriority=\"high\" decoding=\"async\" width=\"300\" height=\"300\" src=\"https:\/\/sanjosedepuembo.com\/guestservice\/wp-content\/uploads\/2020\/11\/ayampaco-300x300.jpg\" class=\"attachment-woocommerce_thumbnail size-woocommerce_thumbnail\" alt=\"Ayampaco de Paiche &quot;San Jos\u00e9&quot;\" srcset=\"https:\/\/sanjosedepuembo.com\/guestservice\/wp-content\/uploads\/2020\/11\/ayampaco-300x300.jpg 300w, https:\/\/sanjosedepuembo.com\/guestservice\/wp-content\/uploads\/2020\/11\/ayampaco-150x150.jpg 150w, https:\/\/sanjosedepuembo.com\/guestservice\/wp-content\/uploads\/2020\/11\/ayampaco-600x600.jpg 600w, https:\/\/sanjosedepuembo.com\/guestservice\/wp-content\/uploads\/2020\/11\/ayampaco-100x100.jpg 100w, https:\/\/sanjosedepuembo.com\/guestservice\/wp-content\/uploads\/2020\/11\/ayampaco.jpg 720w\" sizes=\"(max-width: 300px) 100vw, 300px\" \/><h2 class=\"woocommerce-loop-product__title\">Ayampaco de Paiche &#8220;San Jos\u00e9&#8221;<\/h2>\n\t<span class=\"price\"><span class=\"woocommerce-Price-amount amount\"><bdi><span class=\"woocommerce-Price-currencySymbol\">&#36;<\/span>&nbsp;18.39<\/bdi><\/span><\/span>\n<\/a><a href=\"\/guestservice\/wp-json\/wp\/v2\/pages\/1803?add-to-cart=1954\" aria-describedby=\"woocommerce_loop_add_to_cart_link_describedby_1954\" data-quantity=\"1\" class=\"button product_type_simple add_to_cart_button ajax_add_to_cart\" data-product_id=\"1954\" data-product_sku=\"\" aria-label=\"A\u00f1adir al carrito: &ldquo;Ayampaco de Paiche &quot;San Jos\u00e9&quot;&rdquo;\" rel=\"nofollow\" data-success_message=\"\u00abAyampaco de Paiche &quot;San Jos\u00e9&quot;\u00bb se ha a\u00f1adido a tu carrito\" role=\"button\">A\u00f1adir al carrito<\/a>\t<span id=\"woocommerce_loop_add_to_cart_link_describedby_1954\" class=\"screen-reader-text\">\n\t\t\t<\/span>\n<div class=\"tinv-wraper woocommerce tinv-wishlist tinvwl-after-add-to-cart tinvwl-loop-button-wrapper tinvwl-woocommerce_after_shop_loop_item\"\r\n\t data-tinvwl_product_id=\"1954\">\r\n\t<div class=\"tinv-wishlist-clear\"><\/div><a role=\"button\" tabindex=\"0\" name=\"add-to-wishlist\" aria-label=\"Add to Wishlist\" class=\"tinvwl_add_to_wishlist_button tinvwl-icon-heart  tinvwl-position-after tinvwl-loop\" data-tinv-wl-list=\"[]\" data-tinv-wl-product=\"1954\" data-tinv-wl-productvariation=\"0\" data-tinv-wl-productvariations=\"[]\" data-tinv-wl-producttype=\"simple\" data-tinv-wl-action=\"add\"><span class=\"tinvwl_add_to_wishlist-text\">Add to Wishlist<\/span><\/a><div class=\"tinv-wishlist-clear\"><\/div>\t\t<div\r\n\t\tclass=\"tinvwl-tooltip\">Add to Wishlist<\/div>\r\n<\/div>\r\n<\/li>\n<li class=\"product type-product post-1147 status-publish instock product_cat-lacocinaecuatoriana product_cat-lacocinaecuatrs product_cat-sugerencias has-post-thumbnail shipping-taxable purchasable product-type-simple\">\n\t<a href=\"https:\/\/sanjosedepuembo.com\/guestservice\/producto\/el-menu-tipico-a-very-traditional-combination\/\" class=\"woocommerce-LoopProduct-link woocommerce-loop-product__link\"><img decoding=\"async\" width=\"300\" height=\"300\" src=\"https:\/\/sanjosedepuembo.com\/guestservice\/wp-content\/uploads\/2020\/05\/DSC_0086-300x300.jpg\" class=\"attachment-woocommerce_thumbnail size-woocommerce_thumbnail\" alt=\"El Men\u00fa T\u00edpico \/ A very traditional combination\" srcset=\"https:\/\/sanjosedepuembo.com\/guestservice\/wp-content\/uploads\/2020\/05\/DSC_0086-300x300.jpg 300w, https:\/\/sanjosedepuembo.com\/guestservice\/wp-content\/uploads\/2020\/05\/DSC_0086-1024x1024.jpg 1024w, https:\/\/sanjosedepuembo.com\/guestservice\/wp-content\/uploads\/2020\/05\/DSC_0086-150x150.jpg 150w, https:\/\/sanjosedepuembo.com\/guestservice\/wp-content\/uploads\/2020\/05\/DSC_0086-768x768.jpg 768w, https:\/\/sanjosedepuembo.com\/guestservice\/wp-content\/uploads\/2020\/05\/DSC_0086-600x600.jpg 600w, https:\/\/sanjosedepuembo.com\/guestservice\/wp-content\/uploads\/2020\/05\/DSC_0086-100x100.jpg 100w, https:\/\/sanjosedepuembo.com\/guestservice\/wp-content\/uploads\/2020\/05\/DSC_0086.jpg 1440w\" sizes=\"(max-width: 300px) 100vw, 300px\" \/><h2 class=\"woocommerce-loop-product__title\">El Men\u00fa T\u00edpico \/ A very traditional combination<\/h2>\n\t<span class=\"price\"><span class=\"woocommerce-Price-amount amount\"><bdi><span class=\"woocommerce-Price-currencySymbol\">&#36;<\/span>&nbsp;23.51<\/bdi><\/span><\/span>\n<\/a><a href=\"\/guestservice\/wp-json\/wp\/v2\/pages\/1803?add-to-cart=1147\" aria-describedby=\"woocommerce_loop_add_to_cart_link_describedby_1147\" data-quantity=\"1\" class=\"button product_type_simple add_to_cart_button ajax_add_to_cart\" data-product_id=\"1147\" data-product_sku=\"\" aria-label=\"A\u00f1adir al carrito: &ldquo;El Men\u00fa T\u00edpico \/ A very traditional combination&rdquo;\" rel=\"nofollow\" data-success_message=\"\u00abEl Men\u00fa T\u00edpico \/ A very traditional combination\u00bb se ha a\u00f1adido a tu carrito\" role=\"button\">A\u00f1adir al carrito<\/a>\t<span id=\"woocommerce_loop_add_to_cart_link_describedby_1147\" class=\"screen-reader-text\">\n\t\t\t<\/span>\n<div class=\"tinv-wraper woocommerce tinv-wishlist tinvwl-after-add-to-cart tinvwl-loop-button-wrapper tinvwl-woocommerce_after_shop_loop_item\"\r\n\t data-tinvwl_product_id=\"1147\">\r\n\t<div class=\"tinv-wishlist-clear\"><\/div><a role=\"button\" tabindex=\"0\" name=\"add-to-wishlist\" aria-label=\"Add to Wishlist\" class=\"tinvwl_add_to_wishlist_button tinvwl-icon-heart  tinvwl-position-after tinvwl-loop\" data-tinv-wl-list=\"[]\" data-tinv-wl-product=\"1147\" data-tinv-wl-productvariation=\"0\" data-tinv-wl-productvariations=\"[]\" data-tinv-wl-producttype=\"simple\" data-tinv-wl-action=\"add\"><span class=\"tinvwl_add_to_wishlist-text\">Add to Wishlist<\/span><\/a><div class=\"tinv-wishlist-clear\"><\/div>\t\t<div\r\n\t\tclass=\"tinvwl-tooltip\">Add to Wishlist<\/div>\r\n<\/div>\r\n<\/li>\n<li class=\"product type-product post-1158 status-publish last instock product_cat-especialesdelchef product_cat-especialesdelchefrs product_cat-sugerencias has-post-thumbnail shipping-taxable purchasable product-type-simple\">\n\t<a href=\"https:\/\/sanjosedepuembo.com\/guestservice\/producto\/fish-and-chips\/\" class=\"woocommerce-LoopProduct-link woocommerce-loop-product__link\"><img decoding=\"async\" width=\"300\" height=\"300\" src=\"https:\/\/sanjosedepuembo.com\/guestservice\/wp-content\/uploads\/2020\/05\/DSC_0092-300x300.jpg\" class=\"attachment-woocommerce_thumbnail size-woocommerce_thumbnail\" alt=\"Fish and Chips\" srcset=\"https:\/\/sanjosedepuembo.com\/guestservice\/wp-content\/uploads\/2020\/05\/DSC_0092-300x300.jpg 300w, https:\/\/sanjosedepuembo.com\/guestservice\/wp-content\/uploads\/2020\/05\/DSC_0092-1024x1024.jpg 1024w, https:\/\/sanjosedepuembo.com\/guestservice\/wp-content\/uploads\/2020\/05\/DSC_0092-150x150.jpg 150w, https:\/\/sanjosedepuembo.com\/guestservice\/wp-content\/uploads\/2020\/05\/DSC_0092-768x768.jpg 768w, https:\/\/sanjosedepuembo.com\/guestservice\/wp-content\/uploads\/2020\/05\/DSC_0092-600x600.jpg 600w, https:\/\/sanjosedepuembo.com\/guestservice\/wp-content\/uploads\/2020\/05\/DSC_0092-100x100.jpg 100w, https:\/\/sanjosedepuembo.com\/guestservice\/wp-content\/uploads\/2020\/05\/DSC_0092.jpg 1440w\" sizes=\"(max-width: 300px) 100vw, 300px\" \/><h2 class=\"woocommerce-loop-product__title\">Fish and Chips<\/h2>\n\t<span class=\"price\"><span class=\"woocommerce-Price-amount amount\"><bdi><span class=\"woocommerce-Price-currencySymbol\">&#36;<\/span>&nbsp;15.32<\/bdi><\/span><\/span>\n<\/a><a href=\"\/guestservice\/wp-json\/wp\/v2\/pages\/1803?add-to-cart=1158\" aria-describedby=\"woocommerce_loop_add_to_cart_link_describedby_1158\" data-quantity=\"1\" class=\"button product_type_simple add_to_cart_button ajax_add_to_cart\" data-product_id=\"1158\" data-product_sku=\"\" aria-label=\"A\u00f1adir al carrito: &ldquo;Fish and Chips&rdquo;\" rel=\"nofollow\" data-success_message=\"\u00abFish and Chips\u00bb se ha a\u00f1adido a tu carrito\" role=\"button\">A\u00f1adir al carrito<\/a>\t<span id=\"woocommerce_loop_add_to_cart_link_describedby_1158\" class=\"screen-reader-text\">\n\t\t\t<\/span>\n<div class=\"tinv-wraper woocommerce tinv-wishlist tinvwl-after-add-to-cart tinvwl-loop-button-wrapper tinvwl-woocommerce_after_shop_loop_item\"\r\n\t data-tinvwl_product_id=\"1158\">\r\n\t<div class=\"tinv-wishlist-clear\"><\/div><a role=\"button\" tabindex=\"0\" name=\"add-to-wishlist\" aria-label=\"Add to Wishlist\" class=\"tinvwl_add_to_wishlist_button tinvwl-icon-heart  tinvwl-position-after tinvwl-loop\" data-tinv-wl-list=\"[]\" data-tinv-wl-product=\"1158\" data-tinv-wl-productvariation=\"0\" data-tinv-wl-productvariations=\"[]\" data-tinv-wl-producttype=\"simple\" data-tinv-wl-action=\"add\"><span class=\"tinvwl_add_to_wishlist-text\">Add to Wishlist<\/span><\/a><div class=\"tinv-wishlist-clear\"><\/div>\t\t<div\r\n\t\tclass=\"tinvwl-tooltip\">Add to Wishlist<\/div>\r\n<\/div>\r\n<\/li>\n<li class=\"product type-product post-1153 status-publish first instock product_cat-lacocinaecuatoriana product_cat-lacocinaecuatrs product_cat-sugerencias has-post-thumbnail shipping-taxable purchasable product-type-simple\">\n\t<a href=\"https:\/\/sanjosedepuembo.com\/guestservice\/producto\/hornado-roasted-pork\/\" class=\"woocommerce-LoopProduct-link woocommerce-loop-product__link\"><img loading=\"lazy\" decoding=\"async\" width=\"300\" height=\"300\" src=\"https:\/\/sanjosedepuembo.com\/guestservice\/wp-content\/uploads\/2020\/05\/DSC_0018-300x300.jpg\" class=\"attachment-woocommerce_thumbnail size-woocommerce_thumbnail\" alt=\"Hornado \/ Roasted Pork\" srcset=\"https:\/\/sanjosedepuembo.com\/guestservice\/wp-content\/uploads\/2020\/05\/DSC_0018-300x300.jpg 300w, https:\/\/sanjosedepuembo.com\/guestservice\/wp-content\/uploads\/2020\/05\/DSC_0018-150x150.jpg 150w, https:\/\/sanjosedepuembo.com\/guestservice\/wp-content\/uploads\/2020\/05\/DSC_0018-768x768.jpg 768w, https:\/\/sanjosedepuembo.com\/guestservice\/wp-content\/uploads\/2020\/05\/DSC_0018-600x600.jpg 600w, https:\/\/sanjosedepuembo.com\/guestservice\/wp-content\/uploads\/2020\/05\/DSC_0018-100x100.jpg 100w, https:\/\/sanjosedepuembo.com\/guestservice\/wp-content\/uploads\/2020\/05\/DSC_0018.jpg 864w\" sizes=\"(max-width: 300px) 100vw, 300px\" \/><h2 class=\"woocommerce-loop-product__title\">Hornado \/ Roasted Pork<\/h2>\n\t<span class=\"price\"><span class=\"woocommerce-Price-amount amount\"><bdi><span class=\"woocommerce-Price-currencySymbol\">&#36;<\/span>&nbsp;15.32<\/bdi><\/span><\/span>\n<\/a><a href=\"\/guestservice\/wp-json\/wp\/v2\/pages\/1803?add-to-cart=1153\" aria-describedby=\"woocommerce_loop_add_to_cart_link_describedby_1153\" data-quantity=\"1\" class=\"button product_type_simple add_to_cart_button ajax_add_to_cart\" data-product_id=\"1153\" data-product_sku=\"\" aria-label=\"A\u00f1adir al carrito: &ldquo;Hornado \/ Roasted Pork&rdquo;\" rel=\"nofollow\" data-success_message=\"\u00abHornado \/ Roasted Pork\u00bb se ha a\u00f1adido a tu carrito\" role=\"button\">A\u00f1adir al carrito<\/a>\t<span id=\"woocommerce_loop_add_to_cart_link_describedby_1153\" class=\"screen-reader-text\">\n\t\t\t<\/span>\n<div class=\"tinv-wraper woocommerce tinv-wishlist tinvwl-after-add-to-cart tinvwl-loop-button-wrapper tinvwl-woocommerce_after_shop_loop_item\"\r\n\t data-tinvwl_product_id=\"1153\">\r\n\t<div class=\"tinv-wishlist-clear\"><\/div><a role=\"button\" tabindex=\"0\" name=\"add-to-wishlist\" aria-label=\"Add to Wishlist\" class=\"tinvwl_add_to_wishlist_button tinvwl-icon-heart  tinvwl-position-after tinvwl-loop\" data-tinv-wl-list=\"[]\" data-tinv-wl-product=\"1153\" data-tinv-wl-productvariation=\"0\" data-tinv-wl-productvariations=\"[]\" data-tinv-wl-producttype=\"simple\" data-tinv-wl-action=\"add\"><span class=\"tinvwl_add_to_wishlist-text\">Add to Wishlist<\/span><\/a><div class=\"tinv-wishlist-clear\"><\/div>\t\t<div\r\n\t\tclass=\"tinvwl-tooltip\">Add to Wishlist<\/div>\r\n<\/div>\r\n<\/li>\n<\/ul>\n<\/div>\t\t\t\t\t\t\t\t<\/div>\n\t\t\t\t<\/div>\n\t\t\t\t<div class=\"elementor-element elementor-element-f45368b elementor-widget-divider--view-line elementor-widget elementor-widget-divider\" data-id=\"f45368b\" data-element_type=\"widget\" data-e-type=\"widget\" data-widget_type=\"divider.default\">\n\t\t\t\t<div class=\"elementor-widget-container\">\n\t\t\t\t\t\t\t<div class=\"elementor-divider\">\n\t\t\t<span class=\"elementor-divider-separator\">\n\t\t\t\t\t\t<\/span>\n\t\t<\/div>\n\t\t\t\t\t\t<\/div>\n\t\t\t\t<\/div>\n\t\t\t\t<div class=\"elementor-element elementor-element-1a35e55 elementor-widget elementor-widget-text-editor\" data-id=\"1a35e55\" data-element_type=\"widget\" data-e-type=\"widget\" data-widget_type=\"text-editor.default\">\n\t\t\t\t<div class=\"elementor-widget-container\">\n\t\t\t\t\t\t\t\t\t<p style=\"text-align: center;\">EN NUESTRA CARTA HEMOS IDENTIFICADO LOS AL\u00c9RGENOS ESTABLECIDOS EN LA LEGISLACI\u00d3N DE ECUADOR, ESTADOS UNIDOS, CANAD\u00c1 Y UNI\u00d3N EUROPEA.<\/p><p style=\"text-align: center;\"><em>IN OUR MENU WE HAVE IDENTIFIED THE ALLERGENS ESTABLISHED IN THE LEGISLATION OF ECUADOR, THE UNITED STATES, CANADA, AND THE EUROPEAN UNION.<\/em><\/p><p><em>\u00a0<\/em><\/p>\t\t\t\t\t\t\t\t<\/div>\n\t\t\t\t<\/div>\n\t\t\t\t\t<\/div>\n\t\t<\/div>\n\t\t\t\t\t<\/div>\n\t\t<\/section>\n\t\t\t\t<\/div>\n\t\t","protected":false},"excerpt":{"rendered":"<p>PRECIOS INCLUYEN 12% DE IVA Y 10% DE SERVICIO (22%) \/ PRICES INCLUDE 12% VAT AND 10% TIP (22%) Sugerencias del D\u00eda EN NUESTRA CARTA HEMOS IDENTIFICADO LOS AL\u00c9RGENOS ESTABLECIDOS EN LA LEGISLACI\u00d3N DE ECUADOR, ESTADOS UNIDOS, CANAD\u00c1 Y UNI\u00d3N&#8230; <\/p>\n<div class=\"readmore-section\"><a class=\"readmore-btn\" href=\"https:\/\/sanjosedepuembo.com\/guestservice\/sugerencias-del-dia\/\">Seguir leyendo <i class=\"fa fa-arrow-right\"><\/i><\/a><\/div>\n","protected":false},"author":1,"featured_media":0,"parent":0,"menu_order":0,"comment_status":"closed","ping_status":"closed","template":"template-full-width-page-builder.php","meta":{"nf_dc_page":"","footnotes":""},"class_list":["post-1803","page","type-page","status-publish","hentry"],"_links":{"self":[{"href":"https:\/\/sanjosedepuembo.com\/guestservice\/wp-json\/wp\/v2\/pages\/1803","targetHints":{"allow":["GET"]}}],"collection":[{"href":"https:\/\/sanjosedepuembo.com\/guestservice\/wp-json\/wp\/v2\/pages"}],"about":[{"href":"https:\/\/sanjosedepuembo.com\/guestservice\/wp-json\/wp\/v2\/types\/page"}],"author":[{"embeddable":true,"href":"https:\/\/sanjosedepuembo.com\/guestservice\/wp-json\/wp\/v2\/users\/1"}],"replies":[{"embeddable":true,"href":"https:\/\/sanjosedepuembo.com\/guestservice\/wp-json\/wp\/v2\/comments?post=1803"}],"version-history":[{"count":5,"href":"https:\/\/sanjosedepuembo.com\/guestservice\/wp-json\/wp\/v2\/pages\/1803\/revisions"}],"predecessor-version":[{"id":2147,"href":"https:\/\/sanjosedepuembo.com\/guestservice\/wp-json\/wp\/v2\/pages\/1803\/revisions\/2147"}],"wp:attachment":[{"href":"https:\/\/sanjosedepuembo.com\/guestservice\/wp-json\/wp\/v2\/media?parent=1803"}],"curies":[{"name":"wp","href":"https:\/\/api.w.org\/{rel}","templated":true}]}}