{"id":1753,"date":"2020-06-24T19:51:49","date_gmt":"2020-06-24T19:51:49","guid":{"rendered":"https:\/\/sanjosedepuembo.com\/guestservice\/?page_id=1753"},"modified":"2020-06-24T19:55:07","modified_gmt":"2020-06-24T19:55:07","slug":"jardin-y-avistamiento-de-aves-garden-and-birdwatching","status":"publish","type":"page","link":"https:\/\/sanjosedepuembo.com\/guestservice\/jardin-y-avistamiento-de-aves-garden-and-birdwatching\/","title":{"rendered":"Jard\u00edn y avistamiento de aves \/ Garden and Birdwatching"},"content":{"rendered":"\t\t<div data-elementor-type=\"wp-page\" data-elementor-id=\"1753\" class=\"elementor elementor-1753\">\n\t\t\t\t\t\t<section class=\"elementor-section elementor-top-section elementor-element elementor-element-4fd99fd elementor-section-boxed elementor-section-height-default elementor-section-height-default\" data-id=\"4fd99fd\" data-element_type=\"section\" data-e-type=\"section\">\n\t\t\t\t\t\t<div class=\"elementor-container elementor-column-gap-default\">\n\t\t\t\t\t<div class=\"elementor-column elementor-col-50 elementor-top-column elementor-element elementor-element-8a9190c\" data-id=\"8a9190c\" data-element_type=\"column\" data-e-type=\"column\">\n\t\t\t<div class=\"elementor-widget-wrap elementor-element-populated\">\n\t\t\t\t\t\t<div class=\"elementor-element elementor-element-5a071e0 elementor-widget elementor-widget-text-editor\" data-id=\"5a071e0\" data-element_type=\"widget\" data-e-type=\"widget\" data-widget_type=\"text-editor.default\">\n\t\t\t\t<div class=\"elementor-widget-container\">\n\t\t\t\t\t\t\t\t\t<p>Muchos de nuestros \u00e1rboles son centenarios, constituyen una de las colecciones de \u00e1rboles m\u00e1s importantes de la serran\u00eda ecuatoriana. En cada \u00e1rbol hemos colocado una tarjeta para su identificaci\u00f3n.<\/p><p>Tambi\u00e9n puede observar p\u00e1jaros, puede encontrar hasta 33 especies de p\u00e1jaros.<\/p><p>En el mapa del hotel hay una lista con los \u00e1rboles y con los p\u00e1jaros com\u00fanmente vistos en el hotel.<\/p>\t\t\t\t\t\t\t\t<\/div>\n\t\t\t\t<\/div>\n\t\t\t\t\t<\/div>\n\t\t<\/div>\n\t\t\t\t<div class=\"elementor-column elementor-col-50 elementor-top-column elementor-element elementor-element-45eee93\" data-id=\"45eee93\" data-element_type=\"column\" data-e-type=\"column\">\n\t\t\t<div class=\"elementor-widget-wrap elementor-element-populated\">\n\t\t\t\t\t\t<div class=\"elementor-element elementor-element-32125f6 elementor-widget elementor-widget-text-editor\" data-id=\"32125f6\" data-element_type=\"widget\" data-e-type=\"widget\" data-widget_type=\"text-editor.default\">\n\t\t\t\t<div class=\"elementor-widget-container\">\n\t\t\t\t\t\t\t\t\t<p><em>Our trees are centuries old, it is one of the most important collections of trees of the Ecuadorian highland. In every tree we put information card for identification.<\/em><\/p><p><em>You can also enjoy birdwatching you can find 33 species of birds.<\/em><\/p><p><em>In the hotel map you can find a list with the trees and the birds usually seen in the hotel.<\/em><\/p>\t\t\t\t\t\t\t\t<\/div>\n\t\t\t\t<\/div>\n\t\t\t\t\t<\/div>\n\t\t<\/div>\n\t\t\t\t\t<\/div>\n\t\t<\/section>\n\t\t\t\t<\/div>\n\t\t","protected":false},"excerpt":{"rendered":"<p>Muchos de nuestros \u00e1rboles son centenarios, constituyen una de las colecciones de \u00e1rboles m\u00e1s importantes de la serran\u00eda ecuatoriana. En cada \u00e1rbol hemos colocado una tarjeta para su identificaci\u00f3n. Tambi\u00e9n puede observar p\u00e1jaros, puede encontrar hasta 33 especies de p\u00e1jaros&#8230;. <\/p>\n<div class=\"readmore-section\"><a class=\"readmore-btn\" href=\"https:\/\/sanjosedepuembo.com\/guestservice\/jardin-y-avistamiento-de-aves-garden-and-birdwatching\/\">Seguir leyendo <i class=\"fa fa-arrow-right\"><\/i><\/a><\/div>\n","protected":false},"author":1,"featured_media":0,"parent":0,"menu_order":0,"comment_status":"closed","ping_status":"closed","template":"","meta":{"nf_dc_page":"","footnotes":""},"class_list":["post-1753","page","type-page","status-publish","hentry"],"_links":{"self":[{"href":"https:\/\/sanjosedepuembo.com\/guestservice\/wp-json\/wp\/v2\/pages\/1753","targetHints":{"allow":["GET"]}}],"collection":[{"href":"https:\/\/sanjosedepuembo.com\/guestservice\/wp-json\/wp\/v2\/pages"}],"about":[{"href":"https:\/\/sanjosedepuembo.com\/guestservice\/wp-json\/wp\/v2\/types\/page"}],"author":[{"embeddable":true,"href":"https:\/\/sanjosedepuembo.com\/guestservice\/wp-json\/wp\/v2\/users\/1"}],"replies":[{"embeddable":true,"href":"https:\/\/sanjosedepuembo.com\/guestservice\/wp-json\/wp\/v2\/comments?post=1753"}],"version-history":[{"count":3,"href":"https:\/\/sanjosedepuembo.com\/guestservice\/wp-json\/wp\/v2\/pages\/1753\/revisions"}],"predecessor-version":[{"id":1757,"href":"https:\/\/sanjosedepuembo.com\/guestservice\/wp-json\/wp\/v2\/pages\/1753\/revisions\/1757"}],"wp:attachment":[{"href":"https:\/\/sanjosedepuembo.com\/guestservice\/wp-json\/wp\/v2\/media?parent=1753"}],"curies":[{"name":"wp","href":"https:\/\/api.w.org\/{rel}","templated":true}]}}