{"id":1730,"date":"2020-06-24T19:35:33","date_gmt":"2020-06-24T19:35:33","guid":{"rendered":"https:\/\/sanjosedepuembo.com\/guestservice\/?page_id=1730"},"modified":"2020-06-24T20:24:25","modified_gmt":"2020-06-24T20:24:25","slug":"gimnasio-gym","status":"publish","type":"page","link":"https:\/\/sanjosedepuembo.com\/guestservice\/gimnasio-gym\/","title":{"rendered":"Gimnasio \/ Gym"},"content":{"rendered":"\t\t<div data-elementor-type=\"wp-page\" data-elementor-id=\"1730\" class=\"elementor elementor-1730\">\n\t\t\t\t\t\t<section class=\"elementor-section elementor-top-section elementor-element elementor-element-4fd99fd elementor-section-boxed elementor-section-height-default elementor-section-height-default\" data-id=\"4fd99fd\" data-element_type=\"section\" data-e-type=\"section\">\n\t\t\t\t\t\t<div class=\"elementor-container elementor-column-gap-default\">\n\t\t\t\t\t<div class=\"elementor-column elementor-col-50 elementor-top-column elementor-element elementor-element-8a9190c\" data-id=\"8a9190c\" data-element_type=\"column\" data-e-type=\"column\">\n\t\t\t<div class=\"elementor-widget-wrap elementor-element-populated\">\n\t\t\t\t\t\t<div class=\"elementor-element elementor-element-5a071e0 elementor-widget elementor-widget-text-editor\" data-id=\"5a071e0\" data-element_type=\"widget\" data-e-type=\"widget\" data-widget_type=\"text-editor.default\">\n\t\t\t\t<div class=\"elementor-widget-container\">\n\t\t\t\t\t\t\t\t\t<p>Abierto todos los d\u00edas de <strong>7:00 a 21:00<\/strong>.<\/p><p>El uso del gimnasio es bajo su propio riesgo. El hotel no se hace responsable de ning\u00fan accidente o lesi\u00f3n que pudiese ocurrir.<\/p><p>Recomendamos consultar con un m\u00e9dico antes de iniciar una rutina de ejercicio. Det\u00e9ngase a la primera se\u00f1al de malestar.<\/p><p>Las reglas para el uso del gimnasio son:<\/p><p>\u2022 Desinfecte los equipos despu\u00e9s de su uso.<br \/>\u2022 Use ropa deportiva apropiada.<br \/>\u2022 Cualquier da\u00f1o a equipos por uso inadecuado ser\u00e1 responsabilidad del hu\u00e9sped.<br \/>\u2022 No se permite el ingreso de ni\u00f1os menores de 12 a\u00f1os.<br \/>\u2022 No fumar ni ingerir alimentos en esta \u00e1rea.<\/p>\t\t\t\t\t\t\t\t<\/div>\n\t\t\t\t<\/div>\n\t\t\t\t\t<\/div>\n\t\t<\/div>\n\t\t\t\t<div class=\"elementor-column elementor-col-50 elementor-top-column elementor-element elementor-element-45eee93\" data-id=\"45eee93\" data-element_type=\"column\" data-e-type=\"column\">\n\t\t\t<div class=\"elementor-widget-wrap elementor-element-populated\">\n\t\t\t\t\t\t<div class=\"elementor-element elementor-element-32125f6 elementor-widget elementor-widget-text-editor\" data-id=\"32125f6\" data-element_type=\"widget\" data-e-type=\"widget\" data-widget_type=\"text-editor.default\">\n\t\t\t\t<div class=\"elementor-widget-container\">\n\t\t\t\t\t\t\t\t\t<p><em>The Gym is open every day from <strong>7:00 to 21:00<\/strong>.<\/em><\/p><p><em>The use of the gym is under your own risk. The hotel is not responsible for any accident or injury that might occur.<\/em><\/p><p><em>We recommend that you check first with a physician before starting an exercising routine. Stop at the first sign of discomfort.<\/em><\/p><p><em>The gym rules are:<\/em><\/p><p><em>\u2022 Sanitize the equipment after use.<\/em><br \/><em>\u2022 Use appropriate sport clothing.<\/em><br \/><em>\u2022 Any damage to the equipment due to an inappropriate use, will be the guest responsibility.<\/em><br \/><em>\u2022 Kids under 12 years old are not allowed.<\/em><br \/><em>\u2022 Do not smoke or eat in this area.<\/em><br \/><em>\u2022 Is not allowed to enter wet or bare foot.<\/em><\/p>\t\t\t\t\t\t\t\t<\/div>\n\t\t\t\t<\/div>\n\t\t\t\t\t<\/div>\n\t\t<\/div>\n\t\t\t\t\t<\/div>\n\t\t<\/section>\n\t\t\t\t<\/div>\n\t\t","protected":false},"excerpt":{"rendered":"<p>Abierto todos los d\u00edas de 7:00 a 21:00. El uso del gimnasio es bajo su propio riesgo. El hotel no se hace responsable de ning\u00fan accidente o lesi\u00f3n que pudiese ocurrir. Recomendamos consultar con un m\u00e9dico antes de iniciar una&#8230; <\/p>\n<div class=\"readmore-section\"><a class=\"readmore-btn\" href=\"https:\/\/sanjosedepuembo.com\/guestservice\/gimnasio-gym\/\">Seguir leyendo <i class=\"fa fa-arrow-right\"><\/i><\/a><\/div>\n","protected":false},"author":1,"featured_media":0,"parent":0,"menu_order":0,"comment_status":"closed","ping_status":"closed","template":"","meta":{"nf_dc_page":"","footnotes":""},"class_list":["post-1730","page","type-page","status-publish","hentry"],"_links":{"self":[{"href":"https:\/\/sanjosedepuembo.com\/guestservice\/wp-json\/wp\/v2\/pages\/1730","targetHints":{"allow":["GET"]}}],"collection":[{"href":"https:\/\/sanjosedepuembo.com\/guestservice\/wp-json\/wp\/v2\/pages"}],"about":[{"href":"https:\/\/sanjosedepuembo.com\/guestservice\/wp-json\/wp\/v2\/types\/page"}],"author":[{"embeddable":true,"href":"https:\/\/sanjosedepuembo.com\/guestservice\/wp-json\/wp\/v2\/users\/1"}],"replies":[{"embeddable":true,"href":"https:\/\/sanjosedepuembo.com\/guestservice\/wp-json\/wp\/v2\/comments?post=1730"}],"version-history":[{"count":3,"href":"https:\/\/sanjosedepuembo.com\/guestservice\/wp-json\/wp\/v2\/pages\/1730\/revisions"}],"predecessor-version":[{"id":1762,"href":"https:\/\/sanjosedepuembo.com\/guestservice\/wp-json\/wp\/v2\/pages\/1730\/revisions\/1762"}],"wp:attachment":[{"href":"https:\/\/sanjosedepuembo.com\/guestservice\/wp-json\/wp\/v2\/media?parent=1730"}],"curies":[{"name":"wp","href":"https:\/\/api.w.org\/{rel}","templated":true}]}}