{"id":1702,"date":"2020-06-22T20:24:58","date_gmt":"2020-06-22T20:24:58","guid":{"rendered":"https:\/\/sanjosedepuembo.com\/guestservice\/?page_id=1702"},"modified":"2020-06-22T20:31:21","modified_gmt":"2020-06-22T20:31:21","slug":"instrucciones-caja-de-seguridad-safe-instructions","status":"publish","type":"page","link":"https:\/\/sanjosedepuembo.com\/guestservice\/instrucciones-caja-de-seguridad-safe-instructions\/","title":{"rendered":"Instrucciones Caja de Seguridad \/ Safe instructions"},"content":{"rendered":"\t\t<div data-elementor-type=\"wp-page\" data-elementor-id=\"1702\" class=\"elementor elementor-1702\">\n\t\t\t\t\t\t<section class=\"elementor-section elementor-top-section elementor-element elementor-element-4fd99fd elementor-section-boxed elementor-section-height-default elementor-section-height-default\" data-id=\"4fd99fd\" data-element_type=\"section\" data-e-type=\"section\">\n\t\t\t\t\t\t<div class=\"elementor-container elementor-column-gap-default\">\n\t\t\t\t\t<div class=\"elementor-column elementor-col-50 elementor-top-column elementor-element elementor-element-8a9190c\" data-id=\"8a9190c\" data-element_type=\"column\" data-e-type=\"column\">\n\t\t\t<div class=\"elementor-widget-wrap elementor-element-populated\">\n\t\t\t\t\t\t<div class=\"elementor-element elementor-element-5a071e0 elementor-widget elementor-widget-text-editor\" data-id=\"5a071e0\" data-element_type=\"widget\" data-e-type=\"widget\" data-widget_type=\"text-editor.default\">\n\t\t\t\t<div class=\"elementor-widget-container\">\n\t\t\t\t\t\t\t\t\t<p>Estimado cliente, usted dispone de dos m\u00e9todos para usar la caja de seguridad:<br \/>\u2022 Mediante un c\u00f3digo num\u00e9rico que usted elija.<br \/>\u2022 Mediante una tarjeta de cr\u00e9dito de su propiedad.<\/p><p><span style=\"text-decoration: underline;\"><strong>Con c\u00f3digo num\u00e9rico<\/strong><\/span><br \/>\u2022 Introduzca un c\u00f3digo de<strong> entre 3 y 6<\/strong> d\u00edgitos y presione la tecla #. <strong>MEMORICE EL C\u00d3DIGO<\/strong>.<br \/>\u2022 La palabra<strong> CLOSED<\/strong> aparecer\u00e1 en la pantalla y la caja se cerrar\u00e1 con seguridad.<br \/>\u2022 Para abrir la caja introduzca el mismo c\u00f3digo que eligi\u00f3 para cerrar la primera vez.<br \/>\u2022 Entonces la palabra <strong>OPENED<\/strong> aparecer\u00e1 en la pantalla y la caja se abrir\u00e1.<\/p><p><span style=\"text-decoration: underline;\"><strong>Con tarjeta de cr\u00e9dito<\/strong><\/span><br \/>\u2022 Deslice su tarjeta de cr\u00e9dito por la ranura para tarjetas de derecha a izquierda con la banda magn\u00e9tica hacia abajo.<br \/>\u2022 La palabra <strong>CLOSED<\/strong> aparecer\u00e1 en la pantalla y la caja se cerrar\u00e1 con seguridad.<br \/>\u2022 Para abrir la caja deslice de nuevo la misma tarjeta de cr\u00e9dito que eligi\u00f3 para cerrar, recuerde hacerlo de derecha a izquierda firmemente con la banda magn\u00e9tica hacia abajo.<\/p><p><strong>POSIBLES PROBLEMAS<\/strong><br \/>\u2022 Deslizar la tarjeta con la banda magn\u00e9tica hacia abajo y en direcci\u00f3n de derecha a izquierda firmemente, si lo hace en la direcci\u00f3n incorrecta o desliza demasiado lento o demasiado r\u00e1pido, en la pantalla podr\u00e1 leer: <br \/><strong>AGAIN o ERROR<\/strong>, y por lo tanto deber\u00e1 deslizar la tarjeta nuevamente.<br \/>\u2022 En la pantalla leer\u00e1 <strong>E-CARD<\/strong>, \u00e9sta palabra es indicadora de que est\u00e1 usando una tarjeta err\u00f3nea.<br \/>\u2022 Si introduce mal el c\u00f3digo o desliza mal la tarjeta por cuatro veces, aparecer\u00e1n las palabras: <strong>E-CODE<\/strong> o <strong>E-CARD<\/strong>. Tendr\u00e1 que esperar por 15 minutos antes de poder volver a intentar abrirla.<\/p>\t\t\t\t\t\t\t\t<\/div>\n\t\t\t\t<\/div>\n\t\t\t\t\t<\/div>\n\t\t<\/div>\n\t\t\t\t<div class=\"elementor-column elementor-col-50 elementor-top-column elementor-element elementor-element-45eee93\" data-id=\"45eee93\" data-element_type=\"column\" data-e-type=\"column\">\n\t\t\t<div class=\"elementor-widget-wrap elementor-element-populated\">\n\t\t\t\t\t\t<div class=\"elementor-element elementor-element-32125f6 elementor-widget elementor-widget-text-editor\" data-id=\"32125f6\" data-element_type=\"widget\" data-e-type=\"widget\" data-widget_type=\"text-editor.default\">\n\t\t\t\t<div class=\"elementor-widget-container\">\n\t\t\t\t\t\t\t\t\t<p><em>Dear guest, you can choose between two methods to use the safe:<\/em><br \/><em>\u2022 By creating you own numeric code.<\/em><br \/><em>\u2022 By using your credit card.<\/em><\/p><p><span style=\"text-decoration: underline;\"><strong><em>With a numeric code<\/em><\/strong><\/span><br \/><em>\u2022 Enter <strong>any 3 \u2013 6<\/strong> digit numbers then press the # key. <strong>REMEMBER THE CODE.<\/strong><\/em><br \/><em>\u2022 The word <strong>CLOSED<\/strong> appears in the display and the safe will be closed.<\/em><br \/><em>\u2022 To open enter the same number which you chose to close the first time.<\/em><br \/><em>\u2022 Then the Word <strong>OPENED<\/strong> appears in the display and the safe will be opened.<\/em><\/p><p><span style=\"text-decoration: underline;\"><strong><em>With credit card<\/em><\/strong><\/span><br \/><em>\u2022 Swipe your credit card firmly from right to left with the magnetic strip down. <\/em><br \/><em>\u2022 The word <strong>CLOSED<\/strong> appears in the display and the safe will be closed.<\/em><br \/><em>\u2022 To open the safe, use the same credit card that you chose to close the first time, remember to swipe firmly from right to left with the magnetic strip down.<\/em><br \/><em>\u2022 Then the Word <strong>OPENED<\/strong> appears in the display and the safe will be opened.<\/em><\/p><p><span style=\"text-decoration: underline;\"><strong><em>POTENTIAL PROBLEMS<\/em><\/strong><\/span><br \/><em>\u2022 Swipe the credit card with magnetic strip down and firmly from right to left. If an incorrect direction and swiping too fast or too slow, the display will show: <strong>AGAIN or ERROR<\/strong>, so you should to swipe the card again.<\/em><br \/><em>\u2022 The display will show <strong>E-CARD<\/strong>, this Word is saying that you are using a wrong card.<\/em><br \/><em>\u2022 If you enter wrong the number code or wrong swipe the card for 4 times, in the display appears: <strong>E-CODE o E-CARD<\/strong>. You should wait for 15 minutes before to try again to open the safe.<\/em><br \/><em>\u2022 If for any reason you cannot open the safe, please contact front desk.<\/em><\/p>\t\t\t\t\t\t\t\t<\/div>\n\t\t\t\t<\/div>\n\t\t\t\t\t<\/div>\n\t\t<\/div>\n\t\t\t\t\t<\/div>\n\t\t<\/section>\n\t\t\t\t<\/div>\n\t\t","protected":false},"excerpt":{"rendered":"<p>Estimado cliente, usted dispone de dos m\u00e9todos para usar la caja de seguridad: \u2022 Mediante un c\u00f3digo num\u00e9rico que usted elija. \u2022 Mediante una tarjeta de cr\u00e9dito de su propiedad. Con c\u00f3digo num\u00e9rico \u2022 Introduzca un c\u00f3digo de entre 3&#8230; <\/p>\n<div class=\"readmore-section\"><a class=\"readmore-btn\" href=\"https:\/\/sanjosedepuembo.com\/guestservice\/instrucciones-caja-de-seguridad-safe-instructions\/\">Seguir leyendo <i class=\"fa fa-arrow-right\"><\/i><\/a><\/div>\n","protected":false},"author":1,"featured_media":0,"parent":0,"menu_order":0,"comment_status":"closed","ping_status":"closed","template":"","meta":{"nf_dc_page":"","footnotes":""},"class_list":["post-1702","page","type-page","status-publish","hentry"],"_links":{"self":[{"href":"https:\/\/sanjosedepuembo.com\/guestservice\/wp-json\/wp\/v2\/pages\/1702","targetHints":{"allow":["GET"]}}],"collection":[{"href":"https:\/\/sanjosedepuembo.com\/guestservice\/wp-json\/wp\/v2\/pages"}],"about":[{"href":"https:\/\/sanjosedepuembo.com\/guestservice\/wp-json\/wp\/v2\/types\/page"}],"author":[{"embeddable":true,"href":"https:\/\/sanjosedepuembo.com\/guestservice\/wp-json\/wp\/v2\/users\/1"}],"replies":[{"embeddable":true,"href":"https:\/\/sanjosedepuembo.com\/guestservice\/wp-json\/wp\/v2\/comments?post=1702"}],"version-history":[{"count":4,"href":"https:\/\/sanjosedepuembo.com\/guestservice\/wp-json\/wp\/v2\/pages\/1702\/revisions"}],"predecessor-version":[{"id":1706,"href":"https:\/\/sanjosedepuembo.com\/guestservice\/wp-json\/wp\/v2\/pages\/1702\/revisions\/1706"}],"wp:attachment":[{"href":"https:\/\/sanjosedepuembo.com\/guestservice\/wp-json\/wp\/v2\/media?parent=1702"}],"curies":[{"name":"wp","href":"https:\/\/api.w.org\/{rel}","templated":true}]}}