{"id":1697,"date":"2020-06-22T20:21:39","date_gmt":"2020-06-22T20:21:39","guid":{"rendered":"https:\/\/sanjosedepuembo.com\/guestservice\/?page_id=1697"},"modified":"2020-06-22T20:23:19","modified_gmt":"2020-06-22T20:23:19","slug":"amigable-con-las-mascotas-petfriendly","status":"publish","type":"page","link":"https:\/\/sanjosedepuembo.com\/guestservice\/amigable-con-las-mascotas-petfriendly\/","title":{"rendered":"Amigable con las mascotas \/ Petfriendly"},"content":{"rendered":"\t\t<div data-elementor-type=\"wp-page\" data-elementor-id=\"1697\" class=\"elementor elementor-1697\">\n\t\t\t\t\t\t<section class=\"elementor-section elementor-top-section elementor-element elementor-element-4fd99fd elementor-section-boxed elementor-section-height-default elementor-section-height-default\" data-id=\"4fd99fd\" data-element_type=\"section\" data-e-type=\"section\">\n\t\t\t\t\t\t<div class=\"elementor-container elementor-column-gap-default\">\n\t\t\t\t\t<div class=\"elementor-column elementor-col-50 elementor-top-column elementor-element elementor-element-8a9190c\" data-id=\"8a9190c\" data-element_type=\"column\" data-e-type=\"column\">\n\t\t\t<div class=\"elementor-widget-wrap elementor-element-populated\">\n\t\t\t\t\t\t<div class=\"elementor-element elementor-element-5a071e0 elementor-widget elementor-widget-text-editor\" data-id=\"5a071e0\" data-element_type=\"widget\" data-e-type=\"widget\" data-widget_type=\"text-editor.default\">\n\t\t\t\t<div class=\"elementor-widget-container\">\n\t\t\t\t\t\t\t\t\t<p>\u2022 En ciertas habitaciones se permiten mascotas; cualquier da\u00f1o causado ser\u00e1 responsabilidad del due\u00f1o. <br \/>\u2022 Debe registrar su mascota en recepci\u00f3n.<br \/>\u2022 Su mascota debe permanecer con correa en \u00e1reas comunes del hotel. <br \/>\u2022 Mascotas no est\u00e1n permitidas en zonas de piscinas.<br \/>\u2022 Nos reservamos el derecho de atenci\u00f3n en caso de que su mascota est\u00e9 molestando a otros hu\u00e9spedes.<br \/>\u2022 En los jardines, sea considerado con el resto de hu\u00e9spedes, recoja los excrementos de su mascota.<\/p>\t\t\t\t\t\t\t\t<\/div>\n\t\t\t\t<\/div>\n\t\t\t\t\t<\/div>\n\t\t<\/div>\n\t\t\t\t<div class=\"elementor-column elementor-col-50 elementor-top-column elementor-element elementor-element-45eee93\" data-id=\"45eee93\" data-element_type=\"column\" data-e-type=\"column\">\n\t\t\t<div class=\"elementor-widget-wrap elementor-element-populated\">\n\t\t\t\t\t\t<div class=\"elementor-element elementor-element-32125f6 elementor-widget elementor-widget-text-editor\" data-id=\"32125f6\" data-element_type=\"widget\" data-e-type=\"widget\" data-widget_type=\"text-editor.default\">\n\t\t\t\t<div class=\"elementor-widget-container\">\n\t\t\t\t\t\t\t\t\t<p><em>\u2022 In certain rooms, pets are allowed; any damage caused will be the owner\u2019s responsibility. <\/em><br \/><em>\u2022 Pets must be declared at check in.<\/em><br \/><em>\u2022 Pets must be on a leash at all times in common areas of the hotel.<\/em><br \/><em>\u2022 Pets are not allowed in the swimming pool areas.<\/em><br \/><em>\u2022 Please keep your dog under control, we may ask to vacate the property if the pet becomes a nuisance to other guests.<\/em><br \/><em>\u2022 When walking the pet on the garden please be considerate to other visitors and clean up after your pet.<\/em><\/p>\t\t\t\t\t\t\t\t<\/div>\n\t\t\t\t<\/div>\n\t\t\t\t\t<\/div>\n\t\t<\/div>\n\t\t\t\t\t<\/div>\n\t\t<\/section>\n\t\t\t\t<\/div>\n\t\t","protected":false},"excerpt":{"rendered":"<p>\u2022 En ciertas habitaciones se permiten mascotas; cualquier da\u00f1o causado ser\u00e1 responsabilidad del due\u00f1o. \u2022 Debe registrar su mascota en recepci\u00f3n. \u2022 Su mascota debe permanecer con correa en \u00e1reas comunes del hotel. \u2022 Mascotas no est\u00e1n permitidas en zonas&#8230; <\/p>\n<div class=\"readmore-section\"><a class=\"readmore-btn\" href=\"https:\/\/sanjosedepuembo.com\/guestservice\/amigable-con-las-mascotas-petfriendly\/\">Seguir leyendo <i class=\"fa fa-arrow-right\"><\/i><\/a><\/div>\n","protected":false},"author":1,"featured_media":0,"parent":0,"menu_order":0,"comment_status":"closed","ping_status":"closed","template":"","meta":{"nf_dc_page":"","footnotes":""},"class_list":["post-1697","page","type-page","status-publish","hentry"],"_links":{"self":[{"href":"https:\/\/sanjosedepuembo.com\/guestservice\/wp-json\/wp\/v2\/pages\/1697","targetHints":{"allow":["GET"]}}],"collection":[{"href":"https:\/\/sanjosedepuembo.com\/guestservice\/wp-json\/wp\/v2\/pages"}],"about":[{"href":"https:\/\/sanjosedepuembo.com\/guestservice\/wp-json\/wp\/v2\/types\/page"}],"author":[{"embeddable":true,"href":"https:\/\/sanjosedepuembo.com\/guestservice\/wp-json\/wp\/v2\/users\/1"}],"replies":[{"embeddable":true,"href":"https:\/\/sanjosedepuembo.com\/guestservice\/wp-json\/wp\/v2\/comments?post=1697"}],"version-history":[{"count":3,"href":"https:\/\/sanjosedepuembo.com\/guestservice\/wp-json\/wp\/v2\/pages\/1697\/revisions"}],"predecessor-version":[{"id":1700,"href":"https:\/\/sanjosedepuembo.com\/guestservice\/wp-json\/wp\/v2\/pages\/1697\/revisions\/1700"}],"wp:attachment":[{"href":"https:\/\/sanjosedepuembo.com\/guestservice\/wp-json\/wp\/v2\/media?parent=1697"}],"curies":[{"name":"wp","href":"https:\/\/api.w.org\/{rel}","templated":true}]}}