{"id":1681,"date":"2020-06-22T20:05:00","date_gmt":"2020-06-22T20:05:00","guid":{"rendered":"https:\/\/sanjosedepuembo.com\/guestservice\/?page_id=1681"},"modified":"2020-06-22T20:06:52","modified_gmt":"2020-06-22T20:06:52","slug":"agua-potable-potable-water","status":"publish","type":"page","link":"https:\/\/sanjosedepuembo.com\/guestservice\/agua-potable-potable-water\/","title":{"rendered":"Agua potable \/ Potable water"},"content":{"rendered":"\t\t<div data-elementor-type=\"wp-page\" data-elementor-id=\"1681\" class=\"elementor elementor-1681\">\n\t\t\t\t\t\t<section class=\"elementor-section elementor-top-section elementor-element elementor-element-4fd99fd elementor-section-boxed elementor-section-height-default elementor-section-height-default\" data-id=\"4fd99fd\" data-element_type=\"section\" data-e-type=\"section\">\n\t\t\t\t\t\t<div class=\"elementor-container elementor-column-gap-default\">\n\t\t\t\t\t<div class=\"elementor-column elementor-col-50 elementor-top-column elementor-element elementor-element-8a9190c\" data-id=\"8a9190c\" data-element_type=\"column\" data-e-type=\"column\">\n\t\t\t<div class=\"elementor-widget-wrap elementor-element-populated\">\n\t\t\t\t\t\t<div class=\"elementor-element elementor-element-5a071e0 elementor-widget elementor-widget-text-editor\" data-id=\"5a071e0\" data-element_type=\"widget\" data-e-type=\"widget\" data-widget_type=\"text-editor.default\">\n\t\t\t\t<div class=\"elementor-widget-container\">\n\t\t\t\t\t\t\t\t\t<p>La empresa municipal de agua garantiza la calidad potable del agua, aun as\u00ed, le recomendamos que beba agua en botell\u00f3n.<\/p><p><strong>No usamos botellas pl\u00e1sticas.<\/strong><\/p>\t\t\t\t\t\t\t\t<\/div>\n\t\t\t\t<\/div>\n\t\t\t\t\t<\/div>\n\t\t<\/div>\n\t\t\t\t<div class=\"elementor-column elementor-col-50 elementor-top-column elementor-element elementor-element-45eee93\" data-id=\"45eee93\" data-element_type=\"column\" data-e-type=\"column\">\n\t\t\t<div class=\"elementor-widget-wrap elementor-element-populated\">\n\t\t\t\t\t\t<div class=\"elementor-element elementor-element-32125f6 elementor-widget elementor-widget-text-editor\" data-id=\"32125f6\" data-element_type=\"widget\" data-e-type=\"widget\" data-widget_type=\"text-editor.default\">\n\t\t\t\t<div class=\"elementor-widget-container\">\n\t\t\t\t\t\t\t\t\t<p><em>Even though, the municipality guarantees that the water is potable; we recommend that you only drink bottled water.<\/em><\/p><p><strong><em>We don\u00b4t use plastic bottles.<\/em><\/strong><\/p>\t\t\t\t\t\t\t\t<\/div>\n\t\t\t\t<\/div>\n\t\t\t\t\t<\/div>\n\t\t<\/div>\n\t\t\t\t\t<\/div>\n\t\t<\/section>\n\t\t\t\t<\/div>\n\t\t","protected":false},"excerpt":{"rendered":"<p>La empresa municipal de agua garantiza la calidad potable del agua, aun as\u00ed, le recomendamos que beba agua en botell\u00f3n. No usamos botellas pl\u00e1sticas. Even though, the municipality guarantees that the water is potable; we recommend that you only drink&#8230; <\/p>\n<div class=\"readmore-section\"><a class=\"readmore-btn\" href=\"https:\/\/sanjosedepuembo.com\/guestservice\/agua-potable-potable-water\/\">Seguir leyendo <i class=\"fa fa-arrow-right\"><\/i><\/a><\/div>\n","protected":false},"author":1,"featured_media":0,"parent":0,"menu_order":0,"comment_status":"closed","ping_status":"closed","template":"","meta":{"nf_dc_page":"","footnotes":""},"class_list":["post-1681","page","type-page","status-publish","hentry"],"_links":{"self":[{"href":"https:\/\/sanjosedepuembo.com\/guestservice\/wp-json\/wp\/v2\/pages\/1681","targetHints":{"allow":["GET"]}}],"collection":[{"href":"https:\/\/sanjosedepuembo.com\/guestservice\/wp-json\/wp\/v2\/pages"}],"about":[{"href":"https:\/\/sanjosedepuembo.com\/guestservice\/wp-json\/wp\/v2\/types\/page"}],"author":[{"embeddable":true,"href":"https:\/\/sanjosedepuembo.com\/guestservice\/wp-json\/wp\/v2\/users\/1"}],"replies":[{"embeddable":true,"href":"https:\/\/sanjosedepuembo.com\/guestservice\/wp-json\/wp\/v2\/comments?post=1681"}],"version-history":[{"count":3,"href":"https:\/\/sanjosedepuembo.com\/guestservice\/wp-json\/wp\/v2\/pages\/1681\/revisions"}],"predecessor-version":[{"id":1684,"href":"https:\/\/sanjosedepuembo.com\/guestservice\/wp-json\/wp\/v2\/pages\/1681\/revisions\/1684"}],"wp:attachment":[{"href":"https:\/\/sanjosedepuembo.com\/guestservice\/wp-json\/wp\/v2\/media?parent=1681"}],"curies":[{"name":"wp","href":"https:\/\/api.w.org\/{rel}","templated":true}]}}