{"id":1671,"date":"2020-06-22T19:58:21","date_gmt":"2020-06-22T19:58:21","guid":{"rendered":"https:\/\/sanjosedepuembo.com\/guestservice\/?page_id=1671"},"modified":"2020-06-22T20:00:24","modified_gmt":"2020-06-22T20:00:24","slug":"lavanderia-laundry","status":"publish","type":"page","link":"https:\/\/sanjosedepuembo.com\/guestservice\/lavanderia-laundry\/","title":{"rendered":"Lavander\u00eda \/ Laundry"},"content":{"rendered":"\t\t<div data-elementor-type=\"wp-page\" data-elementor-id=\"1671\" class=\"elementor elementor-1671\">\n\t\t\t\t\t\t<section class=\"elementor-section elementor-top-section elementor-element elementor-element-4fd99fd elementor-section-boxed elementor-section-height-default elementor-section-height-default\" data-id=\"4fd99fd\" data-element_type=\"section\" data-e-type=\"section\">\n\t\t\t\t\t\t<div class=\"elementor-container elementor-column-gap-default\">\n\t\t\t\t\t<div class=\"elementor-column elementor-col-50 elementor-top-column elementor-element elementor-element-8a9190c\" data-id=\"8a9190c\" data-element_type=\"column\" data-e-type=\"column\">\n\t\t\t<div class=\"elementor-widget-wrap elementor-element-populated\">\n\t\t\t\t\t\t<div class=\"elementor-element elementor-element-5a071e0 elementor-widget elementor-widget-text-editor\" data-id=\"5a071e0\" data-element_type=\"widget\" data-e-type=\"widget\" data-widget_type=\"text-editor.default\">\n\t\t\t\t<div class=\"elementor-widget-container\">\n\t\t\t\t\t\t\t\t\t<p>En su habitaci\u00f3n encontrar\u00e1 una funda y una hoja con el listado de prendas.<\/p><p><br \/>\u2022 Introduzca las prendas en la funda y llene el listado con copia.<br \/>\u2022 Llame a recepci\u00f3n para que sea retirada.<br \/>\u2022 Piezas manchadas o deterioradas no ser\u00e1n responsabilidad del hotel.<br \/>\u2022 No nos hacemos responsables de valores u objetos olvidados en los bolsillos o prendidos a la ropa.<br \/>\u2022 <strong>Las prendas entregadas antes de las 9:00 se entregar\u00e1 el mismo d\u00eda a las 18:00, caso contrario ser\u00e1 al siguiente d\u00eda a las 18:00.<\/strong><\/p>\t\t\t\t\t\t\t\t<\/div>\n\t\t\t\t<\/div>\n\t\t\t\t\t<\/div>\n\t\t<\/div>\n\t\t\t\t<div class=\"elementor-column elementor-col-50 elementor-top-column elementor-element elementor-element-45eee93\" data-id=\"45eee93\" data-element_type=\"column\" data-e-type=\"column\">\n\t\t\t<div class=\"elementor-widget-wrap elementor-element-populated\">\n\t\t\t\t\t\t<div class=\"elementor-element elementor-element-32125f6 elementor-widget elementor-widget-text-editor\" data-id=\"32125f6\" data-element_type=\"widget\" data-e-type=\"widget\" data-widget_type=\"text-editor.default\">\n\t\t\t\t<div class=\"elementor-widget-container\">\n\t\t\t\t\t\t\t\t\t<p><em>In your room you will find a laundry bag and a sheet with a list of garments.<\/em><\/p><p><br \/><em>\u2022 Insert the garments in the bag and fill in the list with the copy. <\/em><br \/><em>\u2022 Call front desk to be picked up. <\/em><br \/><em>\u2022 Damage or faded garments are not the hotel responsibility.<\/em><br \/><em>\u2022 We do not accept liability of any valuable or object left in the pockets or attached to the clothing. <\/em><br \/><em>\u2022 <strong>All items given to us before 9:00 will be delivered the same day at 18:00 otherwise will be the next day at 18:00.<\/strong><\/em><\/p>\t\t\t\t\t\t\t\t<\/div>\n\t\t\t\t<\/div>\n\t\t\t\t\t<\/div>\n\t\t<\/div>\n\t\t\t\t\t<\/div>\n\t\t<\/section>\n\t\t\t\t<\/div>\n\t\t","protected":false},"excerpt":{"rendered":"<p>En su habitaci\u00f3n encontrar\u00e1 una funda y una hoja con el listado de prendas. \u2022 Introduzca las prendas en la funda y llene el listado con copia. \u2022 Llame a recepci\u00f3n para que sea retirada. \u2022 Piezas manchadas o deterioradas&#8230; <\/p>\n<div class=\"readmore-section\"><a class=\"readmore-btn\" href=\"https:\/\/sanjosedepuembo.com\/guestservice\/lavanderia-laundry\/\">Seguir leyendo <i class=\"fa fa-arrow-right\"><\/i><\/a><\/div>\n","protected":false},"author":1,"featured_media":0,"parent":0,"menu_order":0,"comment_status":"closed","ping_status":"closed","template":"","meta":{"nf_dc_page":"","footnotes":""},"class_list":["post-1671","page","type-page","status-publish","hentry"],"_links":{"self":[{"href":"https:\/\/sanjosedepuembo.com\/guestservice\/wp-json\/wp\/v2\/pages\/1671","targetHints":{"allow":["GET"]}}],"collection":[{"href":"https:\/\/sanjosedepuembo.com\/guestservice\/wp-json\/wp\/v2\/pages"}],"about":[{"href":"https:\/\/sanjosedepuembo.com\/guestservice\/wp-json\/wp\/v2\/types\/page"}],"author":[{"embeddable":true,"href":"https:\/\/sanjosedepuembo.com\/guestservice\/wp-json\/wp\/v2\/users\/1"}],"replies":[{"embeddable":true,"href":"https:\/\/sanjosedepuembo.com\/guestservice\/wp-json\/wp\/v2\/comments?post=1671"}],"version-history":[{"count":3,"href":"https:\/\/sanjosedepuembo.com\/guestservice\/wp-json\/wp\/v2\/pages\/1671\/revisions"}],"predecessor-version":[{"id":1674,"href":"https:\/\/sanjosedepuembo.com\/guestservice\/wp-json\/wp\/v2\/pages\/1671\/revisions\/1674"}],"wp:attachment":[{"href":"https:\/\/sanjosedepuembo.com\/guestservice\/wp-json\/wp\/v2\/media?parent=1671"}],"curies":[{"name":"wp","href":"https:\/\/api.w.org\/{rel}","templated":true}]}}