{"id":1666,"date":"2020-06-22T19:54:14","date_gmt":"2020-06-22T19:54:14","guid":{"rendered":"https:\/\/sanjosedepuembo.com\/guestservice\/?page_id=1666"},"modified":"2020-06-22T19:56:53","modified_gmt":"2020-06-22T19:56:53","slug":"edificio-libre-de-humo-smoke-free-building","status":"publish","type":"page","link":"https:\/\/sanjosedepuembo.com\/guestservice\/edificio-libre-de-humo-smoke-free-building\/","title":{"rendered":"Edificio libre de humo \/ Smoke-free building"},"content":{"rendered":"\t\t<div data-elementor-type=\"wp-page\" data-elementor-id=\"1666\" class=\"elementor elementor-1666\">\n\t\t\t\t\t\t<section class=\"elementor-section elementor-top-section elementor-element elementor-element-4fd99fd elementor-section-boxed elementor-section-height-default elementor-section-height-default\" data-id=\"4fd99fd\" data-element_type=\"section\" data-e-type=\"section\">\n\t\t\t\t\t\t<div class=\"elementor-container elementor-column-gap-default\">\n\t\t\t\t\t<div class=\"elementor-column elementor-col-50 elementor-top-column elementor-element elementor-element-8a9190c\" data-id=\"8a9190c\" data-element_type=\"column\" data-e-type=\"column\">\n\t\t\t<div class=\"elementor-widget-wrap elementor-element-populated\">\n\t\t\t\t\t\t<div class=\"elementor-element elementor-element-5a071e0 elementor-widget elementor-widget-text-editor\" data-id=\"5a071e0\" data-element_type=\"widget\" data-e-type=\"widget\" data-widget_type=\"text-editor.default\">\n\t\t\t\t<div class=\"elementor-widget-container\">\n\t\t\t\t\t\t\t\t\t<p><strong>San Jos\u00e9 De Puembo &#8211; Quito &#8211; Airport, an Ascend Hotel Collection<\/strong> es un edificio libre de humo. Est\u00e1 prohibido fumar en las habitaciones. Puede encontrar zonas de fumadores se\u00f1alizadas en los exteriores del hotel.<\/p><p>El cargo por fumar en las habitaciones es de <strong>$200<\/strong>. Este valor cubre de manera parcial el lavado de toda la tapicer\u00eda, alfombras, cortinas y el tiempo de no poder usar la habitaci\u00f3n.<\/p>\t\t\t\t\t\t\t\t<\/div>\n\t\t\t\t<\/div>\n\t\t\t\t\t<\/div>\n\t\t<\/div>\n\t\t\t\t<div class=\"elementor-column elementor-col-50 elementor-top-column elementor-element elementor-element-45eee93\" data-id=\"45eee93\" data-element_type=\"column\" data-e-type=\"column\">\n\t\t\t<div class=\"elementor-widget-wrap elementor-element-populated\">\n\t\t\t\t\t\t<div class=\"elementor-element elementor-element-32125f6 elementor-widget elementor-widget-text-editor\" data-id=\"32125f6\" data-element_type=\"widget\" data-e-type=\"widget\" data-widget_type=\"text-editor.default\">\n\t\t\t\t<div class=\"elementor-widget-container\">\n\t\t\t\t\t\t\t\t\t<p><em><strong>San Jos\u00e9 De Puembo &#8211; Quito &#8211; Airport, An Ascend Hotel Collection<\/strong> is a smoke-free building. Smoking is not allowed in the rooms. You can find smoking areas outside the building.<\/em><\/p><p><em>Smoking in the room will generate cost of <strong>$200<\/strong>. <\/em><br \/><em>This value partially covers carpets, curtains and furniture cleaning and the down time of the unit.<\/em><\/p>\t\t\t\t\t\t\t\t<\/div>\n\t\t\t\t<\/div>\n\t\t\t\t\t<\/div>\n\t\t<\/div>\n\t\t\t\t\t<\/div>\n\t\t<\/section>\n\t\t\t\t<\/div>\n\t\t","protected":false},"excerpt":{"rendered":"<p>San Jos\u00e9 De Puembo &#8211; Quito &#8211; Airport, an Ascend Hotel Collection es un edificio libre de humo. Est\u00e1 prohibido fumar en las habitaciones. Puede encontrar zonas de fumadores se\u00f1alizadas en los exteriores del hotel. El cargo por fumar en&#8230; <\/p>\n<div class=\"readmore-section\"><a class=\"readmore-btn\" href=\"https:\/\/sanjosedepuembo.com\/guestservice\/edificio-libre-de-humo-smoke-free-building\/\">Seguir leyendo <i class=\"fa fa-arrow-right\"><\/i><\/a><\/div>\n","protected":false},"author":1,"featured_media":0,"parent":0,"menu_order":0,"comment_status":"closed","ping_status":"closed","template":"","meta":{"nf_dc_page":"","footnotes":""},"class_list":["post-1666","page","type-page","status-publish","hentry"],"_links":{"self":[{"href":"https:\/\/sanjosedepuembo.com\/guestservice\/wp-json\/wp\/v2\/pages\/1666","targetHints":{"allow":["GET"]}}],"collection":[{"href":"https:\/\/sanjosedepuembo.com\/guestservice\/wp-json\/wp\/v2\/pages"}],"about":[{"href":"https:\/\/sanjosedepuembo.com\/guestservice\/wp-json\/wp\/v2\/types\/page"}],"author":[{"embeddable":true,"href":"https:\/\/sanjosedepuembo.com\/guestservice\/wp-json\/wp\/v2\/users\/1"}],"replies":[{"embeddable":true,"href":"https:\/\/sanjosedepuembo.com\/guestservice\/wp-json\/wp\/v2\/comments?post=1666"}],"version-history":[{"count":3,"href":"https:\/\/sanjosedepuembo.com\/guestservice\/wp-json\/wp\/v2\/pages\/1666\/revisions"}],"predecessor-version":[{"id":1669,"href":"https:\/\/sanjosedepuembo.com\/guestservice\/wp-json\/wp\/v2\/pages\/1666\/revisions\/1669"}],"wp:attachment":[{"href":"https:\/\/sanjosedepuembo.com\/guestservice\/wp-json\/wp\/v2\/media?parent=1666"}],"curies":[{"name":"wp","href":"https:\/\/api.w.org\/{rel}","templated":true}]}}