{"id":1647,"date":"2020-06-22T19:32:48","date_gmt":"2020-06-22T19:32:48","guid":{"rendered":"https:\/\/sanjosedepuembo.com\/guestservice\/?page_id=1647"},"modified":"2024-09-08T16:29:50","modified_gmt":"2024-09-08T16:29:50","slug":"procedimientos-de-emergencia","status":"publish","type":"page","link":"https:\/\/sanjosedepuembo.com\/guestservice\/procedimientos-de-emergencia\/","title":{"rendered":"Procedimientos de emergencia \/ Emergency procedures"},"content":{"rendered":"\t\t<div data-elementor-type=\"wp-page\" data-elementor-id=\"1647\" class=\"elementor elementor-1647\">\n\t\t\t\t\t\t<section class=\"elementor-section elementor-top-section elementor-element elementor-element-4fd99fd elementor-section-boxed elementor-section-height-default elementor-section-height-default\" data-id=\"4fd99fd\" data-element_type=\"section\" data-e-type=\"section\">\n\t\t\t\t\t\t<div class=\"elementor-container elementor-column-gap-default\">\n\t\t\t\t\t<div class=\"elementor-column elementor-col-50 elementor-top-column elementor-element elementor-element-8a9190c\" data-id=\"8a9190c\" data-element_type=\"column\" data-e-type=\"column\">\n\t\t\t<div class=\"elementor-widget-wrap elementor-element-populated\">\n\t\t\t\t\t\t<div class=\"elementor-element elementor-element-5a071e0 elementor-widget elementor-widget-text-editor\" data-id=\"5a071e0\" data-element_type=\"widget\" data-e-type=\"widget\" data-widget_type=\"text-editor.default\">\n\t\t\t\t<div class=\"elementor-widget-container\">\n\t\t\t\t\t\t\t\t\t<p>En caso de incendio o movimiento s\u00edsmico, mantenga la calma y dir\u00edjase al punto de encuentro m\u00e1s cercano. Por favor consulte el mapa de evacuaci\u00f3n cerca de la puerta de su habitaci\u00f3n.<\/p><p>En caso de vientos fuertes al\u00e9jese de los \u00e1rboles, ya que pueden caer ramas.<\/p><p>\u00a0<\/p><p>\u00a0<\/p>\t\t\t\t\t\t\t\t<\/div>\n\t\t\t\t<\/div>\n\t\t\t\t\t<\/div>\n\t\t<\/div>\n\t\t\t\t<div class=\"elementor-column elementor-col-50 elementor-top-column elementor-element elementor-element-45eee93\" data-id=\"45eee93\" data-element_type=\"column\" data-e-type=\"column\">\n\t\t\t<div class=\"elementor-widget-wrap elementor-element-populated\">\n\t\t\t\t\t\t<div class=\"elementor-element elementor-element-32125f6 elementor-widget elementor-widget-text-editor\" data-id=\"32125f6\" data-element_type=\"widget\" data-e-type=\"widget\" data-widget_type=\"text-editor.default\">\n\t\t\t\t<div class=\"elementor-widget-container\">\n\t\t\t\t\t\t\t\t\t<p><em>In the event of fire or earthquake, keep calm and go to the closest meeting point, please review the evacuation map next to the door of your room.<\/em><\/p><p><em>In case of strong winds stay away from the trees, since branches might fall off.<\/em><\/p>\t\t\t\t\t\t\t\t<\/div>\n\t\t\t\t<\/div>\n\t\t\t\t\t<\/div>\n\t\t<\/div>\n\t\t\t\t\t<\/div>\n\t\t<\/section>\n\t\t<div class=\"elementor-element elementor-element-de48604 e-flex e-con-boxed e-con e-parent\" data-id=\"de48604\" data-element_type=\"container\" data-e-type=\"container\">\n\t\t\t\t\t<div class=\"e-con-inner\">\n\t\t<div class=\"elementor-element elementor-element-8535a00 e-con-full e-flex e-con e-child\" data-id=\"8535a00\" data-element_type=\"container\" data-e-type=\"container\">\n\t\t\t\t<div class=\"elementor-element elementor-element-b55aa1b elementor-widget elementor-widget-image\" data-id=\"b55aa1b\" data-element_type=\"widget\" data-e-type=\"widget\" data-widget_type=\"image.default\">\n\t\t\t\t<div class=\"elementor-widget-container\">\n\t\t\t\t\t\t\t\t\t\t\t\t\t\t\t<img fetchpriority=\"high\" decoding=\"async\" width=\"596\" height=\"432\" src=\"https:\/\/sanjosedepuembo.com\/guestservice\/wp-content\/uploads\/2020\/06\/incendio-sismosfinal-01.jpg\" class=\"attachment-large size-large wp-image-1609\" alt=\"\" srcset=\"https:\/\/sanjosedepuembo.com\/guestservice\/wp-content\/uploads\/2020\/06\/incendio-sismosfinal-01.jpg 596w, https:\/\/sanjosedepuembo.com\/guestservice\/wp-content\/uploads\/2020\/06\/incendio-sismosfinal-01-300x217.jpg 300w\" sizes=\"(max-width: 596px) 100vw, 596px\" \/>\t\t\t\t\t\t\t\t\t\t\t\t\t\t\t<\/div>\n\t\t\t\t<\/div>\n\t\t\t\t<\/div>\n\t\t<div class=\"elementor-element elementor-element-fc03794 e-con-full e-flex e-con e-child\" data-id=\"fc03794\" data-element_type=\"container\" data-e-type=\"container\">\n\t\t\t\t<div class=\"elementor-element elementor-element-289de9b elementor-widget elementor-widget-image\" data-id=\"289de9b\" data-element_type=\"widget\" data-e-type=\"widget\" data-widget_type=\"image.default\">\n\t\t\t\t<div class=\"elementor-widget-container\">\n\t\t\t\t\t\t\t\t\t\t\t\t\t\t\t<img decoding=\"async\" width=\"730\" height=\"405\" src=\"https:\/\/sanjosedepuembo.com\/guestservice\/wp-content\/uploads\/2020\/06\/incendio-sismos-01-1024x568.jpg\" class=\"attachment-large size-large wp-image-1605\" alt=\"\" srcset=\"https:\/\/sanjosedepuembo.com\/guestservice\/wp-content\/uploads\/2020\/06\/incendio-sismos-01-1024x568.jpg 1024w, https:\/\/sanjosedepuembo.com\/guestservice\/wp-content\/uploads\/2020\/06\/incendio-sismos-01-300x166.jpg 300w, https:\/\/sanjosedepuembo.com\/guestservice\/wp-content\/uploads\/2020\/06\/incendio-sismos-01-768x426.jpg 768w, https:\/\/sanjosedepuembo.com\/guestservice\/wp-content\/uploads\/2020\/06\/incendio-sismos-01-1536x852.jpg 1536w, https:\/\/sanjosedepuembo.com\/guestservice\/wp-content\/uploads\/2020\/06\/incendio-sismos-01-2048x1135.jpg 2048w, https:\/\/sanjosedepuembo.com\/guestservice\/wp-content\/uploads\/2020\/06\/incendio-sismos-01-600x333.jpg 600w\" sizes=\"(max-width: 730px) 100vw, 730px\" \/>\t\t\t\t\t\t\t\t\t\t\t\t\t\t\t<\/div>\n\t\t\t\t<\/div>\n\t\t\t\t<\/div>\n\t\t\t\t\t<\/div>\n\t\t\t\t<\/div>\n\t\t\t\t<\/div>\n\t\t","protected":false},"excerpt":{"rendered":"<p>En caso de incendio o movimiento s\u00edsmico, mantenga la calma y dir\u00edjase al punto de encuentro m\u00e1s cercano. Por favor consulte el mapa de evacuaci\u00f3n cerca de la puerta de su habitaci\u00f3n. En caso de vientos fuertes al\u00e9jese de los&#8230; <\/p>\n<div class=\"readmore-section\"><a class=\"readmore-btn\" href=\"https:\/\/sanjosedepuembo.com\/guestservice\/procedimientos-de-emergencia\/\">Seguir leyendo <i class=\"fa fa-arrow-right\"><\/i><\/a><\/div>\n","protected":false},"author":1,"featured_media":0,"parent":0,"menu_order":0,"comment_status":"closed","ping_status":"closed","template":"","meta":{"nf_dc_page":"","footnotes":""},"class_list":["post-1647","page","type-page","status-publish","hentry"],"_links":{"self":[{"href":"https:\/\/sanjosedepuembo.com\/guestservice\/wp-json\/wp\/v2\/pages\/1647","targetHints":{"allow":["GET"]}}],"collection":[{"href":"https:\/\/sanjosedepuembo.com\/guestservice\/wp-json\/wp\/v2\/pages"}],"about":[{"href":"https:\/\/sanjosedepuembo.com\/guestservice\/wp-json\/wp\/v2\/types\/page"}],"author":[{"embeddable":true,"href":"https:\/\/sanjosedepuembo.com\/guestservice\/wp-json\/wp\/v2\/users\/1"}],"replies":[{"embeddable":true,"href":"https:\/\/sanjosedepuembo.com\/guestservice\/wp-json\/wp\/v2\/comments?post=1647"}],"version-history":[{"count":5,"href":"https:\/\/sanjosedepuembo.com\/guestservice\/wp-json\/wp\/v2\/pages\/1647\/revisions"}],"predecessor-version":[{"id":2325,"href":"https:\/\/sanjosedepuembo.com\/guestservice\/wp-json\/wp\/v2\/pages\/1647\/revisions\/2325"}],"wp:attachment":[{"href":"https:\/\/sanjosedepuembo.com\/guestservice\/wp-json\/wp\/v2\/media?parent=1647"}],"curies":[{"name":"wp","href":"https:\/\/api.w.org\/{rel}","templated":true}]}}