{"id":1587,"date":"2020-06-22T17:08:46","date_gmt":"2020-06-22T17:08:46","guid":{"rendered":"https:\/\/sanjosedepuembo.com\/guestservice\/?page_id=1587"},"modified":"2020-06-22T17:12:38","modified_gmt":"2020-06-22T17:12:38","slug":"responsabilidad-social-social-responsability","status":"publish","type":"page","link":"https:\/\/sanjosedepuembo.com\/guestservice\/responsabilidad-social-social-responsability\/","title":{"rendered":"Responsabilidad Social \/ Social responsability"},"content":{"rendered":"\t\t<div data-elementor-type=\"wp-page\" data-elementor-id=\"1587\" class=\"elementor elementor-1587\">\n\t\t\t\t\t\t<section class=\"elementor-section elementor-top-section elementor-element elementor-element-4fd99fd elementor-section-boxed elementor-section-height-default elementor-section-height-default\" data-id=\"4fd99fd\" data-element_type=\"section\" data-e-type=\"section\">\n\t\t\t\t\t\t<div class=\"elementor-container elementor-column-gap-default\">\n\t\t\t\t\t<div class=\"elementor-column elementor-col-50 elementor-top-column elementor-element elementor-element-8a9190c\" data-id=\"8a9190c\" data-element_type=\"column\" data-e-type=\"column\">\n\t\t\t<div class=\"elementor-widget-wrap elementor-element-populated\">\n\t\t\t\t\t\t<div class=\"elementor-element elementor-element-5a071e0 elementor-widget elementor-widget-text-editor\" data-id=\"5a071e0\" data-element_type=\"widget\" data-e-type=\"widget\" data-widget_type=\"text-editor.default\">\n\t\t\t\t<div class=\"elementor-widget-container\">\n\t\t\t\t\t\t\t\t\t<p>En San Jos\u00e9 de Puembo entendemos que somos parte de una comunidad a la que debemos una contribuci\u00f3n activa y voluntaria al mejoramiento social y econ\u00f3mico.<\/p><p>Dentro de nuestras pr\u00e1cticas de responsabilidad social tenemos:<\/p><p>\u2022 50% del personal lo componen personas que viven en las inmediaciones del hotel (5 Km).<br \/>\u2022 50% del personal es mujer y 50% de los cargos ejecutivos son mujeres.<br \/>\u2022 Excedemos en el cumplimiento de la cuota legal requerida de personal con discapacidad.<br \/>\u2022 Colaboraci\u00f3n contin\u00faa con la junta parroquial para el desarrollo y mejoramiento de la comunidad.<br \/>\u2022 Apoyo con infraestructura y log\u00edstica a la junta modular 28 del canal de riego del Pisque.<br \/>\u2022 Donaci\u00f3n de terreno para obras comunitarias de infraestructura (1000m2 para el tanque de agua potable). <br \/>\u2022 Cooperaci\u00f3n y donaciones constantes a las iglesias, escuelas y grupos vulnerables.<br \/>\u2022 Preferencia en la contrataci\u00f3n de proveedores de bienes y servicios de la comunidad.<\/p>\t\t\t\t\t\t\t\t<\/div>\n\t\t\t\t<\/div>\n\t\t\t\t\t<\/div>\n\t\t<\/div>\n\t\t\t\t<div class=\"elementor-column elementor-col-50 elementor-top-column elementor-element elementor-element-45eee93\" data-id=\"45eee93\" data-element_type=\"column\" data-e-type=\"column\">\n\t\t\t<div class=\"elementor-widget-wrap elementor-element-populated\">\n\t\t\t\t\t\t<div class=\"elementor-element elementor-element-32125f6 elementor-widget elementor-widget-text-editor\" data-id=\"32125f6\" data-element_type=\"widget\" data-e-type=\"widget\" data-widget_type=\"text-editor.default\">\n\t\t\t\t<div class=\"elementor-widget-container\">\n\t\t\t\t\t\t\t\t\t<p><em>San Jos\u00e9 de Puembo understands that we are part of a community to which we must actively and voluntarily help to improve socially and economically.<\/em><\/p><p><em>Our social responsibility practices include:<\/em><\/p><p><em>\u2022 50% of the personnel live in the vicinity of the hotel (5km).<\/em><br \/><em>\u2022 50% of the staff is women and 50% of the executive positions are women.<\/em><br \/><em>\u2022 We exceed the personnel with disabilities quota required by law.<\/em><br \/><em>\u2022 Close collaboration with the town council for the development and improvement of the community.<\/em><br \/><em>\u2022 Support with infrastructure and logistics to the Pisque irrigation water canal board.<\/em><br \/><em>\u2022 Donation to the community for infrastructure (1000 m2 for the potable water tank).<\/em><br \/><em>\u2022 Continuous cooperation and donations to churches, schools and vulnerable groups.<\/em><br \/><em>\u2022 Preference in purchasing from local suppliers of goods and services.<\/em><\/p>\t\t\t\t\t\t\t\t<\/div>\n\t\t\t\t<\/div>\n\t\t\t\t\t<\/div>\n\t\t<\/div>\n\t\t\t\t\t<\/div>\n\t\t<\/section>\n\t\t\t\t<section class=\"elementor-section elementor-top-section elementor-element elementor-element-5034131 elementor-section-boxed elementor-section-height-default elementor-section-height-default\" data-id=\"5034131\" data-element_type=\"section\" data-e-type=\"section\">\n\t\t\t\t\t\t<div class=\"elementor-container elementor-column-gap-default\">\n\t\t\t\t\t<div class=\"elementor-column elementor-col-100 elementor-top-column elementor-element elementor-element-9f21d33\" data-id=\"9f21d33\" data-element_type=\"column\" data-e-type=\"column\">\n\t\t\t<div class=\"elementor-widget-wrap elementor-element-populated\">\n\t\t\t\t\t\t<div class=\"elementor-element elementor-element-bea1af8 elementor-widget elementor-widget-image\" data-id=\"bea1af8\" data-element_type=\"widget\" data-e-type=\"widget\" data-widget_type=\"image.default\">\n\t\t\t\t<div class=\"elementor-widget-container\">\n\t\t\t\t\t\t\t\t\t\t\t\t\t\t\t<img fetchpriority=\"high\" decoding=\"async\" width=\"596\" height=\"377\" src=\"https:\/\/sanjosedepuembo.com\/guestservice\/wp-content\/uploads\/2020\/06\/responsabilidad-01-1.jpg\" class=\"attachment-woocommerce_single size-woocommerce_single wp-image-1590\" alt=\"\" srcset=\"https:\/\/sanjosedepuembo.com\/guestservice\/wp-content\/uploads\/2020\/06\/responsabilidad-01-1.jpg 596w, https:\/\/sanjosedepuembo.com\/guestservice\/wp-content\/uploads\/2020\/06\/responsabilidad-01-1-300x190.jpg 300w\" sizes=\"(max-width: 596px) 100vw, 596px\" \/>\t\t\t\t\t\t\t\t\t\t\t\t\t\t\t<\/div>\n\t\t\t\t<\/div>\n\t\t\t\t\t<\/div>\n\t\t<\/div>\n\t\t\t\t\t<\/div>\n\t\t<\/section>\n\t\t\t\t<\/div>\n\t\t","protected":false},"excerpt":{"rendered":"<p>En San Jos\u00e9 de Puembo entendemos que somos parte de una comunidad a la que debemos una contribuci\u00f3n activa y voluntaria al mejoramiento social y econ\u00f3mico. Dentro de nuestras pr\u00e1cticas de responsabilidad social tenemos: \u2022 50% del personal lo componen&#8230; <\/p>\n<div class=\"readmore-section\"><a class=\"readmore-btn\" href=\"https:\/\/sanjosedepuembo.com\/guestservice\/responsabilidad-social-social-responsability\/\">Seguir leyendo <i class=\"fa fa-arrow-right\"><\/i><\/a><\/div>\n","protected":false},"author":1,"featured_media":0,"parent":0,"menu_order":0,"comment_status":"closed","ping_status":"closed","template":"","meta":{"nf_dc_page":"","footnotes":""},"class_list":["post-1587","page","type-page","status-publish","hentry"],"_links":{"self":[{"href":"https:\/\/sanjosedepuembo.com\/guestservice\/wp-json\/wp\/v2\/pages\/1587","targetHints":{"allow":["GET"]}}],"collection":[{"href":"https:\/\/sanjosedepuembo.com\/guestservice\/wp-json\/wp\/v2\/pages"}],"about":[{"href":"https:\/\/sanjosedepuembo.com\/guestservice\/wp-json\/wp\/v2\/types\/page"}],"author":[{"embeddable":true,"href":"https:\/\/sanjosedepuembo.com\/guestservice\/wp-json\/wp\/v2\/users\/1"}],"replies":[{"embeddable":true,"href":"https:\/\/sanjosedepuembo.com\/guestservice\/wp-json\/wp\/v2\/comments?post=1587"}],"version-history":[{"count":2,"href":"https:\/\/sanjosedepuembo.com\/guestservice\/wp-json\/wp\/v2\/pages\/1587\/revisions"}],"predecessor-version":[{"id":1591,"href":"https:\/\/sanjosedepuembo.com\/guestservice\/wp-json\/wp\/v2\/pages\/1587\/revisions\/1591"}],"wp:attachment":[{"href":"https:\/\/sanjosedepuembo.com\/guestservice\/wp-json\/wp\/v2\/media?parent=1587"}],"curies":[{"name":"wp","href":"https:\/\/api.w.org\/{rel}","templated":true}]}}