{"id":1582,"date":"2020-06-22T16:45:29","date_gmt":"2020-06-22T16:45:29","guid":{"rendered":"https:\/\/sanjosedepuembo.com\/guestservice\/?page_id=1582"},"modified":"2020-06-22T17:07:06","modified_gmt":"2020-06-22T17:07:06","slug":"practicas-verdes","status":"publish","type":"page","link":"https:\/\/sanjosedepuembo.com\/guestservice\/practicas-verdes\/","title":{"rendered":"Pr\u00e1cticas verdes \/ Green Practice"},"content":{"rendered":"\t\t<div data-elementor-type=\"wp-page\" data-elementor-id=\"1582\" class=\"elementor elementor-1582\">\n\t\t\t\t\t\t<section class=\"elementor-section elementor-top-section elementor-element elementor-element-4fd99fd elementor-section-boxed elementor-section-height-default elementor-section-height-default\" data-id=\"4fd99fd\" data-element_type=\"section\" data-e-type=\"section\">\n\t\t\t\t\t\t<div class=\"elementor-container elementor-column-gap-default\">\n\t\t\t\t\t<div class=\"elementor-column elementor-col-50 elementor-top-column elementor-element elementor-element-8a9190c\" data-id=\"8a9190c\" data-element_type=\"column\" data-e-type=\"column\">\n\t\t\t<div class=\"elementor-widget-wrap elementor-element-populated\">\n\t\t\t\t\t\t<div class=\"elementor-element elementor-element-5a071e0 elementor-widget elementor-widget-text-editor\" data-id=\"5a071e0\" data-element_type=\"widget\" data-e-type=\"widget\" data-widget_type=\"text-editor.default\">\n\t\t\t\t<div class=\"elementor-widget-container\">\n\t\t\t\t\t\t\t\t\t<p>En San Jos\u00e9 de Puembo nos preocupamos por el medio ambiente. Adem\u00e1s del cumplimiento de la estricta normativa local, hemos implementado las siguientes pr\u00e1cticas:<\/p><p>\u2022 \u00c1reas verdes cuidadosamente mantenidas, usamos agua de riego (no potable) con mecanismos eficientes, abonado mediante compost y uso limitado de agroqu\u00edmicos.<br \/>\u2022 Uso de energ\u00eda solar como mecanismo primario para el calentamiento de agua de la piscina Campestre y de las habitaciones.<br \/>\u2022 Uso de luces LED en m\u00e1s del 80% de luminarias del hotel, tecnolog\u00eda que ayuda al ahorro de energ\u00eda y est\u00e1n libres de mercurio.<br \/>\u2022 Calentadores de comida eficientes en energ\u00eda del tipo inducci\u00f3n.<br \/>\u2022 100% de reciclaje de residuos org\u00e1nicos, papel y pl\u00e1stico.<br \/>\u2022 Las ventanas de las habitaciones cuentan con l\u00e1minas de reducci\u00f3n de rayos infrarrojos para reducci\u00f3n de calor y as\u00ed evitar el uso de aire acondicionado.<br \/>\u2022 Sistemas de enfriamiento de aire eficientes.<br \/>\u2022 Calentadores eficientes. <br \/>\u2022 Programa ecol\u00f3gico de lavado toallas.<br \/>\u2022 Recipientes multiuso a prueba de manipulaci\u00f3n para el shampoo, acondicionador y crema.<\/p>\t\t\t\t\t\t\t\t<\/div>\n\t\t\t\t<\/div>\n\t\t\t\t\t<\/div>\n\t\t<\/div>\n\t\t\t\t<div class=\"elementor-column elementor-col-50 elementor-top-column elementor-element elementor-element-45eee93\" data-id=\"45eee93\" data-element_type=\"column\" data-e-type=\"column\">\n\t\t\t<div class=\"elementor-widget-wrap elementor-element-populated\">\n\t\t\t\t\t\t<div class=\"elementor-element elementor-element-32125f6 elementor-widget elementor-widget-text-editor\" data-id=\"32125f6\" data-element_type=\"widget\" data-e-type=\"widget\" data-widget_type=\"text-editor.default\">\n\t\t\t\t<div class=\"elementor-widget-container\">\n\t\t\t\t\t\t\t\t\t<p><em>San Jos\u00e9 de Puembo takes care about the environment. In addition to the compliance of the stringent local regulations we have implemented the following practices:<\/em><\/p><p><em>\u2022 Green areas carefully maintained, using irrigation water (not potable) with efficient mechanisms like the use of compost and limited use of agrochemicals.<\/em><br \/><em>\u2022 Solar energy as the primary mechanism for water heating for the \u201cCampestre\u201d swimming pool and the rooms.<\/em><br \/><em>\u2022 We use LED lights in over 80% of the hotel lights, this technology helps save energy and are mercury free.<\/em><br \/><em>\u2022 Energy efficient induction type food warming systems.<\/em><br \/><em>\u2022 100% recycling for organic waste, paper and plastic.<\/em><br \/><em>\u2022 Windows of the rooms have special films with infrared heat reduction technology which reduce heat and avoid the use of air conditioning.<\/em><br \/><em>\u2022 Energy efficient air coolers.<\/em><br \/><em>\u2022 Energy efficient heaters.<\/em><br \/><em>\u2022 Ecological Program of towel washing.<\/em><br \/><em>\u2022 Multi usage tamper-proof recipients for shampoo, hair conditioner and cream.<\/em><\/p>\t\t\t\t\t\t\t\t<\/div>\n\t\t\t\t<\/div>\n\t\t\t\t\t<\/div>\n\t\t<\/div>\n\t\t\t\t\t<\/div>\n\t\t<\/section>\n\t\t\t\t<section class=\"elementor-section elementor-top-section elementor-element elementor-element-5034131 elementor-section-boxed elementor-section-height-default elementor-section-height-default\" data-id=\"5034131\" data-element_type=\"section\" data-e-type=\"section\">\n\t\t\t\t\t\t<div class=\"elementor-container elementor-column-gap-default\">\n\t\t\t\t\t<div class=\"elementor-column elementor-col-100 elementor-top-column elementor-element elementor-element-9f21d33\" data-id=\"9f21d33\" data-element_type=\"column\" data-e-type=\"column\">\n\t\t\t<div class=\"elementor-widget-wrap elementor-element-populated\">\n\t\t\t\t\t\t<div class=\"elementor-element elementor-element-bea1af8 elementor-widget elementor-widget-image\" data-id=\"bea1af8\" data-element_type=\"widget\" data-e-type=\"widget\" data-widget_type=\"image.default\">\n\t\t\t\t<div class=\"elementor-widget-container\">\n\t\t\t\t\t\t\t\t\t\t\t\t\t\t\t<img fetchpriority=\"high\" decoding=\"async\" width=\"600\" height=\"380\" src=\"https:\/\/sanjosedepuembo.com\/guestservice\/wp-content\/uploads\/2020\/06\/practicasverdes-01-600x380.jpg\" class=\"attachment-woocommerce_single size-woocommerce_single wp-image-1584\" alt=\"\" srcset=\"https:\/\/sanjosedepuembo.com\/guestservice\/wp-content\/uploads\/2020\/06\/practicasverdes-01-600x380.jpg 600w, https:\/\/sanjosedepuembo.com\/guestservice\/wp-content\/uploads\/2020\/06\/practicasverdes-01-300x190.jpg 300w, https:\/\/sanjosedepuembo.com\/guestservice\/wp-content\/uploads\/2020\/06\/practicasverdes-01-1024x648.jpg 1024w, https:\/\/sanjosedepuembo.com\/guestservice\/wp-content\/uploads\/2020\/06\/practicasverdes-01-768x486.jpg 768w, https:\/\/sanjosedepuembo.com\/guestservice\/wp-content\/uploads\/2020\/06\/practicasverdes-01-1536x972.jpg 1536w, https:\/\/sanjosedepuembo.com\/guestservice\/wp-content\/uploads\/2020\/06\/practicasverdes-01-2048x1297.jpg 2048w\" sizes=\"(max-width: 600px) 100vw, 600px\" \/>\t\t\t\t\t\t\t\t\t\t\t\t\t\t\t<\/div>\n\t\t\t\t<\/div>\n\t\t\t\t\t<\/div>\n\t\t<\/div>\n\t\t\t\t\t<\/div>\n\t\t<\/section>\n\t\t\t\t<\/div>\n\t\t","protected":false},"excerpt":{"rendered":"<p>En San Jos\u00e9 de Puembo nos preocupamos por el medio ambiente. Adem\u00e1s del cumplimiento de la estricta normativa local, hemos implementado las siguientes pr\u00e1cticas: \u2022 \u00c1reas verdes cuidadosamente mantenidas, usamos agua de riego (no potable) con mecanismos eficientes, abonado mediante&#8230; <\/p>\n<div class=\"readmore-section\"><a class=\"readmore-btn\" href=\"https:\/\/sanjosedepuembo.com\/guestservice\/practicas-verdes\/\">Seguir leyendo <i class=\"fa fa-arrow-right\"><\/i><\/a><\/div>\n","protected":false},"author":1,"featured_media":0,"parent":0,"menu_order":0,"comment_status":"closed","ping_status":"closed","template":"","meta":{"nf_dc_page":"","footnotes":""},"class_list":["post-1582","page","type-page","status-publish","hentry"],"_links":{"self":[{"href":"https:\/\/sanjosedepuembo.com\/guestservice\/wp-json\/wp\/v2\/pages\/1582","targetHints":{"allow":["GET"]}}],"collection":[{"href":"https:\/\/sanjosedepuembo.com\/guestservice\/wp-json\/wp\/v2\/pages"}],"about":[{"href":"https:\/\/sanjosedepuembo.com\/guestservice\/wp-json\/wp\/v2\/types\/page"}],"author":[{"embeddable":true,"href":"https:\/\/sanjosedepuembo.com\/guestservice\/wp-json\/wp\/v2\/users\/1"}],"replies":[{"embeddable":true,"href":"https:\/\/sanjosedepuembo.com\/guestservice\/wp-json\/wp\/v2\/comments?post=1582"}],"version-history":[{"count":3,"href":"https:\/\/sanjosedepuembo.com\/guestservice\/wp-json\/wp\/v2\/pages\/1582\/revisions"}],"predecessor-version":[{"id":1586,"href":"https:\/\/sanjosedepuembo.com\/guestservice\/wp-json\/wp\/v2\/pages\/1582\/revisions\/1586"}],"wp:attachment":[{"href":"https:\/\/sanjosedepuembo.com\/guestservice\/wp-json\/wp\/v2\/media?parent=1582"}],"curies":[{"name":"wp","href":"https:\/\/api.w.org\/{rel}","templated":true}]}}