{"id":1563,"date":"2020-06-18T17:22:54","date_gmt":"2020-06-18T17:22:54","guid":{"rendered":"https:\/\/sanjosedepuembo.com\/guestservice\/?page_id=1563"},"modified":"2020-06-18T17:24:24","modified_gmt":"2020-06-18T17:24:24","slug":"ruidos-de-los-aviones-airplane-noise","status":"publish","type":"page","link":"https:\/\/sanjosedepuembo.com\/guestservice\/ruidos-de-los-aviones-airplane-noise\/","title":{"rendered":"Ruidos de los aviones \/ Airplane noise"},"content":{"rendered":"\t\t<div data-elementor-type=\"wp-page\" data-elementor-id=\"1563\" class=\"elementor elementor-1563\">\n\t\t\t\t\t\t<section class=\"elementor-section elementor-top-section elementor-element elementor-element-4fd99fd elementor-section-boxed elementor-section-height-default elementor-section-height-default\" data-id=\"4fd99fd\" data-element_type=\"section\" data-e-type=\"section\">\n\t\t\t\t\t\t<div class=\"elementor-container elementor-column-gap-default\">\n\t\t\t\t\t<div class=\"elementor-column elementor-col-50 elementor-top-column elementor-element elementor-element-8a9190c\" data-id=\"8a9190c\" data-element_type=\"column\" data-e-type=\"column\">\n\t\t\t<div class=\"elementor-widget-wrap elementor-element-populated\">\n\t\t\t\t\t\t<div class=\"elementor-element elementor-element-5a071e0 elementor-widget elementor-widget-text-editor\" data-id=\"5a071e0\" data-element_type=\"widget\" data-e-type=\"widget\" data-widget_type=\"text-editor.default\">\n\t\t\t\t<div class=\"elementor-widget-container\">\n\t\t\t\t\t\t\t\t\t<p>San Jos\u00e9 de Puembo abri\u00f3 al p\u00fablico hace aproximadamente 30 a\u00f1os, nunca nos imaginamos que los aviones pasar\u00edan sobre nuestras cabezas.<\/p><p>Para el confort de nuestros hu\u00e9spedes hemos insonorizado las habitaciones, los vidrios son de avanzada tecnolog\u00eda para reducir el ruido y existe un programa de arborizaci\u00f3n para disminuir las ondas sonoras.<\/p><p>Nuestro est\u00e1ndar de reducci\u00f3n de ruido busca el objetivo de no superar los 40 decibeles dentro de las habitaciones con la ventana cerrada. Por favor, para su confort cierre la ventana.<\/p><p>Si a pesar de nuestro esfuerzo el ruido de los aviones le es molestoso para conciliar su sue\u00f1o, hemos incluido en los \u2018amenities\u2019 tapones de o\u00eddos desechables.<\/p>\t\t\t\t\t\t\t\t<\/div>\n\t\t\t\t<\/div>\n\t\t\t\t\t<\/div>\n\t\t<\/div>\n\t\t\t\t<div class=\"elementor-column elementor-col-50 elementor-top-column elementor-element elementor-element-45eee93\" data-id=\"45eee93\" data-element_type=\"column\" data-e-type=\"column\">\n\t\t\t<div class=\"elementor-widget-wrap elementor-element-populated\">\n\t\t\t\t\t\t<div class=\"elementor-element elementor-element-32125f6 elementor-widget elementor-widget-text-editor\" data-id=\"32125f6\" data-element_type=\"widget\" data-e-type=\"widget\" data-widget_type=\"text-editor.default\">\n\t\t\t\t<div class=\"elementor-widget-container\">\n\t\t\t\t\t\t\t\t\t<p><em>San Jos\u00e9 de Puembo opens to the public some 30 years ago; we never imagine that airplanes will pass above our heads.<\/em><br \/><br \/><em>For our guests comfort we have soundproofed all of our rooms with glasses of advance noise reduction technology. We also have a tree planting program to reduce the noise waves.<\/em><\/p><p><em>Our noise standard aims at not exceeding 40 decibels inside the room; with the window closed. Please, for your comfort close the window.<\/em><\/p><p><em>If after all these efforts the noise of the airplanes is still a nuisance for you, we have included in the room amenities ear plugs.<\/em><\/p>\t\t\t\t\t\t\t\t<\/div>\n\t\t\t\t<\/div>\n\t\t\t\t\t<\/div>\n\t\t<\/div>\n\t\t\t\t\t<\/div>\n\t\t<\/section>\n\t\t\t\t<section class=\"elementor-section elementor-top-section elementor-element elementor-element-7fc5bdb elementor-section-boxed elementor-section-height-default elementor-section-height-default\" data-id=\"7fc5bdb\" data-element_type=\"section\" data-e-type=\"section\">\n\t\t\t\t\t\t<div class=\"elementor-container elementor-column-gap-default\">\n\t\t\t\t\t<div class=\"elementor-column elementor-col-100 elementor-top-column elementor-element elementor-element-b3ac4ed\" data-id=\"b3ac4ed\" data-element_type=\"column\" data-e-type=\"column\">\n\t\t\t<div class=\"elementor-widget-wrap elementor-element-populated\">\n\t\t\t\t\t\t<div class=\"elementor-element elementor-element-d43f10d elementor-widget elementor-widget-image\" data-id=\"d43f10d\" data-element_type=\"widget\" data-e-type=\"widget\" data-widget_type=\"image.default\">\n\t\t\t\t<div class=\"elementor-widget-container\">\n\t\t\t\t\t\t\t\t\t\t\t\t\t\t\t<img fetchpriority=\"high\" decoding=\"async\" width=\"600\" height=\"407\" src=\"https:\/\/sanjosedepuembo.com\/guestservice\/wp-content\/uploads\/2020\/06\/aviones-01-600x407.jpg\" class=\"attachment-woocommerce_single size-woocommerce_single wp-image-1566\" alt=\"\" srcset=\"https:\/\/sanjosedepuembo.com\/guestservice\/wp-content\/uploads\/2020\/06\/aviones-01-600x407.jpg 600w, https:\/\/sanjosedepuembo.com\/guestservice\/wp-content\/uploads\/2020\/06\/aviones-01-300x204.jpg 300w, https:\/\/sanjosedepuembo.com\/guestservice\/wp-content\/uploads\/2020\/06\/aviones-01-1024x695.jpg 1024w, https:\/\/sanjosedepuembo.com\/guestservice\/wp-content\/uploads\/2020\/06\/aviones-01-768x521.jpg 768w, https:\/\/sanjosedepuembo.com\/guestservice\/wp-content\/uploads\/2020\/06\/aviones-01.jpg 1240w\" sizes=\"(max-width: 600px) 100vw, 600px\" \/>\t\t\t\t\t\t\t\t\t\t\t\t\t\t\t<\/div>\n\t\t\t\t<\/div>\n\t\t\t\t\t<\/div>\n\t\t<\/div>\n\t\t\t\t\t<\/div>\n\t\t<\/section>\n\t\t\t\t<\/div>\n\t\t","protected":false},"excerpt":{"rendered":"<p>San Jos\u00e9 de Puembo abri\u00f3 al p\u00fablico hace aproximadamente 30 a\u00f1os, nunca nos imaginamos que los aviones pasar\u00edan sobre nuestras cabezas. Para el confort de nuestros hu\u00e9spedes hemos insonorizado las habitaciones, los vidrios son de avanzada tecnolog\u00eda para reducir el&#8230; <\/p>\n<div class=\"readmore-section\"><a class=\"readmore-btn\" href=\"https:\/\/sanjosedepuembo.com\/guestservice\/ruidos-de-los-aviones-airplane-noise\/\">Seguir leyendo <i class=\"fa fa-arrow-right\"><\/i><\/a><\/div>\n","protected":false},"author":1,"featured_media":0,"parent":0,"menu_order":0,"comment_status":"closed","ping_status":"closed","template":"","meta":{"nf_dc_page":"","footnotes":""},"class_list":["post-1563","page","type-page","status-publish","hentry"],"_links":{"self":[{"href":"https:\/\/sanjosedepuembo.com\/guestservice\/wp-json\/wp\/v2\/pages\/1563","targetHints":{"allow":["GET"]}}],"collection":[{"href":"https:\/\/sanjosedepuembo.com\/guestservice\/wp-json\/wp\/v2\/pages"}],"about":[{"href":"https:\/\/sanjosedepuembo.com\/guestservice\/wp-json\/wp\/v2\/types\/page"}],"author":[{"embeddable":true,"href":"https:\/\/sanjosedepuembo.com\/guestservice\/wp-json\/wp\/v2\/users\/1"}],"replies":[{"embeddable":true,"href":"https:\/\/sanjosedepuembo.com\/guestservice\/wp-json\/wp\/v2\/comments?post=1563"}],"version-history":[{"count":3,"href":"https:\/\/sanjosedepuembo.com\/guestservice\/wp-json\/wp\/v2\/pages\/1563\/revisions"}],"predecessor-version":[{"id":1568,"href":"https:\/\/sanjosedepuembo.com\/guestservice\/wp-json\/wp\/v2\/pages\/1563\/revisions\/1568"}],"wp:attachment":[{"href":"https:\/\/sanjosedepuembo.com\/guestservice\/wp-json\/wp\/v2\/media?parent=1563"}],"curies":[{"name":"wp","href":"https:\/\/api.w.org\/{rel}","templated":true}]}}