{"id":1550,"date":"2020-06-18T16:45:58","date_gmt":"2020-06-18T16:45:58","guid":{"rendered":"https:\/\/sanjosedepuembo.com\/guestservice\/?page_id=1550"},"modified":"2020-06-18T17:14:09","modified_gmt":"2020-06-18T17:14:09","slug":"visitas-alrededor-de-puembo-visit-around-puembo","status":"publish","type":"page","link":"https:\/\/sanjosedepuembo.com\/guestservice\/visitas-alrededor-de-puembo-visit-around-puembo\/","title":{"rendered":"Visitas alrededor de Puembo \/  Visit around Puembo"},"content":{"rendered":"\t\t<div data-elementor-type=\"wp-page\" data-elementor-id=\"1550\" class=\"elementor elementor-1550\">\n\t\t\t\t\t\t<section class=\"elementor-section elementor-top-section elementor-element elementor-element-4fd99fd elementor-section-boxed elementor-section-height-default elementor-section-height-default\" data-id=\"4fd99fd\" data-element_type=\"section\" data-e-type=\"section\">\n\t\t\t\t\t\t<div class=\"elementor-container elementor-column-gap-default\">\n\t\t\t\t\t<div class=\"elementor-column elementor-col-50 elementor-top-column elementor-element elementor-element-8a9190c\" data-id=\"8a9190c\" data-element_type=\"column\" data-e-type=\"column\">\n\t\t\t<div class=\"elementor-widget-wrap elementor-element-populated\">\n\t\t\t\t\t\t<div class=\"elementor-element elementor-element-5a071e0 elementor-widget elementor-widget-text-editor\" data-id=\"5a071e0\" data-element_type=\"widget\" data-e-type=\"widget\" data-widget_type=\"text-editor.default\">\n\t\t\t\t<div class=\"elementor-widget-container\">\n\t\t\t\t\t\t\t\t\t<p>Este camino en desuso es uno de los m\u00e1s maravillosos lugares para pasar el d\u00eda en Puembo. La ciudad hizo un gran trabajo al preservar este camino para el p\u00fablico y de uso libre. Usted puede ir en bicicleta, caminando o corriendo. En el hotel le ofrecemos alquiler de bicicletas para su diversi\u00f3n.<\/p><p>\u00a0<\/p><p>El camino est\u00e1 bien se\u00f1alizado y marcado para cualquier transe\u00fante. Muchos ciclistas bajan en direcci\u00f3n Papallacta, otras personas caminan relajadamente apreciando la tranquilidad del valle dibujado por el r\u00edo Chiche y otras caracter\u00edsticas del campo.<\/p><p>\u00a0<\/p><p>La vida silvestre es f\u00e1cil de ver, en particular a trav\u00e9s de la maleza, los \u00e1rboles de acacia y las plantas de agave altas como puestos de vig\u00eda.<\/p><p>\u00a0<\/p><p>Desde Cumbay\u00e1 a Puembo son aproximadamente 20 km con variedad de maravillosas vistas, t\u00faneles y ocasionalmente alg\u00fan bar o cafeter\u00eda. Por supuesto pasar al menos un d\u00eda en Quito es obligatorio, pero algo de ejercicio despu\u00e9s de un largo vuelo de larga distancia, o un paseo caminando o en bicicleta es un ant\u00eddoto perfecto para el cansancio.<\/p>\t\t\t\t\t\t\t\t<\/div>\n\t\t\t\t<\/div>\n\t\t\t\t\t<\/div>\n\t\t<\/div>\n\t\t\t\t<div class=\"elementor-column elementor-col-50 elementor-top-column elementor-element elementor-element-45eee93\" data-id=\"45eee93\" data-element_type=\"column\" data-e-type=\"column\">\n\t\t\t<div class=\"elementor-widget-wrap elementor-element-populated\">\n\t\t\t\t\t\t<div class=\"elementor-element elementor-element-32125f6 elementor-widget elementor-widget-text-editor\" data-id=\"32125f6\" data-element_type=\"widget\" data-e-type=\"widget\" data-widget_type=\"text-editor.default\">\n\t\t\t\t<div class=\"elementor-widget-container\">\n\t\t\t\t\t\t\t\t\t<p><em>This disused railroad track is the most marvelous place to spend a day in Puembo. The city has done well to preserve this path for the public to use freely. You can go by bicycle, walking or running. In the hotel we offer bicycles for your enjoyment.<\/em><\/p><p>\u00a0<\/p><p><em>The path is well marked and well used, many cyclists enjoying a downhill ride from the direction of Papallacta, or walkers ambling more slowly appreciating the tranquility of the Chiche river valley and other countryside features.<\/em><\/p><p>\u00a0<\/p><p><em>Wildlife does well here with birds in particular inhabiting the scrub, the acacia trees or using the tall stems of the agave plants as look-out posts.<\/em><\/p><p>\u00a0<\/p><p><em>From Cumbay\u00e1 to Puembo is approximately 20km with so much variety in between: great views, intriguing tunnels and the occasional bar or caf\u00e9. Of course a day in Quito is a must, but for some fine exercise after a long distance flight, a walk or cycle ride here is the perfect antidote.<\/em><\/p>\t\t\t\t\t\t\t\t<\/div>\n\t\t\t\t<\/div>\n\t\t\t\t\t<\/div>\n\t\t<\/div>\n\t\t\t\t\t<\/div>\n\t\t<\/section>\n\t\t\t\t<section class=\"elementor-section elementor-top-section elementor-element elementor-element-7fc5bdb elementor-section-boxed elementor-section-height-default elementor-section-height-default\" data-id=\"7fc5bdb\" data-element_type=\"section\" data-e-type=\"section\">\n\t\t\t\t\t\t<div class=\"elementor-container elementor-column-gap-default\">\n\t\t\t\t\t<div class=\"elementor-column elementor-col-100 elementor-top-column elementor-element elementor-element-b3ac4ed\" data-id=\"b3ac4ed\" data-element_type=\"column\" data-e-type=\"column\">\n\t\t\t<div class=\"elementor-widget-wrap elementor-element-populated\">\n\t\t\t\t\t\t<div class=\"elementor-element elementor-element-d43f10d elementor-widget elementor-widget-image\" data-id=\"d43f10d\" data-element_type=\"widget\" data-e-type=\"widget\" data-widget_type=\"image.default\">\n\t\t\t\t<div class=\"elementor-widget-container\">\n\t\t\t\t\t\t\t\t\t\t\t\t\t\t\t<img fetchpriority=\"high\" decoding=\"async\" width=\"600\" height=\"400\" src=\"https:\/\/sanjosedepuembo.com\/guestservice\/wp-content\/uploads\/2020\/06\/mapa-ruta-chaquinan.jpg\" class=\"attachment-woocommerce_single size-woocommerce_single wp-image-1557\" alt=\"\" srcset=\"https:\/\/sanjosedepuembo.com\/guestservice\/wp-content\/uploads\/2020\/06\/mapa-ruta-chaquinan.jpg 600w, https:\/\/sanjosedepuembo.com\/guestservice\/wp-content\/uploads\/2020\/06\/mapa-ruta-chaquinan-300x200.jpg 300w\" sizes=\"(max-width: 600px) 100vw, 600px\" \/>\t\t\t\t\t\t\t\t\t\t\t\t\t\t\t<\/div>\n\t\t\t\t<\/div>\n\t\t\t\t<div class=\"elementor-element elementor-element-a2d9b98 elementor-widget-divider--view-line elementor-widget elementor-widget-divider\" data-id=\"a2d9b98\" data-element_type=\"widget\" data-e-type=\"widget\" data-widget_type=\"divider.default\">\n\t\t\t\t<div class=\"elementor-widget-container\">\n\t\t\t\t\t\t\t<div class=\"elementor-divider\">\n\t\t\t<span class=\"elementor-divider-separator\">\n\t\t\t\t\t\t<\/span>\n\t\t<\/div>\n\t\t\t\t\t\t<\/div>\n\t\t\t\t<\/div>\n\t\t\t\t<div class=\"elementor-element elementor-element-5d03074 elementor-widget elementor-widget-heading\" data-id=\"5d03074\" data-element_type=\"widget\" data-e-type=\"widget\" data-widget_type=\"heading.default\">\n\t\t\t\t<div class=\"elementor-widget-container\">\n\t\t\t\t\t<h2 class=\"elementor-heading-title elementor-size-large\">Visitas alrededor de Puembo \/  Visit around Puembo<\/h2>\t\t\t\t<\/div>\n\t\t\t\t<\/div>\n\t\t\t\t\t<\/div>\n\t\t<\/div>\n\t\t\t\t\t<\/div>\n\t\t<\/section>\n\t\t\t\t<section class=\"elementor-section elementor-top-section elementor-element elementor-element-b28404c elementor-section-boxed elementor-section-height-default elementor-section-height-default\" data-id=\"b28404c\" data-element_type=\"section\" data-e-type=\"section\">\n\t\t\t\t\t\t<div class=\"elementor-container elementor-column-gap-default\">\n\t\t\t\t\t<div class=\"elementor-column elementor-col-50 elementor-top-column elementor-element elementor-element-2ee7ea2\" data-id=\"2ee7ea2\" data-element_type=\"column\" data-e-type=\"column\">\n\t\t\t<div class=\"elementor-widget-wrap elementor-element-populated\">\n\t\t\t\t\t\t<div class=\"elementor-element elementor-element-1f0fcfc elementor-widget elementor-widget-text-editor\" data-id=\"1f0fcfc\" data-element_type=\"widget\" data-e-type=\"widget\" data-widget_type=\"text-editor.default\">\n\t\t\t\t<div class=\"elementor-widget-container\">\n\t\t\t\t\t\t\t\t\t<p>A continuaci\u00f3n le presentamos algunas actividades en la vecindad de Puembo, todas f\u00e1ciles de llegar en Taxi.<\/p><p><strong>El Molino de Guambi<\/strong>.- es un atractivo natural por su diversidad en especies florales. All\u00ed encontraremos un molino antiguo y junto a \u00e9ste hay un parque recreacional.<\/p><p><strong>Plaza del Parque de Puembo<\/strong>.- Una de las plazas m\u00e1s bonitas de los pueblos de la serran\u00eda ecuatoriana. <\/p><p><strong>La Iglesia parroquial construida en 1608<\/strong>. Este templo se destruy\u00f3 en el terremoto de Ibarra, siendo reconstruido por Garc\u00eda Moreno en 1868.\u00a0 Dentro de la iglesia, el altar mayor es barroco. La gran nave, de m\u00e1s de 60 metros de largo, est\u00e1 decorada con crucifijos y santos. Se conservan la pila bautismal, obras de la Escuela Quite\u00f1a y los nichos en los cuales se encuentran las im\u00e1genes como el Sagrado Coraz\u00f3n de Jes\u00fas y la Virgen de El Quinche. Los visitantes tambi\u00e9n pueden encontrar un peque\u00f1o museo con obras valiosas de los siglos XVII y XVIII, como pueden ser: el libro de 1730, de registros parroquiales, candelabros de plata, casullas y una custodia. Todo el piso es original, del a\u00f1o 1608.<\/p>\t\t\t\t\t\t\t\t<\/div>\n\t\t\t\t<\/div>\n\t\t\t\t\t<\/div>\n\t\t<\/div>\n\t\t\t\t<div class=\"elementor-column elementor-col-50 elementor-top-column elementor-element elementor-element-f2a8cf0\" data-id=\"f2a8cf0\" data-element_type=\"column\" data-e-type=\"column\">\n\t\t\t<div class=\"elementor-widget-wrap elementor-element-populated\">\n\t\t\t\t\t\t<div class=\"elementor-element elementor-element-06ffd37 elementor-widget elementor-widget-text-editor\" data-id=\"06ffd37\" data-element_type=\"widget\" data-e-type=\"widget\" data-widget_type=\"text-editor.default\">\n\t\t\t\t<div class=\"elementor-widget-container\">\n\t\t\t\t\t\t\t\t\t<p><em>Here are some of activities in the territory of Puembo, all of them are easy to get by taxi.<\/em><\/p><p><em><strong>Molino de Guambi<\/strong>.- It is a natural attraction for its diversity in floral species. There we can find an old mill and next to it, there is a recreational park.<\/em><\/p><p><em><strong>Plaza del Parque de Puembo<\/strong>.- One of the most beautiful squares in the towns of the Ecuadorian highlands. <\/em><br \/><em><strong>The church was built in 1608<\/strong>. Was destroyed in the same earthquake that destroyed the city if Ibarra, was rebuilt by the president Garc\u00eda Moreno in 1868<\/em><br \/><em>Inside of the church, the main altar is of baroque style. The main structure with more of 60m long is decorated with crucifixes and saints. We can find the baptismal font, artworks of the \u201cEscuela Quite\u00f1a\u201d and niches in which the images of the Sagrado Coraz\u00f3n de Jes\u00fas and la Virgen del Quinche.<\/em><br \/><em>Visitors can also find a small museum with valuable works of the XVII and XVIII centuries, such as an old book from 1730, the parish records, silver candelabrums, chasubles and an ostensory. The entire floor is original, from the year 1608.<\/em><\/p>\t\t\t\t\t\t\t\t<\/div>\n\t\t\t\t<\/div>\n\t\t\t\t\t<\/div>\n\t\t<\/div>\n\t\t\t\t\t<\/div>\n\t\t<\/section>\n\t\t\t\t<section class=\"elementor-section elementor-top-section elementor-element elementor-element-5034131 elementor-section-boxed elementor-section-height-default elementor-section-height-default\" data-id=\"5034131\" data-element_type=\"section\" data-e-type=\"section\">\n\t\t\t\t\t\t<div class=\"elementor-container elementor-column-gap-default\">\n\t\t\t\t\t<div class=\"elementor-column elementor-col-100 elementor-top-column elementor-element elementor-element-9f21d33\" data-id=\"9f21d33\" data-element_type=\"column\" data-e-type=\"column\">\n\t\t\t<div class=\"elementor-widget-wrap elementor-element-populated\">\n\t\t\t\t\t\t<div class=\"elementor-element elementor-element-bea1af8 elementor-widget elementor-widget-image\" data-id=\"bea1af8\" data-element_type=\"widget\" data-e-type=\"widget\" data-widget_type=\"image.default\">\n\t\t\t\t<div class=\"elementor-widget-container\">\n\t\t\t\t\t\t\t\t\t\t\t\t\t\t\t<img decoding=\"async\" width=\"600\" height=\"450\" src=\"https:\/\/sanjosedepuembo.com\/guestservice\/wp-content\/uploads\/2020\/06\/11207734-600x450.jpg\" class=\"attachment-woocommerce_single size-woocommerce_single wp-image-1558\" alt=\"\" srcset=\"https:\/\/sanjosedepuembo.com\/guestservice\/wp-content\/uploads\/2020\/06\/11207734-600x450.jpg 600w, https:\/\/sanjosedepuembo.com\/guestservice\/wp-content\/uploads\/2020\/06\/11207734-300x225.jpg 300w, https:\/\/sanjosedepuembo.com\/guestservice\/wp-content\/uploads\/2020\/06\/11207734-768x576.jpg 768w, https:\/\/sanjosedepuembo.com\/guestservice\/wp-content\/uploads\/2020\/06\/11207734.jpg 1024w\" sizes=\"(max-width: 600px) 100vw, 600px\" \/>\t\t\t\t\t\t\t\t\t\t\t\t\t\t\t<\/div>\n\t\t\t\t<\/div>\n\t\t\t\t\t<\/div>\n\t\t<\/div>\n\t\t\t\t\t<\/div>\n\t\t<\/section>\n\t\t\t\t<\/div>\n\t\t","protected":false},"excerpt":{"rendered":"<p>Este camino en desuso es uno de los m\u00e1s maravillosos lugares para pasar el d\u00eda en Puembo. La ciudad hizo un gran trabajo al preservar este camino para el p\u00fablico y de uso libre. Usted puede ir en bicicleta, caminando&#8230; <\/p>\n<div class=\"readmore-section\"><a class=\"readmore-btn\" href=\"https:\/\/sanjosedepuembo.com\/guestservice\/visitas-alrededor-de-puembo-visit-around-puembo\/\">Seguir leyendo <i class=\"fa fa-arrow-right\"><\/i><\/a><\/div>\n","protected":false},"author":1,"featured_media":0,"parent":0,"menu_order":0,"comment_status":"closed","ping_status":"closed","template":"","meta":{"nf_dc_page":"","footnotes":""},"class_list":["post-1550","page","type-page","status-publish","hentry"],"_links":{"self":[{"href":"https:\/\/sanjosedepuembo.com\/guestservice\/wp-json\/wp\/v2\/pages\/1550","targetHints":{"allow":["GET"]}}],"collection":[{"href":"https:\/\/sanjosedepuembo.com\/guestservice\/wp-json\/wp\/v2\/pages"}],"about":[{"href":"https:\/\/sanjosedepuembo.com\/guestservice\/wp-json\/wp\/v2\/types\/page"}],"author":[{"embeddable":true,"href":"https:\/\/sanjosedepuembo.com\/guestservice\/wp-json\/wp\/v2\/users\/1"}],"replies":[{"embeddable":true,"href":"https:\/\/sanjosedepuembo.com\/guestservice\/wp-json\/wp\/v2\/comments?post=1550"}],"version-history":[{"count":5,"href":"https:\/\/sanjosedepuembo.com\/guestservice\/wp-json\/wp\/v2\/pages\/1550\/revisions"}],"predecessor-version":[{"id":1562,"href":"https:\/\/sanjosedepuembo.com\/guestservice\/wp-json\/wp\/v2\/pages\/1550\/revisions\/1562"}],"wp:attachment":[{"href":"https:\/\/sanjosedepuembo.com\/guestservice\/wp-json\/wp\/v2\/media?parent=1550"}],"curies":[{"name":"wp","href":"https:\/\/api.w.org\/{rel}","templated":true}]}}