{"id":1543,"date":"2020-06-18T16:31:25","date_gmt":"2020-06-18T16:31:25","guid":{"rendered":"https:\/\/sanjosedepuembo.com\/guestservice\/?page_id=1543"},"modified":"2020-06-22T17:31:56","modified_gmt":"2020-06-22T17:31:56","slug":"telefonos","status":"publish","type":"page","link":"https:\/\/sanjosedepuembo.com\/guestservice\/telefonos\/","title":{"rendered":"Tel\u00e9fono y tarifas \/ Telephone and fees"},"content":{"rendered":"\t\t<div data-elementor-type=\"wp-page\" data-elementor-id=\"1543\" class=\"elementor elementor-1543\">\n\t\t\t\t\t\t<section class=\"elementor-section elementor-top-section elementor-element elementor-element-38e453f elementor-section-boxed elementor-section-height-default elementor-section-height-default\" data-id=\"38e453f\" data-element_type=\"section\" data-e-type=\"section\">\n\t\t\t\t\t\t<div class=\"elementor-container elementor-column-gap-default\">\n\t\t\t\t\t<div class=\"elementor-column elementor-col-100 elementor-top-column elementor-element elementor-element-9dd45ad\" data-id=\"9dd45ad\" data-element_type=\"column\" data-e-type=\"column\">\n\t\t\t<div class=\"elementor-widget-wrap elementor-element-populated\">\n\t\t\t\t\t\t<div class=\"elementor-element elementor-element-67a1cde elementor-widget elementor-widget-text-editor\" data-id=\"67a1cde\" data-element_type=\"widget\" data-e-type=\"widget\" data-widget_type=\"text-editor.default\">\n\t\t\t\t<div class=\"elementor-widget-container\">\n\t\t\t\t\t\t\t\t\t<p><strong>Para comunicarse con recepci\u00f3n marque 400<\/strong><br \/><span style=\"color: #ff0000;\"><em>Para buz\u00f3n de mensajes (luz roja parpadea):<\/em><\/span> Presione el bot\u00f3n mensaje.<br \/><em><span style=\"color: #ff0000;\">Para llamar a otra Habitaci\u00f3n:<\/span><\/em> Marcar el n\u00famero de habitaci\u00f3n.<br \/><em><span style=\"color: #ff0000;\">Para llamadas Locales:<\/span><\/em> Marcar 0 + n\u00famero.<br \/><span style=\"color: #ff0000;\"><em>Para llamadas Internacionales:<\/em><\/span> 0 + 00 + C\u00f3digo Pa\u00eds + C\u00f3digo \u00c1rea + N\u00famero. <\/p><p><strong>Llamando al Hotel<\/strong> <br \/><span style=\"color: #ff0000;\"><em>Desde la provincial de Pichincha marcar:<\/em><\/span> Marque 239-0264. <br \/><em><span style=\"color: #ff0000;\">Desde otra provincial en Ecuador marcar:<\/span> <\/em>Marque 02-239-0264.<br \/><span style=\"color: #ff0000;\"><em>Desde fuera de Ecuador:<\/em><\/span> Marque (+593) 2-239-0264.<\/p><p>_____________________________________________________________________________<\/p><p><strong>To contact front desk dial 400<\/strong><br \/><span style=\"color: #ff0000;\"><em>Message retrieving (red light blinking):<\/em><\/span> Press the message button.<br \/><span style=\"color: #ff0000;\"><em>To call another guest rooms:<\/em><\/span> Dial the guest\u2019s room number.<br \/><em><span style=\"color: #ff0000;\">For Local Calls:<\/span> <\/em>Dial 0 + number.<br \/><em><span style=\"color: #ff0000;\">For International Calls:<\/span><\/em> 0 + 00 + Country Code + Area Code + Number.<\/p><p><strong>Calling to the hotel<\/strong> <br \/><em><span style=\"color: #ff0000;\">From within Pichincha province:<\/span> <\/em>Dial 239-0264. <br \/><span style=\"color: #ff0000;\"><em>From another province of Ecuador:<\/em><\/span> Dial 02-239-0264.<br \/><span style=\"color: #ff0000;\"><em>From outside Ecuador:<\/em> <\/span>Dial (+593) 2-239-0264.<\/p>\t\t\t\t\t\t\t\t<\/div>\n\t\t\t\t<\/div>\n\t\t\t\t\t<\/div>\n\t\t<\/div>\n\t\t\t\t\t<\/div>\n\t\t<\/section>\n\t\t\t\t<section class=\"elementor-section elementor-top-section elementor-element elementor-element-89f118c elementor-section-boxed elementor-section-height-default elementor-section-height-default\" data-id=\"89f118c\" data-element_type=\"section\" data-e-type=\"section\">\n\t\t\t\t\t\t<div class=\"elementor-container elementor-column-gap-default\">\n\t\t\t\t\t<div class=\"elementor-column elementor-col-100 elementor-top-column elementor-element elementor-element-94bd7a8\" data-id=\"94bd7a8\" data-element_type=\"column\" data-e-type=\"column\">\n\t\t\t<div class=\"elementor-widget-wrap elementor-element-populated\">\n\t\t\t\t\t\t<div class=\"elementor-element elementor-element-ab55ee5 elementor-widget elementor-widget-image\" data-id=\"ab55ee5\" data-element_type=\"widget\" data-e-type=\"widget\" data-widget_type=\"image.default\">\n\t\t\t\t<div class=\"elementor-widget-container\">\n\t\t\t\t\t\t\t\t\t\t\t\t\t\t\t<img decoding=\"async\" src=\"https:\/\/sanjosedepuembo.com\/guestservice\/wp-content\/uploads\/2020\/06\/telefonos.jpg\" title=\"telefonos\" alt=\"telefonos\" loading=\"lazy\" \/>\t\t\t\t\t\t\t\t\t\t\t\t\t\t\t<\/div>\n\t\t\t\t<\/div>\n\t\t\t\t\t<\/div>\n\t\t<\/div>\n\t\t\t\t\t<\/div>\n\t\t<\/section>\n\t\t\t\t<\/div>\n\t\t","protected":false},"excerpt":{"rendered":"<p>Para comunicarse con recepci\u00f3n marque 400 Para buz\u00f3n de mensajes (luz roja parpadea): Presione el bot\u00f3n mensaje. Para llamar a otra Habitaci\u00f3n: Marcar el n\u00famero de habitaci\u00f3n. Para llamadas Locales: Marcar 0 + n\u00famero. Para llamadas Internacionales: 0 + 00&#8230; <\/p>\n<div class=\"readmore-section\"><a class=\"readmore-btn\" href=\"https:\/\/sanjosedepuembo.com\/guestservice\/telefonos\/\">Seguir leyendo <i class=\"fa fa-arrow-right\"><\/i><\/a><\/div>\n","protected":false},"author":1,"featured_media":0,"parent":0,"menu_order":0,"comment_status":"closed","ping_status":"closed","template":"","meta":{"nf_dc_page":"","footnotes":""},"class_list":["post-1543","page","type-page","status-publish","hentry"],"_links":{"self":[{"href":"https:\/\/sanjosedepuembo.com\/guestservice\/wp-json\/wp\/v2\/pages\/1543","targetHints":{"allow":["GET"]}}],"collection":[{"href":"https:\/\/sanjosedepuembo.com\/guestservice\/wp-json\/wp\/v2\/pages"}],"about":[{"href":"https:\/\/sanjosedepuembo.com\/guestservice\/wp-json\/wp\/v2\/types\/page"}],"author":[{"embeddable":true,"href":"https:\/\/sanjosedepuembo.com\/guestservice\/wp-json\/wp\/v2\/users\/1"}],"replies":[{"embeddable":true,"href":"https:\/\/sanjosedepuembo.com\/guestservice\/wp-json\/wp\/v2\/comments?post=1543"}],"version-history":[{"count":4,"href":"https:\/\/sanjosedepuembo.com\/guestservice\/wp-json\/wp\/v2\/pages\/1543\/revisions"}],"predecessor-version":[{"id":1549,"href":"https:\/\/sanjosedepuembo.com\/guestservice\/wp-json\/wp\/v2\/pages\/1543\/revisions\/1549"}],"wp:attachment":[{"href":"https:\/\/sanjosedepuembo.com\/guestservice\/wp-json\/wp\/v2\/media?parent=1543"}],"curies":[{"name":"wp","href":"https:\/\/api.w.org\/{rel}","templated":true}]}}